{"id":2789,"date":"2025-12-18T09:27:27","date_gmt":"2025-12-18T09:27:27","guid":{"rendered":"https:\/\/etriniche.com\/?post_type=product&#038;p=2789"},"modified":"2025-12-18T09:30:07","modified_gmt":"2025-12-18T09:30:07","slug":"maison-alhambra-decadent-dream-uniseks-parfum-2","status":"publish","type":"product","link":"https:\/\/etriniche.com\/en\/magaza\/maison-alhambra-decadent-dream-uniseks-parfum-2\/","title":{"rendered":"Maison Alhambra Decadent Dream Uniseks Parfum"},"content":{"rendered":"<h2 data-start=\"519\" data-end=\"595\"><strong data-start=\"524\" data-end=\"595\">Maison Alhambra Decadent Dream \u2013 Hayal Gibi L\u00fcks Bir Koku Yolculu\u011fu<\/strong><\/h2>\n<p data-start=\"597\" data-end=\"859\">Maison Alhambra&#8217;n\u0131n se\u00e7kin koleksiyonlar\u0131ndan biri olan <strong data-start=\"653\" data-end=\"671\">Decadent Dream<\/strong>, adeta bir parf\u00fcmle r\u00fcya g\u00f6rme deneyimi sunar. Tatl\u0131 ve meyvemsi armutla a\u00e7\u0131lan bu kompozisyon, \u00e7i\u00e7eklerin zarafetini ve s\u0131cak baharatlar\u0131n b\u00fcy\u00fcs\u00fcn\u00fc modern bir unisex imzaya d\u00f6n\u00fc\u015ft\u00fcr\u00fcyor.<\/p>\n<hr data-start=\"861\" data-end=\"864\" \/>\n<h3 data-start=\"866\" data-end=\"919\">\ud83c\udf50 <strong data-start=\"873\" data-end=\"917\">\u00dcst Notalar: Meyvemsi ve Sofistike Giri\u015f<\/strong><\/h3>\n<ul data-start=\"920\" data-end=\"976\">\n<li data-start=\"920\" data-end=\"929\">\n<p data-start=\"922\" data-end=\"929\">Armut<\/p>\n<\/li>\n<li data-start=\"930\" data-end=\"940\">\n<p data-start=\"932\" data-end=\"940\">F\u0131nd\u0131k<\/p>\n<\/li>\n<li data-start=\"941\" data-end=\"976\">\n<p data-start=\"943\" data-end=\"976\">Olibanum (Sak\u0131z A\u011fac\u0131 Re\u00e7inesi)<\/p>\n<\/li>\n<\/ul>\n<p data-start=\"978\" data-end=\"1132\">A\u00e7\u0131l\u0131\u015fta tatl\u0131 ve meyvemsi bir koku sizi kar\u015f\u0131l\u0131yor. Armutun taze enerjisi, f\u0131nd\u0131\u011f\u0131n gurme dokunu\u015fu ve olibanumun dumanl\u0131 havas\u0131yla zarif bir denge kurar.<\/p>\n<hr data-start=\"1134\" data-end=\"1137\" \/>\n<h3 data-start=\"1139\" data-end=\"1185\">\ud83c\udf38 <strong data-start=\"1146\" data-end=\"1183\">Orta Notalar: \u00c7i\u00e7eklerin Cazibesi<\/strong><\/h3>\n<ul data-start=\"1186\" data-end=\"1237\">\n<li data-start=\"1186\" data-end=\"1199\">\n<p data-start=\"1188\" data-end=\"1199\">Osmanthus<\/p>\n<\/li>\n<li data-start=\"1200\" data-end=\"1218\">\n<p data-start=\"1202\" data-end=\"1218\">Yasemin Sambac<\/p>\n<\/li>\n<li data-start=\"1219\" data-end=\"1226\">\n<p data-start=\"1221\" data-end=\"1226\">G\u00fcl<\/p>\n<\/li>\n<li data-start=\"1227\" data-end=\"1237\">\n<p data-start=\"1229\" data-end=\"1237\">Safran<\/p>\n<\/li>\n<\/ul>\n<p data-start=\"1239\" data-end=\"1416\">Bu b\u00f6l\u00fcmde \u00e7i\u00e7eklerin b\u00fcy\u00fcs\u00fc devreye giriyor. Yasemin sambac ve g\u00fcl, kokunun romantik taraf\u0131n\u0131 yans\u0131t\u0131yor. Osmanthus ve safran ise onu egzotik ve ba\u015ftan \u00e7\u0131kar\u0131c\u0131 hale getiriyor.<\/p>\n<hr data-start=\"1418\" data-end=\"1421\" \/>\n<h3 data-start=\"1423\" data-end=\"1471\">\ud83c\udf3f <strong data-start=\"1430\" data-end=\"1469\">Temel Notalar: S\u0131cakl\u0131k ve Derinlik<\/strong><\/h3>\n<ul data-start=\"1472\" data-end=\"1527\">\n<li data-start=\"1472\" data-end=\"1488\">\n<p data-start=\"1474\" data-end=\"1488\">Sandal A\u011fac\u0131<\/p>\n<\/li>\n<li data-start=\"1489\" data-end=\"1500\">\n<p data-start=\"1491\" data-end=\"1500\">Vanilya<\/p>\n<\/li>\n<li data-start=\"1501\" data-end=\"1513\">\n<p data-start=\"1503\" data-end=\"1513\">Labdanum<\/p>\n<\/li>\n<li data-start=\"1514\" data-end=\"1527\">\n<p data-start=\"1516\" data-end=\"1527\">Ambergris<\/p>\n<\/li>\n<\/ul>\n<p data-start=\"1529\" data-end=\"1667\">Son dokunu\u015flarda sandal a\u011fac\u0131 ve labdanum parf\u00fcme derinlik katarken, ambergris ve vanilya sizi g\u00fcn boyu kal\u0131c\u0131, s\u0131cak bir zarafetle sarar.<\/p>\n<hr data-start=\"1669\" data-end=\"1672\" \/>\n<h3 data-start=\"1674\" data-end=\"1705\">\ud83d\udc65 <strong data-start=\"1681\" data-end=\"1703\">Kimler \u0130\u00e7in Uygun?<\/strong><\/h3>\n<ul data-start=\"1706\" data-end=\"1889\">\n<li data-start=\"1706\" data-end=\"1759\">\n<p data-start=\"1708\" data-end=\"1759\">L\u00fcks ve gurme notalar\u0131 seven kad\u0131nlar ve erkekler<\/p>\n<\/li>\n<li data-start=\"1760\" data-end=\"1824\">\n<p data-start=\"1762\" data-end=\"1824\">\u00c7i\u00e7eksi ve odunsu yap\u0131da dengeli bir unisex parf\u00fcm arayanlar<\/p>\n<\/li>\n<li data-start=\"1825\" data-end=\"1889\">\n<p data-start=\"1827\" data-end=\"1889\">K\u0131\u015f ve sonbahar aylar\u0131nda sofistike bir iz b\u0131rakmak isteyenler<\/p>\n<\/li>\n<\/ul>\n<hr data-start=\"1891\" data-end=\"1894\" \/>\n<h3 data-start=\"1896\" data-end=\"1934\">\ud83d\udc8e <strong data-start=\"1903\" data-end=\"1932\">Neden Tercih Etmelisiniz?<\/strong><\/h3>\n<ul data-start=\"1935\" data-end=\"2094\">\n<li data-start=\"1935\" data-end=\"2017\">\n<p data-start=\"1937\" data-end=\"2017\">\u00dcst segment designer kokulara benzeyen yap\u0131s\u0131yla y\u00fcksek fiyat-performans oran\u0131<\/p>\n<\/li>\n<li data-start=\"2018\" data-end=\"2061\">\n<p data-start=\"2020\" data-end=\"2061\">Zarif ve tatl\u0131 ama baymayan gurme denge<\/p>\n<\/li>\n<li data-start=\"2062\" data-end=\"2094\">\n<p data-start=\"2064\" data-end=\"2094\">Kal\u0131c\u0131 ve fark edilir bir imza<\/p>\n<\/li>\n<\/ul>","protected":false},"excerpt":{"rendered":"<p data-start=\"581\" data-end=\"869\">Maison Alhambra Decadent Dream, armut, yasemin sambac ve ambergris notalar\u0131n\u0131n \u00e7arp\u0131c\u0131 uyumuyla tasarlanm\u0131\u015f gurme ve zarif bir unisex parf\u00fcmd\u00fcr. L\u00fcks ve ba\u015ftan \u00e7\u0131kar\u0131c\u0131 bir deneyim arayanlara \u00f6zel.<\/p>","protected":false},"featured_media":2787,"template":"","meta":{"_joinchat":[]},"product_brand":[204],"product_cat":[15,205,83,81],"product_tag":[],"class_list":{"0":"post-2789","1":"product","2":"type-product","3":"status-publish","4":"has-post-thumbnail","6":"product_brand-maison-alhambra","7":"product_cat-tum-urunler","8":"product_cat-maison-alhambra-tam-boy","9":"product_cat-tam-boy","10":"product_cat-uniseks","12":"first","13":"instock","14":"taxable","15":"shipping-taxable","16":"purchasable","17":"product-type-variable"},"_links":{"self":[{"href":"https:\/\/etriniche.com\/en\/wp-json\/wp\/v2\/product\/2789","targetHints":{"allow":["GET"]}}],"collection":[{"href":"https:\/\/etriniche.com\/en\/wp-json\/wp\/v2\/product"}],"about":[{"href":"https:\/\/etriniche.com\/en\/wp-json\/wp\/v2\/types\/product"}],"version-history":[{"count":1,"href":"https:\/\/etriniche.com\/en\/wp-json\/wp\/v2\/product\/2789\/revisions"}],"predecessor-version":[{"id":2791,"href":"https:\/\/etriniche.com\/en\/wp-json\/wp\/v2\/product\/2789\/revisions\/2791"}],"wp:featuredmedia":[{"embeddable":true,"href":"https:\/\/etriniche.com\/en\/wp-json\/wp\/v2\/media\/2787"}],"wp:attachment":[{"href":"https:\/\/etriniche.com\/en\/wp-json\/wp\/v2\/media?parent=2789"}],"wp:term":[{"taxonomy":"product_brand","embeddable":true,"href":"https:\/\/etriniche.com\/en\/wp-json\/wp\/v2\/product_brand?post=2789"},{"taxonomy":"product_cat","embeddable":true,"href":"https:\/\/etriniche.com\/en\/wp-json\/wp\/v2\/product_cat?post=2789"},{"taxonomy":"product_tag","embeddable":true,"href":"https:\/\/etriniche.com\/en\/wp-json\/wp\/v2\/product_tag?post=2789"}],"curies":[{"name":"wp","href":"https:\/\/api.w.org\/{rel}","templated":true}]}}