{"id":2774,"date":"2025-12-18T09:12:24","date_gmt":"2025-12-18T09:12:24","guid":{"rendered":"https:\/\/etriniche.com\/?post_type=product&#038;p=2774"},"modified":"2025-12-18T09:17:41","modified_gmt":"2025-12-18T09:17:41","slug":"lattafa-eclaire-pistache-uniseks-parfum","status":"publish","type":"product","link":"https:\/\/etriniche.com\/en\/magaza\/lattafa-eclaire-pistache-uniseks-parfum\/","title":{"rendered":"Lattafa Eclaire Pistache Uniseks Parfum"},"content":{"rendered":"<h2 data-start=\"538\" data-end=\"615\"><strong data-start=\"544\" data-end=\"615\">Lattafa Eclaire Pistache \u2013 Tatl\u0131 Ka\u00e7amaklar\u0131n Parf\u00fcme D\u00f6n\u00fc\u015fm\u00fc\u015f H\u00e2li<\/strong><\/h2>\n<p data-start=\"617\" data-end=\"983\">Lattafa&#8217;n\u0131n gurme ruhunu yans\u0131tan \u00f6zel parf\u00fcm\u00fc <strong data-start=\"664\" data-end=\"684\">Eclaire Pistache<\/strong>, tam anlam\u0131yla kokularla yap\u0131lm\u0131\u015f bir tatl\u0131 \u015f\u00f6leni. Antep f\u0131st\u0131\u011f\u0131 ezmesinin yo\u011fun aromas\u0131, kakao ve \u00e7\u0131rp\u0131lm\u0131\u015f krema ile bulu\u015furken, vanilya ve s\u00fctle yumu\u015fay\u0131p miskle derinle\u015fiyor. \u015eekerli ve \u00e7ekici parf\u00fcmleri sevenler i\u00e7in tasarlanm\u0131\u015f bu kokuyla, girdi\u011finiz her ortamda tatl\u0131 bir iz b\u0131rakacaks\u0131n\u0131z.<\/p>\n<hr data-start=\"985\" data-end=\"988\" \/>\n<h3 data-start=\"990\" data-end=\"1043\">\ud83c\udf6c <strong data-start=\"997\" data-end=\"1041\">\u00dcst Notalar: A\u00e7\u0131k Ara Fark Yaratan Giri\u015f<\/strong><\/h3>\n<ul data-start=\"1044\" data-end=\"1089\">\n<li data-start=\"1044\" data-end=\"1068\">\n<p data-start=\"1046\" data-end=\"1068\">Antep F\u0131st\u0131\u011f\u0131 Ezmesi<\/p>\n<\/li>\n<li data-start=\"1069\" data-end=\"1078\">\n<p data-start=\"1071\" data-end=\"1078\">Krema<\/p>\n<\/li>\n<li data-start=\"1079\" data-end=\"1089\">\n<p data-start=\"1081\" data-end=\"1089\">F\u0131st\u0131k<\/p>\n<\/li>\n<\/ul>\n<p data-start=\"1091\" data-end=\"1189\">\u0130lk s\u0131k\u0131ld\u0131\u011f\u0131nda adeta bir f\u0131st\u0131kl\u0131 pasta gibi kokan bu parf\u00fcm, kar\u015f\u0131 konulmaz bir a\u00e7\u0131l\u0131\u015f sunuyor.<\/p>\n<hr data-start=\"1191\" data-end=\"1194\" \/>\n<h3 data-start=\"1196\" data-end=\"1242\">\ud83c\udf6b <strong data-start=\"1203\" data-end=\"1240\">Orta Notalar: Tatl\u0131 Kalp Dokunu\u015fu<\/strong><\/h3>\n<ul data-start=\"1243\" data-end=\"1293\">\n<li data-start=\"1243\" data-end=\"1252\">\n<p data-start=\"1245\" data-end=\"1252\">Kakao<\/p>\n<\/li>\n<li data-start=\"1253\" data-end=\"1272\">\n<p data-start=\"1255\" data-end=\"1272\">\u00c7\u0131rp\u0131lm\u0131\u015f Krema<\/p>\n<\/li>\n<li data-start=\"1273\" data-end=\"1293\">\n<p data-start=\"1275\" data-end=\"1293\">Hindistan Cevizi<\/p>\n<\/li>\n<\/ul>\n<p data-start=\"1295\" data-end=\"1404\">Kremams\u0131 ve yo\u011fun dokunu\u015flarla tatl\u0131l\u0131\u011f\u0131n\u0131 art\u0131ran bu notalar, gourmand tutkunlar\u0131n\u0131n kalbini \u00e7alacak t\u00fcrden.<\/p>\n<hr data-start=\"1406\" data-end=\"1409\" \/>\n<h3 data-start=\"1411\" data-end=\"1460\">\ud83c\udf66 <strong data-start=\"1418\" data-end=\"1458\">Temel Notalar: S\u0131cak ve Kal\u0131c\u0131 Final<\/strong><\/h3>\n<ul data-start=\"1461\" data-end=\"1489\">\n<li data-start=\"1461\" data-end=\"1472\">\n<p data-start=\"1463\" data-end=\"1472\">Vanilya<\/p>\n<\/li>\n<li data-start=\"1473\" data-end=\"1480\">\n<p data-start=\"1475\" data-end=\"1480\">S\u00fct<\/p>\n<\/li>\n<li data-start=\"1481\" data-end=\"1489\">\n<p data-start=\"1483\" data-end=\"1489\">Misk<\/p>\n<\/li>\n<\/ul>\n<p data-start=\"1491\" data-end=\"1599\">Parf\u00fcme yumu\u015fakl\u0131k ve kremsi bir s\u0131cakl\u0131k kazand\u0131ran temel notalar, g\u00fcn boyu teninizde tatl\u0131 bir iz b\u0131rak\u0131r.<\/p>\n<hr data-start=\"1601\" data-end=\"1604\" \/>\n<h3 data-start=\"1606\" data-end=\"1640\">\ud83d\udc69\u200d\ud83d\udcbc <strong data-start=\"1616\" data-end=\"1638\">Kimler \u0130\u00e7in Uygun?<\/strong><\/h3>\n<ul data-start=\"1641\" data-end=\"1831\">\n<li data-start=\"1641\" data-end=\"1695\">\n<p data-start=\"1643\" data-end=\"1695\">Tatl\u0131, gourmand parf\u00fcmlerden vazge\u00e7emeyen kad\u0131nlar<\/p>\n<\/li>\n<li data-start=\"1696\" data-end=\"1762\">\n<p data-start=\"1698\" data-end=\"1762\">K\u0131\u015f ve sonbahar aylar\u0131nda \u015fekerli ama zarif bir imza arayanlar<\/p>\n<\/li>\n<li data-start=\"1763\" data-end=\"1831\">\n<p data-start=\"1765\" data-end=\"1831\">F\u0131st\u0131k ve vanilya notalar\u0131n\u0131 harmanlayan e\u015fsiz kokular\u0131 sevenler<\/p>\n<\/li>\n<\/ul>\n<hr data-start=\"1833\" data-end=\"1836\" \/>\n<h3 data-start=\"1838\" data-end=\"1876\">\ud83c\udf1f <strong data-start=\"1845\" data-end=\"1874\">Neden Tercih Etmelisiniz?<\/strong><\/h3>\n<ul data-start=\"1877\" data-end=\"2036\">\n<li data-start=\"1877\" data-end=\"1947\">\n<p data-start=\"1879\" data-end=\"1947\">Antep f\u0131st\u0131\u011f\u0131 ezmesi kokusunu ger\u00e7ek\u00e7i yans\u0131tan nadir parf\u00fcmlerden<\/p>\n<\/li>\n<li data-start=\"1948\" data-end=\"1990\">\n<p data-start=\"1950\" data-end=\"1990\">Y\u00fcksek kal\u0131c\u0131l\u0131k ve etkileyici yay\u0131l\u0131m<\/p>\n<\/li>\n<li data-start=\"1991\" data-end=\"2036\">\n<p data-start=\"1993\" data-end=\"2036\">Tatl\u0131 ama baymayan dengeli bir koku profili<\/p>\n<\/li>\n<\/ul>\n<hr data-start=\"2038\" data-end=\"2041\" \/>\n<p data-start=\"2043\" data-end=\"2158\">\ud83d\uded2 <strong data-start=\"2046\" data-end=\"2158\">Lattafa Eclaire Pistache ile kendinize ve etraf\u0131n\u0131zdakilere tatl\u0131 bir s\u00fcrpriz yap\u0131n. Kokunuzla ba\u015f d\u00f6nd\u00fcr\u00fcn!<\/strong><\/p>","protected":false},"excerpt":{"rendered":"<p data-start=\"581\" data-end=\"869\">Lattafa Eclaire Pistache, antep f\u0131st\u0131\u011f\u0131 ezmesi, krema ve vanilyan\u0131n ba\u015f d\u00f6nd\u00fcr\u00fcc\u00fc birle\u015fimiyle tatl\u0131, gurme ve ba\u011f\u0131ml\u0131l\u0131k yapan bir kad\u0131n parf\u00fcm\u00fcd\u00fcr. Fark edilmek isteyenlere \u00f6zel.<\/p>","protected":false},"featured_media":2778,"template":"","meta":{"_joinchat":[]},"product_brand":[60],"product_cat":[15,82,118,81],"product_tag":[],"class_list":{"0":"post-2774","1":"product","2":"type-product","3":"status-publish","4":"has-post-thumbnail","6":"product_brand-lattafa","7":"product_cat-tum-urunler","8":"product_cat-dekant","9":"product_cat-lattafa","10":"product_cat-uniseks","12":"first","13":"instock","14":"taxable","15":"shipping-taxable","16":"purchasable","17":"product-type-variable"},"_links":{"self":[{"href":"https:\/\/etriniche.com\/en\/wp-json\/wp\/v2\/product\/2774","targetHints":{"allow":["GET"]}}],"collection":[{"href":"https:\/\/etriniche.com\/en\/wp-json\/wp\/v2\/product"}],"about":[{"href":"https:\/\/etriniche.com\/en\/wp-json\/wp\/v2\/types\/product"}],"version-history":[{"count":1,"href":"https:\/\/etriniche.com\/en\/wp-json\/wp\/v2\/product\/2774\/revisions"}],"predecessor-version":[{"id":2779,"href":"https:\/\/etriniche.com\/en\/wp-json\/wp\/v2\/product\/2774\/revisions\/2779"}],"wp:featuredmedia":[{"embeddable":true,"href":"https:\/\/etriniche.com\/en\/wp-json\/wp\/v2\/media\/2778"}],"wp:attachment":[{"href":"https:\/\/etriniche.com\/en\/wp-json\/wp\/v2\/media?parent=2774"}],"wp:term":[{"taxonomy":"product_brand","embeddable":true,"href":"https:\/\/etriniche.com\/en\/wp-json\/wp\/v2\/product_brand?post=2774"},{"taxonomy":"product_cat","embeddable":true,"href":"https:\/\/etriniche.com\/en\/wp-json\/wp\/v2\/product_cat?post=2774"},{"taxonomy":"product_tag","embeddable":true,"href":"https:\/\/etriniche.com\/en\/wp-json\/wp\/v2\/product_tag?post=2774"}],"curies":[{"name":"wp","href":"https:\/\/api.w.org\/{rel}","templated":true}]}}