{"id":2769,"date":"2025-12-18T09:04:14","date_gmt":"2025-12-18T09:04:14","guid":{"rendered":"https:\/\/etriniche.com\/?post_type=product&#038;p=2769"},"modified":"2025-12-18T09:06:44","modified_gmt":"2025-12-18T09:06:44","slug":"rasasi-hawas-fire","status":"publish","type":"product","link":"https:\/\/etriniche.com\/en\/magaza\/rasasi-hawas-fire\/","title":{"rendered":"Rasasi Hawas Fire"},"content":{"rendered":"<h3 data-start=\"504\" data-end=\"564\"><strong data-start=\"511\" data-end=\"564\">Rasasi Hawas Fire \u2013 \u0130\u00e7indeki Ate\u015fi Serbest B\u0131rak!<\/strong><\/h3>\n<p data-start=\"566\" data-end=\"913\">Rasasi\u2019nin ikonik Hawas serisinin enerjik ve \u00e7arp\u0131c\u0131 \u00fcyesi <strong data-start=\"625\" data-end=\"639\">Hawas Fire<\/strong>, tutkulu bir erkek i\u00e7in tasarland\u0131. Baharatl\u0131 ye\u015fil dokunu\u015flar, \u00e7i\u00e7eksi zarafet ve okyanus ferahl\u0131\u011f\u0131 bu parf\u00fcmde m\u00fckemmel bir uyumla bir araya geliyor. Girdi\u011finiz ortamda kendini fark ettiren ve uzun s\u00fcre etkisini s\u00fcrd\u00fcren bir imza ar\u0131yorsan\u0131z, Hawas Fire sizin i\u00e7in ideal.<\/p>\n<hr data-start=\"915\" data-end=\"918\" \/>\n<h4 data-start=\"920\" data-end=\"970\">\ud83c\udf3f <strong data-start=\"928\" data-end=\"968\">\u00dcst Nota \u2013 Taze ve Erkeksi Bir Giri\u015f<\/strong><\/h4>\n<ul data-start=\"971\" data-end=\"980\">\n<li data-start=\"971\" data-end=\"980\">\n<p data-start=\"973\" data-end=\"980\">Ada\u00e7ay\u0131<\/p>\n<\/li>\n<\/ul>\n<p data-start=\"982\" data-end=\"1137\">Canland\u0131r\u0131c\u0131 ve hafif baharatl\u0131 ada\u00e7ay\u0131, parf\u00fcme sofistike bir a\u00e7\u0131l\u0131\u015f sa\u011flar. Ayn\u0131 zamanda modern erkek parf\u00fcmlerine \u00f6zg\u00fc aromatik bir karakter kazand\u0131r\u0131r.<\/p>\n<hr data-start=\"1139\" data-end=\"1142\" \/>\n<h4 data-start=\"1144\" data-end=\"1202\">\ud83c\udf0a <strong data-start=\"1152\" data-end=\"1200\">Orta Notalar \u2013 Derinlik ve Zarafetin Dengesi<\/strong><\/h4>\n<ul data-start=\"1203\" data-end=\"1243\">\n<li data-start=\"1203\" data-end=\"1221\">\n<p data-start=\"1205\" data-end=\"1221\">M\u0131s\u0131r Yasemini<\/p>\n<\/li>\n<li data-start=\"1222\" data-end=\"1243\">\n<p data-start=\"1224\" data-end=\"1243\">Denizcilik Notalar\u0131<\/p>\n<\/li>\n<\/ul>\n<p data-start=\"1245\" data-end=\"1413\">M\u0131s\u0131r yasemininin \u00e7i\u00e7eksi zarafeti ile deniz notalar\u0131n\u0131n tuzlu tazeli\u011fi, kalp notalarda bir araya gelir. Bu ikili, parf\u00fcme hem erkeksi hem de zarif bir hava kazand\u0131r\u0131r.<\/p>\n<hr data-start=\"1415\" data-end=\"1418\" \/>\n<h4 data-start=\"1420\" data-end=\"1471\">\ud83e\uddf4 <strong data-start=\"1428\" data-end=\"1469\">Temel Notalar \u2013 G\u00fc\u00e7l\u00fc ve Kal\u0131c\u0131 Final<\/strong><\/h4>\n<ul data-start=\"1472\" data-end=\"1513\">\n<li data-start=\"1472\" data-end=\"1481\">\n<p data-start=\"1474\" data-end=\"1481\">Amber<\/p>\n<\/li>\n<li data-start=\"1482\" data-end=\"1501\">\n<p data-start=\"1484\" data-end=\"1501\">Mineral Notalar<\/p>\n<\/li>\n<li data-start=\"1502\" data-end=\"1513\">\n<p data-start=\"1504\" data-end=\"1513\">Ambergris<\/p>\n<\/li>\n<\/ul>\n<p data-start=\"1515\" data-end=\"1660\">Amberin s\u0131cakl\u0131\u011f\u0131, mineral notalar\u0131n modernli\u011fi ve ambergrisin deniz esintili asaletiyle birle\u015ferek, etkileyici ve uzun \u00f6m\u00fcrl\u00fc bir kapan\u0131\u015f sunar.<\/p>\n<hr data-start=\"1662\" data-end=\"1665\" \/>\n<h3 data-start=\"1667\" data-end=\"1692\">\ud83d\udca0 <strong data-start=\"1674\" data-end=\"1690\">Kimler \u0130\u00e7in?<\/strong><\/h3>\n<ul data-start=\"1693\" data-end=\"1870\">\n<li data-start=\"1693\" data-end=\"1745\">\n<p data-start=\"1695\" data-end=\"1745\">G\u00fcnl\u00fck kullan\u0131mda fark yaratmak isteyen erkekler<\/p>\n<\/li>\n<li data-start=\"1746\" data-end=\"1810\">\n<p data-start=\"1748\" data-end=\"1810\">Taze, ferah ama ayn\u0131 zamanda sofistike parf\u00fcm tercih edenler<\/p>\n<\/li>\n<li data-start=\"1811\" data-end=\"1870\">\n<p data-start=\"1813\" data-end=\"1870\">Yazdan sonbahara ge\u00e7i\u015fte ideal, enerjik kokular arayanlar<\/p>\n<\/li>\n<\/ul>\n<hr data-start=\"1872\" data-end=\"1875\" \/>\n<h3 data-start=\"1877\" data-end=\"1914\">\u2b50 <strong data-start=\"1883\" data-end=\"1912\">Neden Tercih Etmelisiniz?<\/strong><\/h3>\n<ul data-start=\"1915\" data-end=\"2082\">\n<li data-start=\"1915\" data-end=\"1988\">\n<p data-start=\"1917\" data-end=\"1988\">Baharatl\u0131, \u00e7i\u00e7eksi ve deniz ferahl\u0131\u011f\u0131n\u0131 harmanlayan modern bir profil<\/p>\n<\/li>\n<li data-start=\"1989\" data-end=\"2035\">\n<p data-start=\"1991\" data-end=\"2035\">T\u00fcm g\u00fcn etkisini s\u00fcrd\u00fcren y\u00fcksek kal\u0131c\u0131l\u0131k<\/p>\n<\/li>\n<li data-start=\"2036\" data-end=\"2082\">\n<p data-start=\"2038\" data-end=\"2082\">Sportif ama \u015f\u0131k; enerjik ama zarif bir duru\u015f<\/p>\n<\/li>\n<\/ul>\n<hr data-start=\"2084\" data-end=\"2087\" \/>\n<p data-start=\"2089\" data-end=\"2180\">\ud83d\uded2 <strong data-start=\"2092\" data-end=\"2180\">Rasasi Hawas Fire ile i\u00e7indeki enerjiyi ortaya \u00e7\u0131kar, girdi\u011fin her ortamda iz b\u0131rak!<\/strong><\/p>","protected":false},"excerpt":{"rendered":"<p data-start=\"581\" data-end=\"869\">Rasasi Hawas Fire, ada\u00e7ay\u0131, yasemin ve amberin e\u015fsiz uyumuyla modern, enerjik ve dikkat \u00e7ekici bir erkek parf\u00fcm\u00fcd\u00fcr. T\u00fcm g\u00fcn kal\u0131c\u0131l\u0131\u011f\u0131yla fark yaratmak isteyenlere \u00f6zel.<\/p>","protected":false},"featured_media":2767,"template":"","meta":{"_joinchat":[]},"product_brand":[201],"product_cat":[15,202,83,81],"product_tag":[],"class_list":{"0":"post-2769","1":"product","2":"type-product","3":"status-publish","4":"has-post-thumbnail","6":"product_brand-rasasi","7":"product_cat-tum-urunler","8":"product_cat-rasasi-tam-boy","9":"product_cat-tam-boy","10":"product_cat-uniseks","12":"first","13":"instock","14":"taxable","15":"shipping-taxable","16":"purchasable","17":"product-type-variable"},"_links":{"self":[{"href":"https:\/\/etriniche.com\/en\/wp-json\/wp\/v2\/product\/2769","targetHints":{"allow":["GET"]}}],"collection":[{"href":"https:\/\/etriniche.com\/en\/wp-json\/wp\/v2\/product"}],"about":[{"href":"https:\/\/etriniche.com\/en\/wp-json\/wp\/v2\/types\/product"}],"version-history":[{"count":1,"href":"https:\/\/etriniche.com\/en\/wp-json\/wp\/v2\/product\/2769\/revisions"}],"predecessor-version":[{"id":2771,"href":"https:\/\/etriniche.com\/en\/wp-json\/wp\/v2\/product\/2769\/revisions\/2771"}],"wp:featuredmedia":[{"embeddable":true,"href":"https:\/\/etriniche.com\/en\/wp-json\/wp\/v2\/media\/2767"}],"wp:attachment":[{"href":"https:\/\/etriniche.com\/en\/wp-json\/wp\/v2\/media?parent=2769"}],"wp:term":[{"taxonomy":"product_brand","embeddable":true,"href":"https:\/\/etriniche.com\/en\/wp-json\/wp\/v2\/product_brand?post=2769"},{"taxonomy":"product_cat","embeddable":true,"href":"https:\/\/etriniche.com\/en\/wp-json\/wp\/v2\/product_cat?post=2769"},{"taxonomy":"product_tag","embeddable":true,"href":"https:\/\/etriniche.com\/en\/wp-json\/wp\/v2\/product_tag?post=2769"}],"curies":[{"name":"wp","href":"https:\/\/api.w.org\/{rel}","templated":true}]}}