{"id":2728,"date":"2025-12-15T12:41:10","date_gmt":"2025-12-15T12:41:10","guid":{"rendered":"https:\/\/etriniche.com\/?post_type=product&#038;p=2728"},"modified":"2025-12-15T12:44:31","modified_gmt":"2025-12-15T12:44:31","slug":"lattafa-masa-unisex-parfum","status":"publish","type":"product","link":"https:\/\/etriniche.com\/en\/magaza\/lattafa-masa-unisex-parfum\/","title":{"rendered":"Lattafa Masa Unisex Parf\u00fcm"},"content":{"rendered":"<p data-start=\"629\" data-end=\"966\">Lattafa\u2019n\u0131n yenilik\u00e7i ve \u00e7arp\u0131c\u0131 tasar\u0131mlar\u0131ndan biri olan <strong data-start=\"688\" data-end=\"696\">Masa<\/strong>, meyvemsi ba\u015flang\u0131\u00e7lar\u0131, \u00e7i\u00e7eksi kalbi ve sofistike alt notalar\u0131yla fark yaratmak isteyenler i\u00e7in \u00f6zel olarak form\u00fcle edilmi\u015ftir. Tropikal mango ile a\u00e7\u0131lan bu parf\u00fcm, zarif baharatlar ve derin aromalarla b\u00fct\u00fcnle\u015ferek hem dikkat \u00e7ekici hem de rafine bir imza koku sunar.<\/p>\n<h4 data-start=\"973\" data-end=\"1024\">\ud83c\udf1f <strong data-start=\"981\" data-end=\"1022\">\u00dcst Notalar: Taze ve Baharatl\u0131 A\u00e7\u0131l\u0131\u015f<\/strong><\/h4>\n<ul data-start=\"1025\" data-end=\"1071\">\n<li data-start=\"1025\" data-end=\"1034\">\n<p data-start=\"1027\" data-end=\"1034\">Mango<\/p>\n<\/li>\n<li data-start=\"1035\" data-end=\"1045\">\n<p data-start=\"1037\" data-end=\"1045\">Safran<\/p>\n<\/li>\n<li data-start=\"1046\" data-end=\"1061\">\n<p data-start=\"1048\" data-end=\"1061\">Pembe Biber<\/p>\n<\/li>\n<li data-start=\"1062\" data-end=\"1071\">\n<p data-start=\"1064\" data-end=\"1071\">Limon<\/p>\n<\/li>\n<\/ul>\n<p data-start=\"1073\" data-end=\"1200\">Parf\u00fcm, canl\u0131 ve enerjik bir a\u00e7\u0131l\u0131\u015f yapar. Mango\u2019nun tatl\u0131l\u0131\u011f\u0131, safran ve pembe biberin s\u0131cak baharatl\u0131 dokunu\u015fuyla dengelenir.<\/p>\n<h4 data-start=\"1207\" data-end=\"1250\">\ud83c\udf38 <strong data-start=\"1215\" data-end=\"1248\">Orta Notalar: \u00c7i\u00e7eksi Zarafet<\/strong><\/h4>\n<ul data-start=\"1251\" data-end=\"1317\">\n<li data-start=\"1251\" data-end=\"1270\">\n<p data-start=\"1253\" data-end=\"1270\">Menek\u015fe Yapra\u011f\u0131<\/p>\n<\/li>\n<li data-start=\"1271\" data-end=\"1284\">\n<p data-start=\"1273\" data-end=\"1284\">Osmanthus<\/p>\n<\/li>\n<li data-start=\"1285\" data-end=\"1304\">\n<p data-start=\"1287\" data-end=\"1304\">Portakal \u00c7i\u00e7e\u011fi<\/p>\n<\/li>\n<li data-start=\"1305\" data-end=\"1317\">\n<p data-start=\"1307\" data-end=\"1317\">Zencefil<\/p>\n<\/li>\n<\/ul>\n<p data-start=\"1319\" data-end=\"1489\">Orta notalarda floral ve narenciye karakteri \u00f6n plana \u00e7\u0131kar. Osmanthus ve portakal \u00e7i\u00e7e\u011fi sofistike bir \u00e7i\u00e7eksi aura katarken, zencefil ile parf\u00fcme dinamizm kazand\u0131r\u0131l\u0131r.<\/p>\n<h4 data-start=\"1496\" data-end=\"1544\">\ud83c\udf3f <strong data-start=\"1504\" data-end=\"1542\">Temel Notalar: Derin ve Kal\u0131c\u0131 Son<\/strong><\/h4>\n<ul data-start=\"1545\" data-end=\"1594\">\n<li data-start=\"1545\" data-end=\"1564\">\n<p data-start=\"1547\" data-end=\"1564\">Mineral Notalar<\/p>\n<\/li>\n<li data-start=\"1565\" data-end=\"1573\">\n<p data-start=\"1567\" data-end=\"1573\">S\u00fcet<\/p>\n<\/li>\n<li data-start=\"1574\" data-end=\"1583\">\n<p data-start=\"1576\" data-end=\"1583\">Amber<\/p>\n<\/li>\n<li data-start=\"1584\" data-end=\"1594\">\n<p data-start=\"1586\" data-end=\"1594\">Pa\u00e7uli<\/p>\n<\/li>\n<\/ul>\n<p data-start=\"1596\" data-end=\"1771\">Alt notalarda, mineral dokunu\u015flar ve s\u00fcetin yumu\u015fakl\u0131\u011f\u0131 birle\u015ferek mask\u00fclen ve g\u00fc\u00e7l\u00fc bir iz b\u0131rak\u0131r. Amber ve pa\u00e7uli ise kal\u0131c\u0131l\u0131\u011f\u0131 garantileyen zengin bir son dokunu\u015f sa\u011flar.<\/p>\n<h3 data-start=\"1778\" data-end=\"1800\">\ud83e\udde9 <strong data-start=\"1785\" data-end=\"1800\">Neden Masa?<\/strong><\/h3>\n<ul data-start=\"1801\" data-end=\"1997\">\n<li data-start=\"1801\" data-end=\"1850\">\n<p data-start=\"1803\" data-end=\"1850\">Mango ve safran\u0131n nadir uyumuyla fark yarat\u0131r<\/p>\n<\/li>\n<li data-start=\"1851\" data-end=\"1901\">\n<p data-start=\"1853\" data-end=\"1901\">G\u00fcnl\u00fck kullan\u0131ma da \u00f6zel davetlere de uygundur<\/p>\n<\/li>\n<li data-start=\"1902\" data-end=\"1948\">\n<p data-start=\"1904\" data-end=\"1948\">Hem gen\u00e7 hem sofistike zevklere hitap eder<\/p>\n<\/li>\n<li data-start=\"1949\" data-end=\"1997\">\n<p data-start=\"1951\" data-end=\"1997\">Lattafa kalitesiyle uzun s\u00fcre kal\u0131c\u0131l\u0131k sa\u011flar<\/p>\n<\/li>\n<\/ul>","protected":false},"excerpt":{"rendered":"<p data-start=\"581\" data-end=\"869\">Masa by Lattafa, mango, safran ve amber notalar\u0131yla tatl\u0131, baharatl\u0131 ve sofistike bir iz b\u0131rak\u0131yor. Enerjik ve modern parf\u00fcm arayanlar i\u00e7in m\u00fckemmel bir se\u00e7im!<\/p>","protected":false},"featured_media":2732,"template":"","meta":{"_joinchat":[]},"product_brand":[60],"product_cat":[15,82,118,81],"product_tag":[],"class_list":{"0":"post-2728","1":"product","2":"type-product","3":"status-publish","4":"has-post-thumbnail","6":"product_brand-lattafa","7":"product_cat-tum-urunler","8":"product_cat-dekant","9":"product_cat-lattafa","10":"product_cat-uniseks","12":"first","13":"instock","14":"taxable","15":"shipping-taxable","16":"purchasable","17":"product-type-variable"},"_links":{"self":[{"href":"https:\/\/etriniche.com\/en\/wp-json\/wp\/v2\/product\/2728","targetHints":{"allow":["GET"]}}],"collection":[{"href":"https:\/\/etriniche.com\/en\/wp-json\/wp\/v2\/product"}],"about":[{"href":"https:\/\/etriniche.com\/en\/wp-json\/wp\/v2\/types\/product"}],"version-history":[{"count":2,"href":"https:\/\/etriniche.com\/en\/wp-json\/wp\/v2\/product\/2728\/revisions"}],"predecessor-version":[{"id":2734,"href":"https:\/\/etriniche.com\/en\/wp-json\/wp\/v2\/product\/2728\/revisions\/2734"}],"wp:featuredmedia":[{"embeddable":true,"href":"https:\/\/etriniche.com\/en\/wp-json\/wp\/v2\/media\/2732"}],"wp:attachment":[{"href":"https:\/\/etriniche.com\/en\/wp-json\/wp\/v2\/media?parent=2728"}],"wp:term":[{"taxonomy":"product_brand","embeddable":true,"href":"https:\/\/etriniche.com\/en\/wp-json\/wp\/v2\/product_brand?post=2728"},{"taxonomy":"product_cat","embeddable":true,"href":"https:\/\/etriniche.com\/en\/wp-json\/wp\/v2\/product_cat?post=2728"},{"taxonomy":"product_tag","embeddable":true,"href":"https:\/\/etriniche.com\/en\/wp-json\/wp\/v2\/product_tag?post=2728"}],"curies":[{"name":"wp","href":"https:\/\/api.w.org\/{rel}","templated":true}]}}