{"id":2652,"date":"2025-12-15T11:51:24","date_gmt":"2025-12-15T11:51:24","guid":{"rendered":"https:\/\/etriniche.com\/?post_type=product&#038;p=2652"},"modified":"2025-12-15T12:00:23","modified_gmt":"2025-12-15T12:00:23","slug":"yves-saint-laurent-gold-supreme-bouquet","status":"publish","type":"product","link":"https:\/\/etriniche.com\/en\/magaza\/yves-saint-laurent-gold-supreme-bouquet\/","title":{"rendered":"Yves Saint Laurent Gold Supreme Bouquet"},"content":{"rendered":"<p data-start=\"656\" data-end=\"925\"><strong data-start=\"656\" data-end=\"757\">Yves Saint Laurent\u2019in \u00f6zel \u201cLe Vestiaire des Parfums\u201d koleksiyonuna ait olan Gold Supreme Bouquet<\/strong>, \u00e7i\u00e7eksi \u015fipre kategorisinin en l\u00fcks \u00f6rneklerinden biridir. T\u0131pk\u0131 couture bir elbise gibi \u00fczerinizde zarafetle durur, \u0131\u015f\u0131lt\u0131l\u0131 bir auran\u0131n etraf\u0131n\u0131z\u0131 sarmas\u0131n\u0131 sa\u011flar.<\/p>\n<h4 data-start=\"927\" data-end=\"955\">\ud83c\udf3a <strong data-start=\"935\" data-end=\"953\">Ba\u015flang\u0131\u00e7ta&#8230;<\/strong><\/h4>\n<p data-start=\"956\" data-end=\"1087\">Parf\u00fcm, zengin ve ba\u015f d\u00f6nd\u00fcr\u00fcc\u00fc beyaz \u00e7i\u00e7ek akorlar\u0131yla a\u00e7\u0131l\u0131r. Yasemin ve s\u00fcmb\u00fclteber, ilk temas an\u0131nda b\u00fcy\u00fcleyici bir iz b\u0131rak\u0131r.<\/p>\n<h4 data-start=\"1089\" data-end=\"1120\">\ud83d\udc90 <strong data-start=\"1097\" data-end=\"1118\">Kalp Notalarda&#8230;<\/strong><\/h4>\n<p data-start=\"1121\" data-end=\"1221\">Orta notalarda \u015fakay\u0131k ve g\u00fcl, alt\u0131n dokunu\u015flarla s\u00fcslenmi\u015f gibi parlar. Feminen, \u00e7arp\u0131c\u0131 ve rafine.<\/p>\n<h4 data-start=\"1223\" data-end=\"1249\">\ud83c\udf3f <strong data-start=\"1231\" data-end=\"1247\">Kapan\u0131\u015fta&#8230;<\/strong><\/h4>\n<p data-start=\"1250\" data-end=\"1406\">Alt notalarda ise s\u0131cak amber, pa\u00e7uli ve misk dokunu\u015flar\u0131 parf\u00fcme derinlik ve zarif bir kal\u0131c\u0131l\u0131k kazand\u0131r\u0131r. Cildinizde alt\u0131n gibi parlayan bir iz b\u0131rak\u0131r.<\/p>\n<hr data-start=\"1408\" data-end=\"1411\" \/>\n<h3 data-start=\"1413\" data-end=\"1451\">\ud83c\udf1f <strong data-start=\"1420\" data-end=\"1451\">Neden Gold Supreme Bouquet?<\/strong><\/h3>\n<ul data-start=\"1452\" data-end=\"1669\">\n<li data-start=\"1452\" data-end=\"1507\">\n<p data-start=\"1454\" data-end=\"1507\">Y\u00fcksek kaliteli \u00e7i\u00e7ek \u00f6zleri ve sofistike i\u00e7erikler<\/p>\n<\/li>\n<li data-start=\"1508\" data-end=\"1561\">\n<p data-start=\"1510\" data-end=\"1561\">\u00d6zg\u00fcvenli, zarif ve g\u00f6z al\u0131c\u0131 kad\u0131nlar i\u00e7in ideal<\/p>\n<\/li>\n<li data-start=\"1562\" data-end=\"1621\">\n<p data-start=\"1564\" data-end=\"1621\">Hem \u00f6zel g\u00fcnlerde hem de g\u00fcnl\u00fck kullan\u0131mda fark yarat\u0131r<\/p>\n<\/li>\n<li data-start=\"1622\" data-end=\"1669\">\n<p data-start=\"1624\" data-end=\"1669\">\u015e\u0131k alt\u0131n \u015fi\u015fesiyle koleksiyonluk bir tasar\u0131m<\/p>\n<\/li>\n<\/ul>","protected":false},"excerpt":{"rendered":"<p data-start=\"581\" data-end=\"869\">Yves Saint Laurent Gold Supreme Bouquet, alt\u0131n \u0131\u015f\u0131lt\u0131s\u0131yla zenginle\u015ftirilmi\u015f nadide \u00e7i\u00e7ek notalar\u0131yla l\u00fcks, zarif ve etkileyici bir parf\u00fcm deneyimi sunar. G\u00f6z kama\u015ft\u0131ran kad\u0131nlar i\u00e7in ideal imza koku.<\/p>","protected":false},"featured_media":2657,"template":"","meta":{"_joinchat":[]},"product_brand":[85],"product_cat":[15,82,81,153],"product_tag":[],"class_list":{"0":"post-2652","1":"product","2":"type-product","3":"status-publish","4":"has-post-thumbnail","6":"product_brand-yvessaintlaurent","7":"product_cat-tum-urunler","8":"product_cat-dekant","9":"product_cat-uniseks","10":"product_cat-yves-saint-laurent","12":"first","13":"instock","14":"taxable","15":"shipping-taxable","16":"purchasable","17":"product-type-variable"},"_links":{"self":[{"href":"https:\/\/etriniche.com\/en\/wp-json\/wp\/v2\/product\/2652","targetHints":{"allow":["GET"]}}],"collection":[{"href":"https:\/\/etriniche.com\/en\/wp-json\/wp\/v2\/product"}],"about":[{"href":"https:\/\/etriniche.com\/en\/wp-json\/wp\/v2\/types\/product"}],"version-history":[{"count":1,"href":"https:\/\/etriniche.com\/en\/wp-json\/wp\/v2\/product\/2652\/revisions"}],"predecessor-version":[{"id":2658,"href":"https:\/\/etriniche.com\/en\/wp-json\/wp\/v2\/product\/2652\/revisions\/2658"}],"wp:featuredmedia":[{"embeddable":true,"href":"https:\/\/etriniche.com\/en\/wp-json\/wp\/v2\/media\/2657"}],"wp:attachment":[{"href":"https:\/\/etriniche.com\/en\/wp-json\/wp\/v2\/media?parent=2652"}],"wp:term":[{"taxonomy":"product_brand","embeddable":true,"href":"https:\/\/etriniche.com\/en\/wp-json\/wp\/v2\/product_brand?post=2652"},{"taxonomy":"product_cat","embeddable":true,"href":"https:\/\/etriniche.com\/en\/wp-json\/wp\/v2\/product_cat?post=2652"},{"taxonomy":"product_tag","embeddable":true,"href":"https:\/\/etriniche.com\/en\/wp-json\/wp\/v2\/product_tag?post=2652"}],"curies":[{"name":"wp","href":"https:\/\/api.w.org\/{rel}","templated":true}]}}