{"id":2577,"date":"2025-12-13T15:09:09","date_gmt":"2025-12-13T15:09:09","guid":{"rendered":"https:\/\/etriniche.com\/?post_type=product&#038;p=2577"},"modified":"2025-12-13T15:12:39","modified_gmt":"2025-12-13T15:12:39","slug":"lattafa-atlas-parfum","status":"publish","type":"product","link":"https:\/\/etriniche.com\/en\/magaza\/lattafa-atlas-parfum\/","title":{"rendered":"Lattafa Atlas Parf\u00fcm"},"content":{"rendered":"<p data-start=\"533\" data-end=\"591\"><strong data-start=\"533\" data-end=\"589\">Lattafa Atlas \u2013 Do\u011fan\u0131n G\u00fcc\u00fcn\u00fc Teninizde Hissedin<\/strong><\/p>\n<p data-start=\"593\" data-end=\"747\">Lattafa Perfumes\u2019in zarif imzalar\u0131ndan biri olan <em data-start=\"642\" data-end=\"649\">Atlas<\/em>, do\u011fan\u0131n saf enerjisini tuzlu deniz r\u00fczgarlar\u0131 ve odunsu notalarla harmanlayan bir ba\u015fyap\u0131tt\u0131r.<\/p>\n<p data-start=\"749\" data-end=\"990\">\u00dcst notalarda a\u00e7\u0131l\u0131\u015f\u0131 yapan <strong data-start=\"777\" data-end=\"797\">deniz esintileri<\/strong>, <strong data-start=\"799\" data-end=\"806\">tuz<\/strong> ve <strong data-start=\"810\" data-end=\"819\">limon<\/strong>, ilk temas an\u0131nda serin ve ferahlat\u0131c\u0131 bir etki yarat\u0131r. Orta notalarda ise <strong data-start=\"896\" data-end=\"906\">davana<\/strong>, zarif <strong data-start=\"914\" data-end=\"929\">iris \u00e7i\u00e7e\u011fi<\/strong>yle birle\u015ferek teninizde zarif bir \u00e7i\u00e7eksi denge olu\u015fturur.<\/p>\n<p data-start=\"992\" data-end=\"1243\">Parf\u00fcm\u00fcn kal\u0131c\u0131l\u0131\u011f\u0131n\u0131 sa\u011flayan temel notalar aras\u0131nda yer alan <strong data-start=\"1055\" data-end=\"1068\">ambergris<\/strong>, <strong data-start=\"1070\" data-end=\"1085\">me\u015fe yosunu<\/strong> ve <strong data-start=\"1089\" data-end=\"1105\">sandal a\u011fac\u0131<\/strong>, s\u0131cak, derin ve gizemli bir iz b\u0131rak\u0131r. Bu kompozisyon, hem kad\u0131nlar hem de erkekler i\u00e7in rafine ve sofistike bir koku deneyimi sunar.<\/p>\n<p data-start=\"1245\" data-end=\"1263\"><strong data-start=\"1245\" data-end=\"1261\">Neden Atlas?<\/strong><\/p>\n<ul data-start=\"1264\" data-end=\"1432\">\n<li data-start=\"1264\" data-end=\"1298\">\n<p data-start=\"1266\" data-end=\"1298\">Ferah ve deniz esintili a\u00e7\u0131l\u0131\u015f<\/p>\n<\/li>\n<li data-start=\"1299\" data-end=\"1340\">\n<p data-start=\"1301\" data-end=\"1340\">Uniseks kullan\u0131ma uygun, dengeli yap\u0131<\/p>\n<\/li>\n<li data-start=\"1341\" data-end=\"1395\">\n<p data-start=\"1343\" data-end=\"1395\">G\u00fcnl\u00fck kullan\u0131mda fark edilir kal\u0131c\u0131l\u0131k ve sillage<\/p>\n<\/li>\n<li data-start=\"1396\" data-end=\"1432\">\n<p data-start=\"1398\" data-end=\"1432\">L\u00fcks\u00fc yans\u0131tan \u015f\u0131k \u015fi\u015fe tasar\u0131m\u0131<\/p>\n<\/li>\n<\/ul>\n<p data-start=\"1434\" data-end=\"1505\">\ud83c\udf1f <strong data-start=\"1437\" data-end=\"1454\">Lattafa Atlas<\/strong>, zarafeti do\u011fadan ilham alanlar i\u00e7in tasarland\u0131.<\/p>","protected":false},"excerpt":{"rendered":"<p data-start=\"581\" data-end=\"869\">Lattafa Atlas Parf\u00fcm ile deniz notalar\u0131n\u0131n tuzlu tazeli\u011fi ve odunsu derinli\u011fi bir araya geliyor. Sandal a\u011fac\u0131, iris ve ambergris uyumuyla benzersiz bir uniseks koku deneyimi.<\/p>","protected":false},"featured_media":2581,"template":"","meta":{"_joinchat":[]},"product_brand":[60],"product_cat":[15,82,118,81],"product_tag":[],"class_list":{"0":"post-2577","1":"product","2":"type-product","3":"status-publish","4":"has-post-thumbnail","6":"product_brand-lattafa","7":"product_cat-tum-urunler","8":"product_cat-dekant","9":"product_cat-lattafa","10":"product_cat-uniseks","12":"first","13":"instock","14":"taxable","15":"shipping-taxable","16":"purchasable","17":"product-type-variable"},"_links":{"self":[{"href":"https:\/\/etriniche.com\/en\/wp-json\/wp\/v2\/product\/2577","targetHints":{"allow":["GET"]}}],"collection":[{"href":"https:\/\/etriniche.com\/en\/wp-json\/wp\/v2\/product"}],"about":[{"href":"https:\/\/etriniche.com\/en\/wp-json\/wp\/v2\/types\/product"}],"version-history":[{"count":1,"href":"https:\/\/etriniche.com\/en\/wp-json\/wp\/v2\/product\/2577\/revisions"}],"predecessor-version":[{"id":2583,"href":"https:\/\/etriniche.com\/en\/wp-json\/wp\/v2\/product\/2577\/revisions\/2583"}],"wp:featuredmedia":[{"embeddable":true,"href":"https:\/\/etriniche.com\/en\/wp-json\/wp\/v2\/media\/2581"}],"wp:attachment":[{"href":"https:\/\/etriniche.com\/en\/wp-json\/wp\/v2\/media?parent=2577"}],"wp:term":[{"taxonomy":"product_brand","embeddable":true,"href":"https:\/\/etriniche.com\/en\/wp-json\/wp\/v2\/product_brand?post=2577"},{"taxonomy":"product_cat","embeddable":true,"href":"https:\/\/etriniche.com\/en\/wp-json\/wp\/v2\/product_cat?post=2577"},{"taxonomy":"product_tag","embeddable":true,"href":"https:\/\/etriniche.com\/en\/wp-json\/wp\/v2\/product_tag?post=2577"}],"curies":[{"name":"wp","href":"https:\/\/api.w.org\/{rel}","templated":true}]}}