{"id":2538,"date":"2025-12-12T13:54:53","date_gmt":"2025-12-12T13:54:53","guid":{"rendered":"https:\/\/etriniche.com\/?post_type=product&#038;p=2538"},"modified":"2025-12-12T14:01:28","modified_gmt":"2025-12-12T14:01:28","slug":"lattafa-dynasty-uniseks-parfum","status":"publish","type":"product","link":"https:\/\/etriniche.com\/en\/magaza\/lattafa-dynasty-uniseks-parfum\/","title":{"rendered":"Lattafa Dynasty Uniseks Parf\u00fcm"},"content":{"rendered":"<p data-start=\"516\" data-end=\"568\"><strong data-start=\"516\" data-end=\"568\">Lattafa Dynasty \u2013 Zarafetin ve \u00f6zg\u00fcvenin kokusu.<\/strong><\/p>\n<p data-start=\"570\" data-end=\"966\">Lattafa&#8217;n\u0131n en rafine ve modern kokular\u0131ndan biri olan <strong data-start=\"625\" data-end=\"636\">Dynasty<\/strong>, \u00fcst notalardaki bergamot, zencefil, ada\u00e7ay\u0131, ahududu ve hindistan ceviziyle ferah ve enerjik bir a\u00e7\u0131l\u0131\u015f sunar. Bu canl\u0131 ba\u015flang\u0131\u00e7, zamanla Rooibos \u00e7ay\u0131 ve s\u00fcetin yumu\u015fak, \u015f\u0131k orta notalar\u0131yla derinle\u015fir. Alt notalarda sedir a\u011fac\u0131, ka\u015fmeran ve amberwood\u2019un s\u0131cak ve sofistike dokunu\u015fu ile kompozisyon kal\u0131c\u0131 bir zarafete d\u00f6n\u00fc\u015f\u00fcr.<\/p>\n<p data-start=\"968\" data-end=\"1144\">Zamans\u0131z bir \u015f\u0131kl\u0131\u011f\u0131 temsil eden <strong data-start=\"1001\" data-end=\"1012\">Dynasty<\/strong>, hem g\u00fcnd\u00fcz hem gece kullan\u0131ma uygundur. Parf\u00fcm, modern tarz\u0131yla fark edilmek isteyenler i\u00e7in m\u00fckemmel bir imza kokusu olmaya aday.<\/p>\n<hr data-start=\"1146\" data-end=\"1149\" \/>\n<h3 data-start=\"1151\" data-end=\"1177\">\ud83d\udd39 <strong data-start=\"1158\" data-end=\"1177\">Parf\u00fcm Notalar\u0131<\/strong><\/h3>\n<ul data-start=\"1179\" data-end=\"1347\">\n<li data-start=\"1179\" data-end=\"1254\">\n<p data-start=\"1181\" data-end=\"1254\"><strong data-start=\"1181\" data-end=\"1197\">\u00dcst Notalar:<\/strong> Bergamot, Zencefil, Ada\u00e7ay\u0131, Ahududu, Hindistan Cevizi<\/p>\n<\/li>\n<li data-start=\"1255\" data-end=\"1295\">\n<p data-start=\"1257\" data-end=\"1295\"><strong data-start=\"1257\" data-end=\"1274\">Orta Notalar:<\/strong> Rooibos \u00c7ay\u0131, S\u00fcet<\/p>\n<\/li>\n<li data-start=\"1296\" data-end=\"1347\">\n<p data-start=\"1298\" data-end=\"1347\"><strong data-start=\"1298\" data-end=\"1314\">Alt Notalar:<\/strong> Sedir A\u011fac\u0131, Ka\u015fmeran, Amberwood<\/p>\n<\/li>\n<\/ul>\n<hr data-start=\"1349\" data-end=\"1352\" \/>\n<h3 data-start=\"1354\" data-end=\"1379\">\ud83d\udd39 <strong data-start=\"1361\" data-end=\"1379\">\u00dcr\u00fcn Detaylar\u0131<\/strong><\/h3>\n<ul data-start=\"1381\" data-end=\"1631\">\n<li data-start=\"1381\" data-end=\"1406\">\n<p data-start=\"1383\" data-end=\"1406\"><strong data-start=\"1383\" data-end=\"1396\">Cinsiyet:<\/strong> Uniseks<\/p>\n<\/li>\n<li data-start=\"1407\" data-end=\"1443\">\n<p data-start=\"1409\" data-end=\"1443\"><strong data-start=\"1409\" data-end=\"1427\">Konsantrasyon:<\/strong> Eau de Parfum<\/p>\n<\/li>\n<li data-start=\"1444\" data-end=\"1501\">\n<p data-start=\"1446\" data-end=\"1501\"><strong data-start=\"1446\" data-end=\"1463\">Koku Profili:<\/strong> Ferah \u2013 Meyvemsi \u2013 Derimsi \u2013 Odunsu<\/p>\n<\/li>\n<li data-start=\"1502\" data-end=\"1552\">\n<p data-start=\"1504\" data-end=\"1552\"><strong data-start=\"1504\" data-end=\"1524\">Kullan\u0131m Zaman\u0131:<\/strong> \u0130lkbahar \/ Sonbahar \/ K\u0131\u015f<\/p>\n<\/li>\n<li data-start=\"1553\" data-end=\"1580\">\n<p data-start=\"1555\" data-end=\"1580\"><strong data-start=\"1555\" data-end=\"1569\">Kal\u0131c\u0131l\u0131k:<\/strong> 6\u20139 saat<\/p>\n<\/li>\n<li data-start=\"1581\" data-end=\"1631\">\n<p data-start=\"1583\" data-end=\"1631\"><strong data-start=\"1583\" data-end=\"1598\">Projeksyon:<\/strong> Orta \u2013 y\u00fcksek seviyede yay\u0131l\u0131m<\/p>\n<\/li>\n<\/ul>\n<hr data-start=\"1633\" data-end=\"1636\" \/>\n<p data-start=\"1638\" data-end=\"1785\"><strong data-start=\"1638\" data-end=\"1657\">Lattafa Dynasty<\/strong>, kokusuyla \u00e7evrenizde kal\u0131c\u0131 bir iz b\u0131rakmak ve tarz\u0131n\u0131z\u0131 sofistike bir \u015fekilde ifade etmek isteyenler i\u00e7in kusursuz bir se\u00e7im.<\/p>","protected":false},"excerpt":{"rendered":"<p data-start=\"581\" data-end=\"869\">Lattafa Dynasty; bergamot, hindistan cevizi ve s\u00fcet notalar\u0131yla zarif ve modern bir parf\u00fcm deneyimi sunar. Fark yaratmak isteyenler i\u00e7in e\u015fsiz bir se\u00e7enek.<\/p>","protected":false},"featured_media":2535,"template":"","meta":{"_joinchat":[]},"product_brand":[60],"product_cat":[15,173,83,81],"product_tag":[],"class_list":{"0":"post-2538","1":"product","2":"type-product","3":"status-publish","4":"has-post-thumbnail","6":"product_brand-lattafa","7":"product_cat-tum-urunler","8":"product_cat-lattafa-tam-boy","9":"product_cat-tam-boy","10":"product_cat-uniseks","12":"first","13":"instock","14":"taxable","15":"shipping-taxable","16":"purchasable","17":"product-type-variable"},"_links":{"self":[{"href":"https:\/\/etriniche.com\/en\/wp-json\/wp\/v2\/product\/2538","targetHints":{"allow":["GET"]}}],"collection":[{"href":"https:\/\/etriniche.com\/en\/wp-json\/wp\/v2\/product"}],"about":[{"href":"https:\/\/etriniche.com\/en\/wp-json\/wp\/v2\/types\/product"}],"version-history":[{"count":1,"href":"https:\/\/etriniche.com\/en\/wp-json\/wp\/v2\/product\/2538\/revisions"}],"predecessor-version":[{"id":2540,"href":"https:\/\/etriniche.com\/en\/wp-json\/wp\/v2\/product\/2538\/revisions\/2540"}],"wp:featuredmedia":[{"embeddable":true,"href":"https:\/\/etriniche.com\/en\/wp-json\/wp\/v2\/media\/2535"}],"wp:attachment":[{"href":"https:\/\/etriniche.com\/en\/wp-json\/wp\/v2\/media?parent=2538"}],"wp:term":[{"taxonomy":"product_brand","embeddable":true,"href":"https:\/\/etriniche.com\/en\/wp-json\/wp\/v2\/product_brand?post=2538"},{"taxonomy":"product_cat","embeddable":true,"href":"https:\/\/etriniche.com\/en\/wp-json\/wp\/v2\/product_cat?post=2538"},{"taxonomy":"product_tag","embeddable":true,"href":"https:\/\/etriniche.com\/en\/wp-json\/wp\/v2\/product_tag?post=2538"}],"curies":[{"name":"wp","href":"https:\/\/api.w.org\/{rel}","templated":true}]}}