{"id":2480,"date":"2025-12-11T13:18:02","date_gmt":"2025-12-11T13:18:02","guid":{"rendered":"https:\/\/etriniche.com\/?post_type=product&#038;p=2480"},"modified":"2025-12-12T13:22:30","modified_gmt":"2025-12-12T13:22:30","slug":"amouage-beach-hut-man","status":"publish","type":"product","link":"https:\/\/etriniche.com\/en\/magaza\/amouage-beach-hut-man\/","title":{"rendered":"Amouage Beach Hut Man"},"content":{"rendered":"<p data-start=\"471\" data-end=\"533\"><strong data-start=\"471\" data-end=\"533\">Do\u011fayla ba\u015f ba\u015fa, \u00f6zg\u00fcrl\u00fc\u011f\u00fcn kokusu: Amouage Beach Hut Man<\/strong><\/p>\n<p data-start=\"535\" data-end=\"794\">Amouage Beach Hut Man, sizi meditatif bir yaz ak\u015fam\u0131na, sahil kenar\u0131ndaki \u00e7am a\u011fa\u00e7lar\u0131n\u0131n g\u00f6lgesine ta\u015f\u0131yan \u00f6zg\u00fcn bir parf\u00fcm deneyimidir. Mask\u00fclen, rafine ve do\u011fadan ilham alan bu koku; \u00f6zellikle ferah, odunsu ve ye\u015fil notalar\u0131 seven erkekler i\u00e7in tasarland\u0131.<\/p>\n<p data-start=\"796\" data-end=\"1120\">\u00dcst notalarda nane, galbanum ve portakal \u00e7i\u00e7e\u011fi ile a\u00e7\u0131lan Beach Hut Man, adeta \u00e7imenlerin \u00fczerine \u00e7\u0131plak ayakla bas\u0131yormu\u015f hissi yarat\u0131r. Kalpteki vetiver, yosun ve \u0131t\u0131r ile do\u011fayla i\u00e7 i\u00e7e bir denge sunarken; alt notalarda bulunan odunsu ambroxan, k\u00f6knar re\u00e7inesi ve pa\u00e7uli, kokuyu hem kal\u0131c\u0131 hem de derin bir hale getirir.<\/p>\n<p data-start=\"1122\" data-end=\"1268\">Minimalist ama etkileyici duru\u015fuyla, Beach Hut Man sizi modern bir Robinson Crusoe gibi hissettirir. \u00d6zg\u00fcrl\u00fck, sadelik ve stilin birle\u015fim noktas\u0131.<\/p>\n<hr data-start=\"1270\" data-end=\"1273\" \/>\n<h3 data-start=\"1275\" data-end=\"1303\">\ud83d\udd39 \u00d6ne \u00c7\u0131kan \u00d6zellikler:<\/h3>\n<ul data-start=\"1304\" data-end=\"1565\">\n<li data-start=\"1304\" data-end=\"1325\">\n<p data-start=\"1306\" data-end=\"1325\"><strong data-start=\"1306\" data-end=\"1318\">Cinsiyet<\/strong>: Erkek<\/p>\n<\/li>\n<li data-start=\"1326\" data-end=\"1366\">\n<p data-start=\"1328\" data-end=\"1366\"><strong data-start=\"1328\" data-end=\"1345\">Konsantrasyon<\/strong>: Eau de Parfum (EDP)<\/p>\n<\/li>\n<li data-start=\"1367\" data-end=\"1412\">\n<p data-start=\"1369\" data-end=\"1412\"><strong data-start=\"1369\" data-end=\"1385\">Koku Profili<\/strong>: Odunsu \u2013 Aromatik \u2013 Ye\u015fil<\/p>\n<\/li>\n<li data-start=\"1413\" data-end=\"1450\">\n<p data-start=\"1415\" data-end=\"1450\"><strong data-start=\"1415\" data-end=\"1434\">Kullan\u0131m Zaman\u0131<\/strong>: \u0130lkbahar \u2013 Yaz<\/p>\n<\/li>\n<li data-start=\"1451\" data-end=\"1482\">\n<p data-start=\"1453\" data-end=\"1482\"><strong data-start=\"1453\" data-end=\"1466\">Kal\u0131c\u0131l\u0131k<\/strong>: 6-9 saat aras\u0131<\/p>\n<\/li>\n<li data-start=\"1483\" data-end=\"1565\">\n<p data-start=\"1485\" data-end=\"1565\"><strong data-start=\"1485\" data-end=\"1503\">\u0130deal Kullan\u0131m<\/strong>: G\u00fcnd\u00fcz, hafta sonu, do\u011fa y\u00fcr\u00fcy\u00fc\u015fleri, a\u00e7\u0131k hava etkinlikleri<\/p>\n<\/li>\n<\/ul>","protected":false},"excerpt":{"rendered":"<p data-start=\"581\" data-end=\"869\">Beach Hut Man by Amouage, odunsu aromalar\u0131 ve ferah notalar\u0131yla \u00f6zg\u00fcrl\u00fc\u011f\u00fc simgeler. Yaz ve ilkbahar i\u00e7in ideal, mask\u00fclen bir parf\u00fcm deneyimi ya\u015fay\u0131n.<\/p>","protected":false},"featured_media":2485,"template":"","meta":{"_joinchat":[]},"product_brand":[57],"product_cat":[15,158,82,80],"product_tag":[],"class_list":{"0":"post-2480","1":"product","2":"type-product","3":"status-publish","4":"has-post-thumbnail","6":"product_brand-amouage","7":"product_cat-tum-urunler","8":"product_cat-amouage","9":"product_cat-dekant","10":"product_cat-erkek","12":"first","13":"instock","14":"taxable","15":"shipping-taxable","16":"purchasable","17":"product-type-variable"},"_links":{"self":[{"href":"https:\/\/etriniche.com\/en\/wp-json\/wp\/v2\/product\/2480","targetHints":{"allow":["GET"]}}],"collection":[{"href":"https:\/\/etriniche.com\/en\/wp-json\/wp\/v2\/product"}],"about":[{"href":"https:\/\/etriniche.com\/en\/wp-json\/wp\/v2\/types\/product"}],"version-history":[{"count":1,"href":"https:\/\/etriniche.com\/en\/wp-json\/wp\/v2\/product\/2480\/revisions"}],"predecessor-version":[{"id":2486,"href":"https:\/\/etriniche.com\/en\/wp-json\/wp\/v2\/product\/2480\/revisions\/2486"}],"wp:featuredmedia":[{"embeddable":true,"href":"https:\/\/etriniche.com\/en\/wp-json\/wp\/v2\/media\/2485"}],"wp:attachment":[{"href":"https:\/\/etriniche.com\/en\/wp-json\/wp\/v2\/media?parent=2480"}],"wp:term":[{"taxonomy":"product_brand","embeddable":true,"href":"https:\/\/etriniche.com\/en\/wp-json\/wp\/v2\/product_brand?post=2480"},{"taxonomy":"product_cat","embeddable":true,"href":"https:\/\/etriniche.com\/en\/wp-json\/wp\/v2\/product_cat?post=2480"},{"taxonomy":"product_tag","embeddable":true,"href":"https:\/\/etriniche.com\/en\/wp-json\/wp\/v2\/product_tag?post=2480"}],"curies":[{"name":"wp","href":"https:\/\/api.w.org\/{rel}","templated":true}]}}