{"id":2473,"date":"2025-12-11T13:09:35","date_gmt":"2025-12-11T13:09:35","guid":{"rendered":"https:\/\/etriniche.com\/?post_type=product&#038;p=2473"},"modified":"2025-12-12T10:25:30","modified_gmt":"2025-12-12T10:25:30","slug":"amouage-reflection-45-man","status":"publish","type":"product","link":"https:\/\/etriniche.com\/en\/magaza\/amouage-reflection-45-man\/","title":{"rendered":"Amouage Reflection 45 Man"},"content":{"rendered":"<p data-start=\"546\" data-end=\"804\">Amouage Reflection 45 Man, markan\u0131n ikonik erkek parf\u00fcm\u00fc olan <em data-start=\"608\" data-end=\"624\">Reflection Man<\/em>&#8216;in daha konsantre, daha l\u00fcks bir versiyonudur. %45&#8217;e yak\u0131n parf\u00fcm konsantrasyonu ile <strong data-start=\"710\" data-end=\"729\">ekstra yo\u011funluk<\/strong> sunan bu \u00f6zel form\u00fcl, teninizde saatler boyunca etkileyici bir iz b\u0131rak\u0131r.<\/p>\n<p data-start=\"806\" data-end=\"1150\">A\u00e7\u0131l\u0131\u015fta lavanta ve neroli&#8217;nin serin ferahl\u0131\u011f\u0131yla kar\u015f\u0131lan\u0131rken, orta notalarda s\u00fcsen (iris), yasemin ve ylang-ylang gibi beyaz \u00e7i\u00e7eklerin pudrams\u0131 ve kremsi dokunu\u015fu, kompozisyona sofistike bir zarafet kazand\u0131r\u0131r. Temelde ise sandal a\u011fac\u0131, vetiver ve pa\u00e7uli gibi odunsu notalarla birle\u015fen amber, derinlik ve kal\u0131c\u0131l\u0131\u011f\u0131 doruk noktas\u0131na \u00e7\u0131kar\u0131r.<\/p>\n<p data-start=\"1152\" data-end=\"1317\">Reflection 45 Man, kendine g\u00fcvenen, rafine zevklere sahip erkeklerin imza kokusu olmaya aday. \u00d6zel g\u00fcnlerde ya da her zaman fark yaratmak isteyenler i\u00e7in tasarland\u0131.<\/p>\n<hr data-start=\"1319\" data-end=\"1322\" \/>\n<h3 data-start=\"1324\" data-end=\"1352\">\ud83d\udd39 \u00d6ne \u00c7\u0131kan \u00d6zellikler:<\/h3>\n<ul data-start=\"1353\" data-end=\"1608\">\n<li data-start=\"1353\" data-end=\"1370\">\n<p data-start=\"1355\" data-end=\"1370\">Cinsiyet: Erkek<\/p>\n<\/li>\n<li data-start=\"1371\" data-end=\"1419\">\n<p data-start=\"1373\" data-end=\"1419\">Konsantrasyon: Extrait de Parfum (%45\u2019e yak\u0131n)<\/p>\n<\/li>\n<li data-start=\"1420\" data-end=\"1490\">\n<p data-start=\"1422\" data-end=\"1490\">Kullan\u0131m: G\u00fcnl\u00fck kullan\u0131mda l\u00fcks hissi, \u00f6zel g\u00fcnlerde prestijli etki<\/p>\n<\/li>\n<li data-start=\"1491\" data-end=\"1539\">\n<p data-start=\"1493\" data-end=\"1539\">Kal\u0131c\u0131l\u0131k: 10-12 saate kadar y\u00fcksek performans<\/p>\n<\/li>\n<li data-start=\"1540\" data-end=\"1608\">\n<p data-start=\"1542\" data-end=\"1608\">Mevsim: Sonbahar \/ K\u0131\u015f \/ Bahar \u2013 So\u011fuk ve serin havalar i\u00e7in ideal<\/p>\n<\/li>\n<\/ul>","protected":false},"excerpt":{"rendered":"<p data-start=\"581\" data-end=\"869\">Amouage Reflection 45 Man, klasikten ilham alan modern bir erkek parf\u00fcm\u00fc. Yo\u011fun konsantrasyonu ve rafine notalar\u0131yla kal\u0131c\u0131 etki b\u0131rak\u0131r.<\/p>","protected":false},"featured_media":2478,"template":"","meta":{"_joinchat":[]},"product_brand":[57],"product_cat":[15,158,82,80],"product_tag":[],"class_list":{"0":"post-2473","1":"product","2":"type-product","3":"status-publish","4":"has-post-thumbnail","6":"product_brand-amouage","7":"product_cat-tum-urunler","8":"product_cat-amouage","9":"product_cat-dekant","10":"product_cat-erkek","12":"first","13":"instock","14":"taxable","15":"shipping-taxable","16":"purchasable","17":"product-type-variable"},"_links":{"self":[{"href":"https:\/\/etriniche.com\/en\/wp-json\/wp\/v2\/product\/2473","targetHints":{"allow":["GET"]}}],"collection":[{"href":"https:\/\/etriniche.com\/en\/wp-json\/wp\/v2\/product"}],"about":[{"href":"https:\/\/etriniche.com\/en\/wp-json\/wp\/v2\/types\/product"}],"version-history":[{"count":1,"href":"https:\/\/etriniche.com\/en\/wp-json\/wp\/v2\/product\/2473\/revisions"}],"predecessor-version":[{"id":2479,"href":"https:\/\/etriniche.com\/en\/wp-json\/wp\/v2\/product\/2473\/revisions\/2479"}],"wp:featuredmedia":[{"embeddable":true,"href":"https:\/\/etriniche.com\/en\/wp-json\/wp\/v2\/media\/2478"}],"wp:attachment":[{"href":"https:\/\/etriniche.com\/en\/wp-json\/wp\/v2\/media?parent=2473"}],"wp:term":[{"taxonomy":"product_brand","embeddable":true,"href":"https:\/\/etriniche.com\/en\/wp-json\/wp\/v2\/product_brand?post=2473"},{"taxonomy":"product_cat","embeddable":true,"href":"https:\/\/etriniche.com\/en\/wp-json\/wp\/v2\/product_cat?post=2473"},{"taxonomy":"product_tag","embeddable":true,"href":"https:\/\/etriniche.com\/en\/wp-json\/wp\/v2\/product_tag?post=2473"}],"curies":[{"name":"wp","href":"https:\/\/api.w.org\/{rel}","templated":true}]}}