{"id":2448,"date":"2025-12-09T09:48:25","date_gmt":"2025-12-09T09:48:25","guid":{"rendered":"https:\/\/etriniche.com\/?post_type=product&#038;p=2448"},"modified":"2025-12-09T12:16:41","modified_gmt":"2025-12-09T12:16:41","slug":"lattafa-khamrah-qahwa-parfum-2","status":"publish","type":"product","link":"https:\/\/etriniche.com\/en\/magaza\/lattafa-khamrah-qahwa-parfum-2\/","title":{"rendered":"Lattafa Khamrah Qahwa Parf\u00fcm"},"content":{"rendered":"<p data-start=\"533\" data-end=\"820\"><strong data-start=\"533\" data-end=\"558\">Lattafa Khamrah Qahwa<\/strong>, klasik kahve kokusuna ba\u015ftan \u00e7\u0131kar\u0131c\u0131 bir yorum kat\u0131yor. Baharatl\u0131 aromalarla harmanlanm\u0131\u015f yo\u011fun kahve notalar\u0131, sizi bir Arap gecesinin gizemli atmosferine ta\u015f\u0131yor. Vanilya, tar\u00e7\u0131n ve hafif oryantal dokunu\u015flar, tende b\u00fcy\u00fcleyici ve davetk\u00e2r bir iz b\u0131rak\u0131yor.<\/p>\n<p data-start=\"822\" data-end=\"1079\">Unisex yap\u0131s\u0131yla hem kad\u0131n hem erkekler i\u00e7in ideal olan bu parf\u00fcm, \u00f6zellikle serin havalarda kendini g\u00f6steren s\u0131cak ve sar\u0131p sarmalayan bir karaktere sahip. G\u00fcnl\u00fck kullan\u0131m i\u00e7in sofistike bir dokunu\u015f, \u00f6zel ak\u015famlar i\u00e7inse unutulmaz bir imza kokusu olabilir.<\/p>\n<ul data-start=\"1081\" data-end=\"1292\">\n<li data-start=\"1081\" data-end=\"1107\">\n<p data-start=\"1083\" data-end=\"1107\"><strong data-start=\"1083\" data-end=\"1099\">Parf\u00fcm T\u00fcr\u00fc:<\/strong> Uniseks<\/p>\n<\/li>\n<li data-start=\"1108\" data-end=\"1143\">\n<p data-start=\"1110\" data-end=\"1143\"><strong data-start=\"1110\" data-end=\"1123\">Yo\u011funluk:<\/strong> Eau de Parfum (EDP)<\/p>\n<\/li>\n<li data-start=\"1144\" data-end=\"1199\">\n<p data-start=\"1146\" data-end=\"1199\"><strong data-start=\"1146\" data-end=\"1163\">Koku Profili:<\/strong> Baharatl\u0131, Tatl\u0131, Kahveli, Oryantal<\/p>\n<\/li>\n<li data-start=\"1200\" data-end=\"1292\">\n<p data-start=\"1202\" data-end=\"1292\"><strong data-start=\"1202\" data-end=\"1223\">Kullan\u0131m \u00d6nerisi:<\/strong> Sonbahar &amp; K\u0131\u015f mevsimlerinde g\u00fcnd\u00fcz ve gece kullan\u0131m\u0131 i\u00e7in uygundur.<\/p>\n<\/li>\n<\/ul>\n<p data-start=\"1294\" data-end=\"1388\"><strong data-start=\"1294\" data-end=\"1388\">Kahvenin en etkileyici haliyle tan\u0131\u015f\u0131n \u2013 Khamrah Qahwa ile tarz\u0131n\u0131z\u0131 kokunuzla ifade edin.<\/strong><\/p>","protected":false},"excerpt":{"rendered":"<p data-start=\"581\" data-end=\"869\">Lattafa Khamrah Qahwa parf\u00fcm\u00fc; kahve, baharat ve tatl\u0131 notalar\u0131n e\u015fsiz uyumuyla cezbedici bir deneyim sunar. Unisex yap\u0131s\u0131yla g\u00fcn boyu kal\u0131c\u0131, etkileyici ve sofistike bir koku arayanlar i\u00e7in ideal!<\/p>","protected":false},"featured_media":2446,"template":"","meta":{"_joinchat":[]},"product_brand":[60],"product_cat":[15,173,83,81],"product_tag":[],"class_list":{"0":"post-2448","1":"product","2":"type-product","3":"status-publish","4":"has-post-thumbnail","6":"product_brand-lattafa","7":"product_cat-tum-urunler","8":"product_cat-lattafa-tam-boy","9":"product_cat-tam-boy","10":"product_cat-uniseks","12":"first","13":"instock","14":"taxable","15":"shipping-taxable","16":"purchasable","17":"product-type-variable"},"_links":{"self":[{"href":"https:\/\/etriniche.com\/en\/wp-json\/wp\/v2\/product\/2448","targetHints":{"allow":["GET"]}}],"collection":[{"href":"https:\/\/etriniche.com\/en\/wp-json\/wp\/v2\/product"}],"about":[{"href":"https:\/\/etriniche.com\/en\/wp-json\/wp\/v2\/types\/product"}],"version-history":[{"count":1,"href":"https:\/\/etriniche.com\/en\/wp-json\/wp\/v2\/product\/2448\/revisions"}],"predecessor-version":[{"id":2450,"href":"https:\/\/etriniche.com\/en\/wp-json\/wp\/v2\/product\/2448\/revisions\/2450"}],"wp:featuredmedia":[{"embeddable":true,"href":"https:\/\/etriniche.com\/en\/wp-json\/wp\/v2\/media\/2446"}],"wp:attachment":[{"href":"https:\/\/etriniche.com\/en\/wp-json\/wp\/v2\/media?parent=2448"}],"wp:term":[{"taxonomy":"product_brand","embeddable":true,"href":"https:\/\/etriniche.com\/en\/wp-json\/wp\/v2\/product_brand?post=2448"},{"taxonomy":"product_cat","embeddable":true,"href":"https:\/\/etriniche.com\/en\/wp-json\/wp\/v2\/product_cat?post=2448"},{"taxonomy":"product_tag","embeddable":true,"href":"https:\/\/etriniche.com\/en\/wp-json\/wp\/v2\/product_tag?post=2448"}],"curies":[{"name":"wp","href":"https:\/\/api.w.org\/{rel}","templated":true}]}}