{"id":2418,"date":"2025-12-09T08:20:43","date_gmt":"2025-12-09T08:20:43","guid":{"rendered":"https:\/\/etriniche.com\/?post_type=product&#038;p=2418"},"modified":"2025-12-19T08:39:06","modified_gmt":"2025-12-19T08:39:06","slug":"ahmed-al-maghribi-ignite-oud-parfum","status":"publish","type":"product","link":"https:\/\/etriniche.com\/en\/magaza\/ahmed-al-maghribi-ignite-oud-parfum\/","title":{"rendered":"Ahmed Al Maghribi Ignite Oud Parf\u00fcm"},"content":{"rendered":"<p data-start=\"468\" data-end=\"531\"><strong data-start=\"468\" data-end=\"531\">Tutkunun Ate\u015fini Hisset \u2013 Ignite Oud ile Derin Bir \u0130z B\u0131rak<\/strong><\/p>\n<p data-start=\"533\" data-end=\"971\">Ahmed Al Maghribi&#8217;nin sofistike \u00e7izgisini ta\u015f\u0131yan <strong data-start=\"583\" data-end=\"597\">Ignite Oud<\/strong>, ba\u015ftan \u00e7\u0131kar\u0131c\u0131 ve karizmatik bir parf\u00fcm deneyimi sunuyor. \u00dcst notalarda deri ve sardunya ile a\u00e7\u0131l\u0131\u015f yapan bu e\u015fsiz parf\u00fcm, erkeksi ve iddial\u0131 bir giri\u015f yapar. Orta notalardaki pa\u00e7uli ve sedir a\u011fac\u0131, kompozisyona g\u00fc\u00e7l\u00fc ve rafine bir karakter katarken, alt notalarda yer alan kehribar, sandal a\u011fac\u0131, misk ve yosun sayesinde parf\u00fcm, teninizde s\u0131cak ve kal\u0131c\u0131 bir iz b\u0131rak\u0131r.<\/p>\n<p data-start=\"973\" data-end=\"1154\">Bu parf\u00fcm, \u00f6zellikle \u00f6zg\u00fcvenli ve karizmatik erkekler i\u00e7in tasarlanm\u0131\u015ft\u0131r. Yo\u011funlu\u011fu sayesinde ak\u015fam kullan\u0131mlar\u0131 ve \u00f6zel davetlerde fark edilmek isteyenler i\u00e7in ideal bir se\u00e7imdir.<\/p>\n<p data-start=\"1156\" data-end=\"1173\"><strong data-start=\"1156\" data-end=\"1173\">Koku Profili:<\/strong><\/p>\n<ul data-start=\"1174\" data-end=\"1308\">\n<li data-start=\"1174\" data-end=\"1209\">\n<p data-start=\"1176\" data-end=\"1209\"><strong data-start=\"1176\" data-end=\"1192\">\u00dcst Notalar:<\/strong> Deri, Sardunya<\/p>\n<\/li>\n<li data-start=\"1210\" data-end=\"1251\">\n<p data-start=\"1212\" data-end=\"1251\"><strong data-start=\"1212\" data-end=\"1229\">Orta Notalar:<\/strong> Pa\u00e7uli, Sedir A\u011fac\u0131<\/p>\n<\/li>\n<li data-start=\"1252\" data-end=\"1308\">\n<p data-start=\"1254\" data-end=\"1308\"><strong data-start=\"1254\" data-end=\"1270\">Alt Notalar:<\/strong> Kehribar, Sandal A\u011fac\u0131, Misk, Yosun<\/p>\n<\/li>\n<\/ul>\n<p data-start=\"1310\" data-end=\"1393\"><strong data-start=\"1310\" data-end=\"1319\">Stil:<\/strong> Mask\u00fclen \u00b7 Derin \u00b7 \u00c7ekici<br data-start=\"1345\" data-end=\"1348\" \/><strong data-start=\"1348\" data-end=\"1368\">Kullan\u0131m Zaman\u0131:<\/strong> Sonbahar \/ K\u0131\u015f \u00b7 Ak\u015fam<\/p>","protected":false},"excerpt":{"rendered":"<p data-start=\"581\" data-end=\"869\">Ahmed Al Maghribi Ignite Oud, deri, kehribar ve miskin e\u015fsiz uyumunu yans\u0131tan karizmatik bir erkek parf\u00fcm\u00fcd\u00fcr. \u015e\u0131kl\u0131\u011f\u0131n ve g\u00fcc\u00fcn simgesi bu oriental odunsu koku, her ortamda fark yarat\u0131r.<\/p>","protected":false},"featured_media":2422,"template":"","meta":{"_joinchat":[]},"product_brand":[179],"product_cat":[15,178,82,81],"product_tag":[],"class_list":{"0":"post-2418","1":"product","2":"type-product","3":"status-publish","4":"has-post-thumbnail","6":"product_brand-ahmed-el-magribi","7":"product_cat-tum-urunler","8":"product_cat-ahmed-el-magribi","9":"product_cat-dekant","10":"product_cat-uniseks","12":"first","13":"instock","14":"taxable","15":"shipping-taxable","16":"purchasable","17":"product-type-variable"},"_links":{"self":[{"href":"https:\/\/etriniche.com\/en\/wp-json\/wp\/v2\/product\/2418","targetHints":{"allow":["GET"]}}],"collection":[{"href":"https:\/\/etriniche.com\/en\/wp-json\/wp\/v2\/product"}],"about":[{"href":"https:\/\/etriniche.com\/en\/wp-json\/wp\/v2\/types\/product"}],"version-history":[{"count":1,"href":"https:\/\/etriniche.com\/en\/wp-json\/wp\/v2\/product\/2418\/revisions"}],"predecessor-version":[{"id":2423,"href":"https:\/\/etriniche.com\/en\/wp-json\/wp\/v2\/product\/2418\/revisions\/2423"}],"wp:featuredmedia":[{"embeddable":true,"href":"https:\/\/etriniche.com\/en\/wp-json\/wp\/v2\/media\/2422"}],"wp:attachment":[{"href":"https:\/\/etriniche.com\/en\/wp-json\/wp\/v2\/media?parent=2418"}],"wp:term":[{"taxonomy":"product_brand","embeddable":true,"href":"https:\/\/etriniche.com\/en\/wp-json\/wp\/v2\/product_brand?post=2418"},{"taxonomy":"product_cat","embeddable":true,"href":"https:\/\/etriniche.com\/en\/wp-json\/wp\/v2\/product_cat?post=2418"},{"taxonomy":"product_tag","embeddable":true,"href":"https:\/\/etriniche.com\/en\/wp-json\/wp\/v2\/product_tag?post=2418"}],"curies":[{"name":"wp","href":"https:\/\/api.w.org\/{rel}","templated":true}]}}