{"id":2412,"date":"2025-12-08T15:07:26","date_gmt":"2025-12-08T15:07:26","guid":{"rendered":"https:\/\/etriniche.com\/?post_type=product&#038;p=2412"},"modified":"2025-12-08T15:19:06","modified_gmt":"2025-12-08T15:19:06","slug":"lattafa-teriaq-intense-uniseks-parfum","status":"publish","type":"product","link":"https:\/\/etriniche.com\/en\/magaza\/lattafa-teriaq-intense-uniseks-parfum\/","title":{"rendered":"Lattafa Teriaq Intense Uniseks Parf\u00fcm"},"content":{"rendered":"<p data-start=\"591\" data-end=\"840\">Lattafa Perfumes\u2019in dikkat \u00e7eken kokular\u0131ndan biri olan <strong data-start=\"647\" data-end=\"665\">Teriaq Intense<\/strong>, ismiyle oldu\u011fu kadar i\u00e7eri\u011fiyle de ba\u015f d\u00f6nd\u00fcr\u00fcyor. Bu e\u015fsiz uniseks parf\u00fcm, <strong data-start=\"743\" data-end=\"765\">baharatl\u0131 s\u0131cakl\u0131k<\/strong>, <strong data-start=\"767\" data-end=\"785\">tatl\u0131 aromalar<\/strong> ve <strong data-start=\"789\" data-end=\"808\">odunsu derinlik<\/strong> aras\u0131nda zarif bir ge\u00e7i\u015f sunar.<\/p>\n<p data-start=\"842\" data-end=\"1243\">A\u00e7\u0131l\u0131\u015fta burunlar\u0131 saran <strong data-start=\"867\" data-end=\"887\">yo\u011fun baharatlar<\/strong> ve tatl\u0131 notalar, k\u0131sa s\u00fcrede yerini parf\u00fcm\u00fcn kalbindeki <strong data-start=\"945\" data-end=\"953\">misk<\/strong>, <strong data-start=\"955\" data-end=\"966\">vanilya<\/strong> ve <strong data-start=\"970\" data-end=\"1004\">t\u00fct\u00fcn benzeri kremsi s\u0131cakl\u0131\u011fa<\/strong> b\u0131rak\u0131r. Bu orta katmanda gizemli ama rahatlat\u0131c\u0131 bir hava h\u00e2kimdir. Parf\u00fcm, alt notalarda ise <strong data-start=\"1100\" data-end=\"1109\">amber<\/strong>, <strong data-start=\"1111\" data-end=\"1129\">oud (agarwood)<\/strong> ve <strong data-start=\"1133\" data-end=\"1149\">sandal a\u011fac\u0131<\/strong> gibi g\u00fc\u00e7l\u00fc, oryantal dokunu\u015flarla adeta teninize yap\u0131\u015f\u0131r ve saatler boyunca silinmeden kal\u0131r.<\/p>\n<hr data-start=\"1245\" data-end=\"1248\" \/>\n<h3 data-start=\"1250\" data-end=\"1279\"><strong data-start=\"1254\" data-end=\"1279\">\u00d6ne \u00c7\u0131kan \u00d6zellikler:<\/strong><\/h3>\n<ul data-start=\"1280\" data-end=\"1681\">\n<li data-start=\"1280\" data-end=\"1377\">\n<p data-start=\"1282\" data-end=\"1377\"><strong data-start=\"1282\" data-end=\"1302\">Uniseks kullan\u0131m<\/strong>: Hem kad\u0131nlar hem erkekler i\u00e7in tasarlanm\u0131\u015f, sofistike bir koku profili.<\/p>\n<\/li>\n<li data-start=\"1378\" data-end=\"1472\">\n<p data-start=\"1380\" data-end=\"1472\"><strong data-start=\"1380\" data-end=\"1418\">K\u0131\u015f ve sonbahar mevsimi i\u00e7in ideal<\/strong>: So\u011fuk havalarda teninizde s\u0131cakl\u0131k etkisi yarat\u0131r.<\/p>\n<\/li>\n<li data-start=\"1473\" data-end=\"1581\">\n<p data-start=\"1475\" data-end=\"1581\"><strong data-start=\"1475\" data-end=\"1525\">Yo\u011fun parf\u00fcm severlere hitap eden bir karakter<\/strong>: Kal\u0131c\u0131l\u0131k ve yay\u0131l\u0131m konusunda \u00fcst d\u00fczey performans.<\/p>\n<\/li>\n<li data-start=\"1582\" data-end=\"1681\">\n<p data-start=\"1584\" data-end=\"1681\"><strong data-start=\"1584\" data-end=\"1600\">\u0130lham verici<\/strong>: Arap parf\u00fcm k\u00fclt\u00fcr\u00fcnden ilham alarak modern ve zarif dokunu\u015flarla harmanlanm\u0131\u015f.<\/p>\n<\/li>\n<\/ul>\n<hr data-start=\"1683\" data-end=\"1686\" \/>\n<h3 data-start=\"1688\" data-end=\"1728\"><strong data-start=\"1692\" data-end=\"1728\">Koku Profili (Muhtemel Notalar):<\/strong><\/h3>\n<ul data-start=\"1729\" data-end=\"1868\">\n<li data-start=\"1729\" data-end=\"1781\">\n<p data-start=\"1731\" data-end=\"1781\"><strong data-start=\"1731\" data-end=\"1746\">\u00dcst Notalar<\/strong>: Baharat kar\u0131\u015f\u0131m\u0131, kuru meyveler<\/p>\n<\/li>\n<li data-start=\"1782\" data-end=\"1824\">\n<p data-start=\"1784\" data-end=\"1824\"><strong data-start=\"1784\" data-end=\"1800\">Orta Notalar<\/strong>: Vanilya, T\u00fct\u00fcn, Misk<\/p>\n<\/li>\n<li data-start=\"1825\" data-end=\"1868\">\n<p data-start=\"1827\" data-end=\"1868\"><strong data-start=\"1827\" data-end=\"1842\">Alt Notalar<\/strong>: Oud, Amber, Sandal A\u011fac\u0131<\/p>\n<\/li>\n<\/ul>\n<hr data-start=\"1870\" data-end=\"1873\" \/>\n<p data-start=\"1875\" data-end=\"2085\">Lattafa Teriaq Intense, sadece koklamak i\u00e7in de\u011fil, <strong data-start=\"1927\" data-end=\"1979\">an\u0131 ya\u015fatmak ve karakterinizi ortaya koymak i\u00e7in<\/strong> yarat\u0131ld\u0131.<br data-start=\"1990\" data-end=\"1993\" \/>S\u0131radan kokulardan s\u0131k\u0131ld\u0131ysan\u0131z ve fark edilmek istiyorsan\u0131z, Teriaq Intense tam size g\u00f6re.<\/p>","protected":false},"excerpt":{"rendered":"<p data-start=\"581\" data-end=\"869\">Lattafa Teriaq Intense, s\u0131cak baharatlar, odunsu notalar ve oryantal bir zarafetle harmanlanm\u0131\u015f, etkileyici ve uzun kal\u0131c\u0131l\u0131\u011fa sahip uniseks parf\u00fcm. L\u00fcks ve gizemli bir iz b\u0131rak\u0131n.<\/p>","protected":false},"featured_media":2416,"template":"","meta":{"_joinchat":[]},"product_brand":[117,60],"product_cat":[15,82,118,81],"product_tag":[],"class_list":{"0":"post-2412","1":"product","2":"type-product","3":"status-publish","4":"has-post-thumbnail","6":"product_brand-lancome","7":"product_brand-lattafa","8":"product_cat-tum-urunler","9":"product_cat-dekant","10":"product_cat-lattafa","11":"product_cat-uniseks","13":"first","14":"instock","15":"taxable","16":"shipping-taxable","17":"purchasable","18":"product-type-variable"},"_links":{"self":[{"href":"https:\/\/etriniche.com\/en\/wp-json\/wp\/v2\/product\/2412","targetHints":{"allow":["GET"]}}],"collection":[{"href":"https:\/\/etriniche.com\/en\/wp-json\/wp\/v2\/product"}],"about":[{"href":"https:\/\/etriniche.com\/en\/wp-json\/wp\/v2\/types\/product"}],"version-history":[{"count":1,"href":"https:\/\/etriniche.com\/en\/wp-json\/wp\/v2\/product\/2412\/revisions"}],"predecessor-version":[{"id":2417,"href":"https:\/\/etriniche.com\/en\/wp-json\/wp\/v2\/product\/2412\/revisions\/2417"}],"wp:featuredmedia":[{"embeddable":true,"href":"https:\/\/etriniche.com\/en\/wp-json\/wp\/v2\/media\/2416"}],"wp:attachment":[{"href":"https:\/\/etriniche.com\/en\/wp-json\/wp\/v2\/media?parent=2412"}],"wp:term":[{"taxonomy":"product_brand","embeddable":true,"href":"https:\/\/etriniche.com\/en\/wp-json\/wp\/v2\/product_brand?post=2412"},{"taxonomy":"product_cat","embeddable":true,"href":"https:\/\/etriniche.com\/en\/wp-json\/wp\/v2\/product_cat?post=2412"},{"taxonomy":"product_tag","embeddable":true,"href":"https:\/\/etriniche.com\/en\/wp-json\/wp\/v2\/product_tag?post=2412"}],"curies":[{"name":"wp","href":"https:\/\/api.w.org\/{rel}","templated":true}]}}