{"id":2355,"date":"2025-12-07T11:25:54","date_gmt":"2025-12-07T11:25:54","guid":{"rendered":"https:\/\/etriniche.com\/?post_type=product&#038;p=2355"},"modified":"2025-12-08T09:20:29","modified_gmt":"2025-12-08T09:20:29","slug":"afnan-tribute-blue-afnan-unisex-parfum","status":"publish","type":"product","link":"https:\/\/etriniche.com\/en\/magaza\/afnan-tribute-blue-afnan-unisex-parfum\/","title":{"rendered":"Afnan Tribute Blue  Unisex Parf\u00fcm"},"content":{"rendered":"<p data-start=\"554\" data-end=\"778\"><strong data-start=\"554\" data-end=\"579\">Tribute Blue by Afnan<\/strong> \u2013 zarifli\u011fin ve \u00f6zg\u00fcrl\u00fc\u011f\u00fcn sembol\u00fc. Modern d\u00fcnyaya ayak uyduran, kendinden emin ve ferah kokular\u0131 seven kad\u0131n ve erkekler i\u00e7in tasarlanm\u0131\u015f bu parf\u00fcm, size g\u00fcn boyu e\u015flik edecek bir imza niteli\u011finde.<\/p>\n<p data-start=\"780\" data-end=\"1044\">A\u00e7\u0131l\u0131\u015fta sizi kar\u015f\u0131layan taze bergamot ve narenciye notalar\u0131, adeta bir okyanus esintisi gibi ferahl\u0131k sunar. Kalp notalar\u0131nda yasemin ve lavantan\u0131n \u00e7i\u00e7eksi zarafetiyle, alt notalardaki misk ve sedir a\u011fac\u0131 ise kokuyu s\u0131cak, \u015fehvetli ve kal\u0131c\u0131 bir forma d\u00f6n\u00fc\u015ft\u00fcr\u00fcr.<\/p>\n<p data-start=\"1046\" data-end=\"1066\"><strong data-start=\"1046\" data-end=\"1066\">Neden Se\u00e7ilmeli?<\/strong><\/p>\n<ul data-start=\"1067\" data-end=\"1285\">\n<li data-start=\"1067\" data-end=\"1131\">\n<p data-start=\"1069\" data-end=\"1131\">Unisex kullan\u0131m: Hem kad\u0131nlar hem de erkekler i\u00e7in uygundur.<\/p>\n<\/li>\n<li data-start=\"1132\" data-end=\"1162\">\n<p data-start=\"1134\" data-end=\"1162\">Y\u00fcksek kal\u0131c\u0131l\u0131k ve silaj.<\/p>\n<\/li>\n<li data-start=\"1163\" data-end=\"1223\">\n<p data-start=\"1165\" data-end=\"1223\">G\u00fcnd\u00fczden geceye, her ortama uyum sa\u011flayan dengeli yap\u0131.<\/p>\n<\/li>\n<li data-start=\"1224\" data-end=\"1285\">\n<p data-start=\"1226\" data-end=\"1285\">Estetik \u015fi\u015fe tasar\u0131m\u0131 ile raflarda ayr\u0131cal\u0131\u011f\u0131n\u0131 belli eder.<\/p>\n<\/li>\n<\/ul>\n<p data-start=\"1287\" data-end=\"1372\"><strong data-start=\"1287\" data-end=\"1315\">Kokunun Genel Karakteri:<\/strong><br data-start=\"1315\" data-end=\"1318\" \/>\ud83d\udd39 Ferah<br data-start=\"1326\" data-end=\"1329\" \/>\ud83d\udd39 Odunsu<br data-start=\"1338\" data-end=\"1341\" \/>\ud83d\udd39 \u00c7i\u00e7eksi<br data-start=\"1351\" data-end=\"1354\" \/>\ud83d\udd39 Modern ve zarif<\/p>","protected":false},"excerpt":{"rendered":"<p data-start=\"581\" data-end=\"869\">Tribute Blue Afnan Parf\u00fcm; deniz esintileri, turun\u00e7giller ve miskin e\u015fsiz birle\u015fimiyle modern, sofistike bir duru\u015f sunar. Unisex form\u00fcl\u00fcyle kal\u0131c\u0131 etki sa\u011flar. Hemen ke\u015ffedin!<\/p>","protected":false},"featured_media":2360,"template":"","meta":{"_joinchat":[]},"product_brand":[170],"product_cat":[15,169,82,81],"product_tag":[],"class_list":{"0":"post-2355","1":"product","2":"type-product","3":"status-publish","4":"has-post-thumbnail","6":"product_brand-afnan","7":"product_cat-tum-urunler","8":"product_cat-afnan","9":"product_cat-dekant","10":"product_cat-uniseks","12":"first","13":"instock","14":"taxable","15":"shipping-taxable","16":"purchasable","17":"product-type-variable"},"_links":{"self":[{"href":"https:\/\/etriniche.com\/en\/wp-json\/wp\/v2\/product\/2355","targetHints":{"allow":["GET"]}}],"collection":[{"href":"https:\/\/etriniche.com\/en\/wp-json\/wp\/v2\/product"}],"about":[{"href":"https:\/\/etriniche.com\/en\/wp-json\/wp\/v2\/types\/product"}],"version-history":[{"count":2,"href":"https:\/\/etriniche.com\/en\/wp-json\/wp\/v2\/product\/2355\/revisions"}],"predecessor-version":[{"id":2371,"href":"https:\/\/etriniche.com\/en\/wp-json\/wp\/v2\/product\/2355\/revisions\/2371"}],"wp:featuredmedia":[{"embeddable":true,"href":"https:\/\/etriniche.com\/en\/wp-json\/wp\/v2\/media\/2360"}],"wp:attachment":[{"href":"https:\/\/etriniche.com\/en\/wp-json\/wp\/v2\/media?parent=2355"}],"wp:term":[{"taxonomy":"product_brand","embeddable":true,"href":"https:\/\/etriniche.com\/en\/wp-json\/wp\/v2\/product_brand?post=2355"},{"taxonomy":"product_cat","embeddable":true,"href":"https:\/\/etriniche.com\/en\/wp-json\/wp\/v2\/product_cat?post=2355"},{"taxonomy":"product_tag","embeddable":true,"href":"https:\/\/etriniche.com\/en\/wp-json\/wp\/v2\/product_tag?post=2355"}],"curies":[{"name":"wp","href":"https:\/\/api.w.org\/{rel}","templated":true}]}}