{"id":2327,"date":"2025-12-07T09:49:24","date_gmt":"2025-12-07T09:49:24","guid":{"rendered":"https:\/\/etriniche.com\/?post_type=product&#038;p=2327"},"modified":"2025-12-07T09:51:26","modified_gmt":"2025-12-07T09:51:26","slug":"mancera-red-tobacco-parfum","status":"publish","type":"product","link":"https:\/\/etriniche.com\/en\/magaza\/mancera-red-tobacco-parfum\/","title":{"rendered":"Mancera Red Tobacco Parf\u00fcm"},"content":{"rendered":"<p data-start=\"543\" data-end=\"872\"><strong data-start=\"543\" data-end=\"566\">Mancera Red Tobacco<\/strong>, ismi kadar etkileyici ve yo\u011fun bir karaktere sahip; ba\u015ftan \u00e7\u0131kar\u0131c\u0131 bir t\u00fct\u00fcn parf\u00fcm\u00fcd\u00fcr. \u0130lk s\u0131k\u0131mda buram buram yay\u0131lan <strong data-start=\"690\" data-end=\"727\">baharatl\u0131 tar\u00e7\u0131n, t\u00fcts\u00fc ve safran<\/strong> dokunu\u015flar\u0131, an\u0131nda g\u00fc\u00e7l\u00fc bir izlenim b\u0131rak\u0131r. Ard\u0131ndan gelen <strong data-start=\"790\" data-end=\"809\">t\u00fct\u00fcn ve pa\u00e7uli<\/strong> notalar\u0131, parf\u00fcme karanl\u0131k ve gizemli bir derinlik kazand\u0131r\u0131r.<\/p>\n<p data-start=\"874\" data-end=\"1237\"><strong data-start=\"874\" data-end=\"899\">Vanilya ve beyaz misk<\/strong> ile tamamlanan baz notalar ise, Red Tobacco\u2019nun sert mask\u00fclen yap\u0131s\u0131na yumu\u015fak ve tatl\u0131 bir imza katar. Hem \u015fehvetli hem de kararl\u0131 bu yap\u0131, kokunun saatlerce tende kalmas\u0131n\u0131 sa\u011flar. K\u0131\u015f ve sonbahar mevsimlerinde, \u00f6zel ak\u015famlar veya gece d\u0131\u015far\u0131 \u00e7\u0131karken kullan\u0131ld\u0131\u011f\u0131nda etraf\u0131n\u0131zdakileri etkileyen, iltifat garantili bir auraya sahiptir.<\/p>\n<p data-start=\"1239\" data-end=\"1344\">Yo\u011fun, kal\u0131c\u0131 ve dikkat \u00e7ekici parf\u00fcmleri sevenler i\u00e7in <strong data-start=\"1295\" data-end=\"1318\">Mancera Red Tobacco<\/strong>, vazge\u00e7ilmez bir se\u00e7enek!<\/p>\n<hr data-start=\"1346\" data-end=\"1349\" \/>\n<h3 data-start=\"1351\" data-end=\"1379\"><strong data-start=\"1358\" data-end=\"1379\">\u00d6ne \u00c7\u0131kan Notalar<\/strong><\/h3>\n<ul data-start=\"1380\" data-end=\"1566\">\n<li data-start=\"1380\" data-end=\"1458\">\n<p data-start=\"1382\" data-end=\"1458\"><strong data-start=\"1382\" data-end=\"1398\">\u00dcst Notalar:<\/strong> Tar\u00e7\u0131n, T\u00fcts\u00fc, Oudh, Safran, Hindistan Cevizi, Ye\u015fil Elma<\/p>\n<\/li>\n<li data-start=\"1459\" data-end=\"1503\">\n<p data-start=\"1461\" data-end=\"1503\"><strong data-start=\"1461\" data-end=\"1478\">Orta Notalar:<\/strong> Pa\u00e7uli, T\u00fct\u00fcn, Vetiver<\/p>\n<\/li>\n<li data-start=\"1504\" data-end=\"1566\">\n<p data-start=\"1506\" data-end=\"1566\"><strong data-start=\"1506\" data-end=\"1522\">Baz Notalar:<\/strong> Vanilya, Sandal A\u011fac\u0131, Beyaz Misk, Kehribar<\/p>\n<\/li>\n<\/ul>\n<hr data-start=\"1568\" data-end=\"1571\" \/>\n<h3 data-start=\"1573\" data-end=\"1602\"><strong data-start=\"1580\" data-end=\"1602\">Kimler \u0130\u00e7in Uygun?<\/strong><\/h3>\n<ul data-start=\"1603\" data-end=\"1783\">\n<li data-start=\"1603\" data-end=\"1653\">\n<p data-start=\"1605\" data-end=\"1653\">Yo\u011fun baharat ve t\u00fct\u00fcn kokular\u0131n\u0131 seven erkekler<\/p>\n<\/li>\n<li data-start=\"1654\" data-end=\"1716\">\n<p data-start=\"1656\" data-end=\"1716\">Karizmatik, etkileyici ve erkeksi bir imza parf\u00fcm isteyenler<\/p>\n<\/li>\n<li data-start=\"1717\" data-end=\"1783\">\n<p data-start=\"1719\" data-end=\"1783\">K\u0131\u015f aylar\u0131nda kal\u0131c\u0131l\u0131\u011f\u0131 y\u00fcksek kokular arayan parf\u00fcm tutkunlar\u0131<\/p>\n<\/li>\n<\/ul>","protected":false},"excerpt":{"rendered":"<p data-start=\"581\" data-end=\"869\">Mancera Red Tobacco; s\u0131cak baharatlar, t\u00fct\u00fcn ve vanilyan\u0131n e\u015fsiz uyumuyla erkeksi, karizmatik ve \u00e7arp\u0131c\u0131 bir parf\u00fcm deneyimi sunar. Yo\u011fun ve kal\u0131c\u0131 ni\u015f parf\u00fcm arayanlar i\u00e7in ideal.<\/p>","protected":false},"featured_media":2332,"template":"","meta":{"_joinchat":[]},"product_brand":[129],"product_cat":[15,82,128,81],"product_tag":[],"class_list":{"0":"post-2327","1":"product","2":"type-product","3":"status-publish","4":"has-post-thumbnail","6":"product_brand-mancera","7":"product_cat-tum-urunler","8":"product_cat-dekant","9":"product_cat-mancera","10":"product_cat-uniseks","12":"first","13":"instock","14":"taxable","15":"shipping-taxable","16":"purchasable","17":"product-type-variable"},"_links":{"self":[{"href":"https:\/\/etriniche.com\/en\/wp-json\/wp\/v2\/product\/2327","targetHints":{"allow":["GET"]}}],"collection":[{"href":"https:\/\/etriniche.com\/en\/wp-json\/wp\/v2\/product"}],"about":[{"href":"https:\/\/etriniche.com\/en\/wp-json\/wp\/v2\/types\/product"}],"version-history":[{"count":1,"href":"https:\/\/etriniche.com\/en\/wp-json\/wp\/v2\/product\/2327\/revisions"}],"predecessor-version":[{"id":2333,"href":"https:\/\/etriniche.com\/en\/wp-json\/wp\/v2\/product\/2327\/revisions\/2333"}],"wp:featuredmedia":[{"embeddable":true,"href":"https:\/\/etriniche.com\/en\/wp-json\/wp\/v2\/media\/2332"}],"wp:attachment":[{"href":"https:\/\/etriniche.com\/en\/wp-json\/wp\/v2\/media?parent=2327"}],"wp:term":[{"taxonomy":"product_brand","embeddable":true,"href":"https:\/\/etriniche.com\/en\/wp-json\/wp\/v2\/product_brand?post=2327"},{"taxonomy":"product_cat","embeddable":true,"href":"https:\/\/etriniche.com\/en\/wp-json\/wp\/v2\/product_cat?post=2327"},{"taxonomy":"product_tag","embeddable":true,"href":"https:\/\/etriniche.com\/en\/wp-json\/wp\/v2\/product_tag?post=2327"}],"curies":[{"name":"wp","href":"https:\/\/api.w.org\/{rel}","templated":true}]}}