{"id":2313,"date":"2025-12-07T09:40:36","date_gmt":"2025-12-07T09:40:36","guid":{"rendered":"https:\/\/etriniche.com\/?post_type=product&#038;p=2313"},"modified":"2025-12-07T09:42:50","modified_gmt":"2025-12-07T09:42:50","slug":"matiere-premiere-radical-rose-uniseks-parfum","status":"publish","type":"product","link":"https:\/\/etriniche.com\/en\/magaza\/matiere-premiere-radical-rose-uniseks-parfum\/","title":{"rendered":"Matiere Premiere Radical Rose Uniseks Parf\u00fcm"},"content":{"rendered":"<p data-start=\"596\" data-end=\"832\"><strong data-start=\"596\" data-end=\"629\">Matiere Premiere Radical Rose<\/strong>, ad\u0131ndan da anla\u015f\u0131laca\u011f\u0131 gibi <strong data-start=\"660\" data-end=\"686\">radikal bir g\u00fcl yorumu<\/strong> sunuyor. Klasik ve romantik g\u00fcl kokular\u0131ndan \u00e7ok daha \u00f6teye ge\u00e7en bu parf\u00fcm; g\u00fc\u00e7l\u00fc, modern ve ba\u015ftan \u00e7\u0131kar\u0131c\u0131 bir imza arayanlar i\u00e7in tasarland\u0131.<\/p>\n<p data-start=\"834\" data-end=\"1099\">\u0130\u00e7eri\u011finde kullan\u0131lan <strong data-start=\"856\" data-end=\"878\">organik g\u00fcl esans\u0131<\/strong>, do\u011frudan Grasse b\u00f6lgesindeki g\u00fcl tarlalar\u0131ndan elde edilmi\u015ftir. Bu do\u011fal g\u00fcl kokusuna e\u015flik eden <strong data-start=\"977\" data-end=\"987\">safran<\/strong>, kompozisyona egzotik bir s\u0131cakl\u0131k katarken; <strong data-start=\"1033\" data-end=\"1055\">pa\u00e7uli ve labdanum<\/strong> gibi notalar, derinlik ve kal\u0131c\u0131l\u0131k sa\u011flar.<\/p>\n<p data-start=\"1101\" data-end=\"1343\">Radical Rose; \u00e7i\u00e7eksi bir zarafetle odunsu bir g\u00fcc\u00fcn bulu\u015ftu\u011fu sofistike bir yap\u0131ya sahiptir. <strong data-start=\"1195\" data-end=\"1257\">G\u00fcnd\u00fcz ofis \u015f\u0131kl\u0131\u011f\u0131na da gece \u00f6zel anlara da uyum sa\u011flayan<\/strong> \u00e7ok y\u00f6nl\u00fc bir uniseks parf\u00fcmd\u00fcr. Minimalist ama iddial\u0131, \u00e7arp\u0131c\u0131 ama asla a\u011f\u0131r de\u011fil\u2026<\/p>\n<p data-start=\"1345\" data-end=\"1463\">Bu parf\u00fcm\u00fc kulland\u0131\u011f\u0131n\u0131zda insanlar sadece g\u00fczel koktu\u011funuzu de\u011fil, stilinizin ne kadar \u00f6zg\u00fcn oldu\u011funu da fark edecek.<\/p>\n<hr data-start=\"1465\" data-end=\"1468\" \/>\n<h3 data-start=\"1470\" data-end=\"1501\"><strong data-start=\"1477\" data-end=\"1499\">\u00a0Notalar:<\/strong><\/h3>\n<ul data-start=\"1502\" data-end=\"1612\">\n<li data-start=\"1502\" data-end=\"1538\">\n<p data-start=\"1504\" data-end=\"1538\"><strong data-start=\"1504\" data-end=\"1517\">\u00dcst Nota:<\/strong> Organik G\u00fcl Esans\u0131<\/p>\n<\/li>\n<li data-start=\"1539\" data-end=\"1574\">\n<p data-start=\"1541\" data-end=\"1574\"><strong data-start=\"1541\" data-end=\"1555\">Orta Nota:<\/strong> Safran, Labdanum<\/p>\n<\/li>\n<li data-start=\"1575\" data-end=\"1612\">\n<p data-start=\"1577\" data-end=\"1612\"><strong data-start=\"1577\" data-end=\"1590\">Baz Nota:<\/strong> Pa\u00e7uli, Sedir A\u011fac\u0131<\/p>\n<\/li>\n<\/ul>","protected":false},"excerpt":{"rendered":"<p data-start=\"581\" data-end=\"869\">Radical Rose, organik g\u00fcl esans\u0131, safran ve pa\u00e7uliyle sofistike ve modern bir uniseks parf\u00fcm. G\u00fc\u00e7l\u00fc g\u00fcl notalar\u0131yla fark yaratmak isteyenler i\u00e7in ideal se\u00e7im.<\/p>","protected":false},"featured_media":2318,"template":"","meta":{"_joinchat":[]},"product_brand":[131],"product_cat":[15,82,130,81],"product_tag":[],"class_list":{"0":"post-2313","1":"product","2":"type-product","3":"status-publish","4":"has-post-thumbnail","6":"product_brand-matiere-premiere","7":"product_cat-tum-urunler","8":"product_cat-dekant","9":"product_cat-matiere-premiere","10":"product_cat-uniseks","12":"first","13":"instock","14":"taxable","15":"shipping-taxable","16":"purchasable","17":"product-type-variable"},"_links":{"self":[{"href":"https:\/\/etriniche.com\/en\/wp-json\/wp\/v2\/product\/2313","targetHints":{"allow":["GET"]}}],"collection":[{"href":"https:\/\/etriniche.com\/en\/wp-json\/wp\/v2\/product"}],"about":[{"href":"https:\/\/etriniche.com\/en\/wp-json\/wp\/v2\/types\/product"}],"version-history":[{"count":1,"href":"https:\/\/etriniche.com\/en\/wp-json\/wp\/v2\/product\/2313\/revisions"}],"predecessor-version":[{"id":2319,"href":"https:\/\/etriniche.com\/en\/wp-json\/wp\/v2\/product\/2313\/revisions\/2319"}],"wp:featuredmedia":[{"embeddable":true,"href":"https:\/\/etriniche.com\/en\/wp-json\/wp\/v2\/media\/2318"}],"wp:attachment":[{"href":"https:\/\/etriniche.com\/en\/wp-json\/wp\/v2\/media?parent=2313"}],"wp:term":[{"taxonomy":"product_brand","embeddable":true,"href":"https:\/\/etriniche.com\/en\/wp-json\/wp\/v2\/product_brand?post=2313"},{"taxonomy":"product_cat","embeddable":true,"href":"https:\/\/etriniche.com\/en\/wp-json\/wp\/v2\/product_cat?post=2313"},{"taxonomy":"product_tag","embeddable":true,"href":"https:\/\/etriniche.com\/en\/wp-json\/wp\/v2\/product_tag?post=2313"}],"curies":[{"name":"wp","href":"https:\/\/api.w.org\/{rel}","templated":true}]}}