{"id":2307,"date":"2025-12-06T15:31:34","date_gmt":"2025-12-06T15:31:34","guid":{"rendered":"https:\/\/etriniche.com\/?post_type=product&#038;p=2307"},"modified":"2025-12-06T15:33:18","modified_gmt":"2025-12-06T15:33:18","slug":"french-avenue-royal-blend-sequoia-uniseks-parfum-2","status":"publish","type":"product","link":"https:\/\/etriniche.com\/en\/magaza\/french-avenue-royal-blend-sequoia-uniseks-parfum-2\/","title":{"rendered":"French Avenue Royal Blend Sequoia Uniseks Parfum"},"content":{"rendered":"<p data-start=\"595\" data-end=\"1192\"><strong data-start=\"595\" data-end=\"632\">French Avenue Royal Blend Sequoia<\/strong>, do\u011fan\u0131n zarafetini ve \u00e7a\u011fda\u015f parf\u00fcm sanat\u0131n\u0131 bir araya getiren etkileyici bir uniseks kokudur.<br data-start=\"728\" data-end=\"731\" \/>Parf\u00fcm, ba\u015f d\u00f6nd\u00fcr\u00fcc\u00fc bir a\u00e7\u0131l\u0131\u015f\u0131 <strong data-start=\"765\" data-end=\"776\">ahududu<\/strong>, <strong data-start=\"778\" data-end=\"788\">konyak<\/strong> ve zengin <strong data-start=\"799\" data-end=\"819\">i\u00e7ki notalar\u0131yla<\/strong> yapar. Bu etkileyici ba\u015flang\u0131\u00e7, teninizde tatl\u0131 ama sofistike bir iz b\u0131rak\u0131r.<br data-start=\"897\" data-end=\"900\" \/>Kalp notalar\u0131nda <strong data-start=\"917\" data-end=\"924\">g\u00fcl<\/strong>\u00fcn romantik zarafeti ve <strong data-start=\"948\" data-end=\"957\">yosun<\/strong>un ye\u015fil dokunu\u015fuyla dengelenen yap\u0131, feminen ve mask\u00fclen dengenin zirvesine ula\u015f\u0131r.<br data-start=\"1041\" data-end=\"1044\" \/>Temel notalarda ise <strong data-start=\"1064\" data-end=\"1074\">pralin<\/strong>in gourmand s\u0131cakl\u0131\u011f\u0131, <strong data-start=\"1097\" data-end=\"1105\">me\u015fe<\/strong>nin asalet dolu dokusu ve <strong data-start=\"1131\" data-end=\"1150\">sandal a\u011fac\u0131n\u0131n<\/strong> yumu\u015fak kremsi tonu ile kapan\u0131\u015f\u0131 yap\u0131l\u0131r.<\/p>\n<p data-start=\"1194\" data-end=\"1432\">Bu e\u015fsiz kompozisyon, her ortamda dikkat \u00e7ekmek isteyenler i\u00e7in ideal bir se\u00e7imdir. <strong data-start=\"1278\" data-end=\"1314\">Hem kad\u0131n hem erkek kullan\u0131c\u0131lar<\/strong> i\u00e7in tasarlanan Royal Blend Sequoia, g\u00fcnl\u00fck kullan\u0131mda oldu\u011fu kadar \u00f6zel gecelerde de sizi ayr\u0131cal\u0131kl\u0131 hissettirecek.<\/p>","protected":false},"excerpt":{"rendered":"<p data-start=\"581\" data-end=\"869\">French Avenue Royal Blend Sequoia, ahududu ve i\u00e7ki notalar\u0131yla ba\u015flar, g\u00fcl ve yosunla derinle\u015fir. Pralin ve sandal a\u011fac\u0131n\u0131n s\u0131cakl\u0131\u011f\u0131yla unutulmaz bir uniseks deneyim sunar. \u015eimdi ke\u015ffedin!<\/p>","protected":false},"featured_media":2305,"template":"","meta":{"_joinchat":[]},"product_brand":[58],"product_cat":[15,164,83,81],"product_tag":[],"class_list":{"0":"post-2307","1":"product","2":"type-product","3":"status-publish","4":"has-post-thumbnail","6":"product_brand-french-avenue","7":"product_cat-tum-urunler","8":"product_cat-french-avenue-tam-boy","9":"product_cat-tam-boy","10":"product_cat-uniseks","12":"first","13":"instock","14":"taxable","15":"shipping-taxable","16":"purchasable","17":"product-type-variable"},"_links":{"self":[{"href":"https:\/\/etriniche.com\/en\/wp-json\/wp\/v2\/product\/2307","targetHints":{"allow":["GET"]}}],"collection":[{"href":"https:\/\/etriniche.com\/en\/wp-json\/wp\/v2\/product"}],"about":[{"href":"https:\/\/etriniche.com\/en\/wp-json\/wp\/v2\/types\/product"}],"version-history":[{"count":1,"href":"https:\/\/etriniche.com\/en\/wp-json\/wp\/v2\/product\/2307\/revisions"}],"predecessor-version":[{"id":2312,"href":"https:\/\/etriniche.com\/en\/wp-json\/wp\/v2\/product\/2307\/revisions\/2312"}],"wp:featuredmedia":[{"embeddable":true,"href":"https:\/\/etriniche.com\/en\/wp-json\/wp\/v2\/media\/2305"}],"wp:attachment":[{"href":"https:\/\/etriniche.com\/en\/wp-json\/wp\/v2\/media?parent=2307"}],"wp:term":[{"taxonomy":"product_brand","embeddable":true,"href":"https:\/\/etriniche.com\/en\/wp-json\/wp\/v2\/product_brand?post=2307"},{"taxonomy":"product_cat","embeddable":true,"href":"https:\/\/etriniche.com\/en\/wp-json\/wp\/v2\/product_cat?post=2307"},{"taxonomy":"product_tag","embeddable":true,"href":"https:\/\/etriniche.com\/en\/wp-json\/wp\/v2\/product_tag?post=2307"}],"curies":[{"name":"wp","href":"https:\/\/api.w.org\/{rel}","templated":true}]}}