{"id":2262,"date":"2025-12-06T14:21:04","date_gmt":"2025-12-06T14:21:04","guid":{"rendered":"https:\/\/etriniche.com\/?post_type=product&#038;p=2262"},"modified":"2025-12-06T14:24:22","modified_gmt":"2025-12-06T14:24:22","slug":"french-avenue-vulcan-feu-uniseks-parfum-2","status":"publish","type":"product","link":"https:\/\/etriniche.com\/en\/magaza\/french-avenue-vulcan-feu-uniseks-parfum-2\/","title":{"rendered":"French Avenue Vulcan Feu Uniseks Parf\u00fcm"},"content":{"rendered":"<p data-start=\"613\" data-end=\"681\"><strong data-start=\"613\" data-end=\"681\">Ate\u015fin enerjisi, meyvemsi bir tazelik ve ambergris\u2019in derinli\u011fi\u2026<\/strong><\/p>\n<p data-start=\"683\" data-end=\"968\">French Avenue Vulcan Feu, modern parf\u00fcm anlay\u0131\u015f\u0131n\u0131 yeniden yorumlayan g\u00fc\u00e7l\u00fc ve enerjik bir uniseks kokudur. Meyvemsi \u00fcst notalarla ba\u015flayan bu kompozisyon, baharatl\u0131 ve \u00e7i\u00e7eksi detaylarla derinle\u015fir; finalde ise odunsu ve ambergris dokunu\u015flar\u0131yla kal\u0131c\u0131, etkileyici bir imzaya d\u00f6n\u00fc\u015f\u00fcr.<\/p>\n<p data-start=\"970\" data-end=\"1173\">Parf\u00fcm a\u00e7\u0131l\u0131\u015f\u0131n\u0131 <strong data-start=\"987\" data-end=\"996\">mango<\/strong>, <strong data-start=\"998\" data-end=\"1007\">limon<\/strong>, <strong data-start=\"1009\" data-end=\"1021\">zencefil<\/strong> ve <strong data-start=\"1025\" data-end=\"1035\">ravent<\/strong> ile ferah, canl\u0131 ve tropik bir enerji ile yapar. Bu \u00fcst notalar, hem yaz g\u00fcnlerinde hem de g\u00fcnl\u00fck kullan\u0131mda m\u00fckemmel bir tazelik sa\u011flar.<\/p>\n<p data-start=\"1175\" data-end=\"1380\">Orta notalarda <strong data-start=\"1190\" data-end=\"1205\">pembe biber<\/strong>, <strong data-start=\"1207\" data-end=\"1218\">yasemin<\/strong>, <strong data-start=\"1220\" data-end=\"1231\">menek\u015fe<\/strong> ve <strong data-start=\"1235\" data-end=\"1245\">pralin<\/strong>, kokuyu tatl\u0131-baharatl\u0131 bir dengeye ta\u015f\u0131r. Pralin dokunu\u015fu parf\u00fcme gourmand bir yumu\u015fakl\u0131k verirken, \u00e7i\u00e7eksi karakter onu zarif k\u0131lar.<\/p>\n<p data-start=\"1382\" data-end=\"1561\">Dip notalar\u0131nda yer alan <strong data-start=\"1407\" data-end=\"1426\">tonka fasulyesi<\/strong>, <strong data-start=\"1428\" data-end=\"1443\">sedir a\u011fac\u0131<\/strong>, <strong data-start=\"1445\" data-end=\"1458\">ambergris<\/strong> ve <strong data-start=\"1462\" data-end=\"1471\">yosun<\/strong>, kokunun tenle b\u00fct\u00fcnle\u015fmesini sa\u011flayan derin, kremsi ve sofistike bir son imza olu\u015fturur.<\/p>\n<p data-start=\"1563\" data-end=\"1736\"><strong data-start=\"1563\" data-end=\"1577\">Vulcan Feu<\/strong>, enerjik a\u00e7\u0131l\u0131\u015f\u0131, tatl\u0131-baharatl\u0131 kalbi ve odunsu-ambergiris alt yap\u0131s\u0131yla hem kad\u0131nlara hem erkeklere hitap eden modern, \u00e7arp\u0131c\u0131 ve karakterli bir parf\u00fcmd\u00fcr.<\/p>\n<hr data-start=\"1738\" data-end=\"1741\" \/>\n<h3 data-start=\"1743\" data-end=\"1767\"><strong data-start=\"1750\" data-end=\"1767\">Koku Piramidi<\/strong><\/h3>\n<p data-start=\"1768\" data-end=\"1939\"><strong data-start=\"1768\" data-end=\"1784\">\u00dcst Notalar:<\/strong> Mango, Limon, Zencefil, Ravent<br data-start=\"1815\" data-end=\"1818\" \/><strong data-start=\"1818\" data-end=\"1835\">Orta Notalar:<\/strong> Pembe Biber, Yasemin, Menek\u015fe, Pralin<br data-start=\"1873\" data-end=\"1876\" \/><strong data-start=\"1876\" data-end=\"1892\">Dip Notalar:<\/strong> Tonka Fasulyesi, Sedir A\u011fac\u0131, Ambergris, Yosun<\/p>\n<hr data-start=\"1941\" data-end=\"1944\" \/>\n<h3 data-start=\"1946\" data-end=\"1974\"><strong data-start=\"1952\" data-end=\"1974\">Parf\u00fcm \u00d6zellikleri<\/strong><\/h3>\n<ul data-start=\"1975\" data-end=\"2188\">\n<li data-start=\"1975\" data-end=\"2024\">\n<p data-start=\"1977\" data-end=\"2024\"><strong data-start=\"1977\" data-end=\"1992\">Koku Grubu:<\/strong> Meyvemsi \u2013 Baharatl\u0131 \u2013 Odunsu<\/p>\n<\/li>\n<li data-start=\"2025\" data-end=\"2050\">\n<p data-start=\"2027\" data-end=\"2050\"><strong data-start=\"2027\" data-end=\"2040\">Cinsiyet:<\/strong> Uniseks<\/p>\n<\/li>\n<li data-start=\"2051\" data-end=\"2079\">\n<p data-start=\"2053\" data-end=\"2079\"><strong data-start=\"2053\" data-end=\"2067\">Kal\u0131c\u0131l\u0131k:<\/strong> 10-12 Saat<\/p>\n<\/li>\n<li data-start=\"2080\" data-end=\"2122\">\n<p data-start=\"2082\" data-end=\"2122\"><strong data-start=\"2082\" data-end=\"2107\">\u0130z B\u0131rakma (Sillage):<\/strong> Orta \u2013 G\u00fc\u00e7l\u00fc<\/p>\n<\/li>\n<li data-start=\"2123\" data-end=\"2188\">\n<p data-start=\"2125\" data-end=\"2188\"><strong data-start=\"2125\" data-end=\"2138\">Kullan\u0131m:<\/strong> \u0130lkbahar \/ Yaz \u2013 G\u00fcnl\u00fck &amp; Ak\u015fam kullan\u0131m\u0131na uygun<\/p>\n<\/li>\n<\/ul>","protected":false},"excerpt":{"rendered":"<p data-start=\"581\" data-end=\"869\">French Avenue Vulcan Feu; mango, limon, zencefil ve pralin dokunu\u015flar\u0131yla modern, enerjik ve kal\u0131c\u0131 bir uniseks parf\u00fcm sunar. Ambergris ve tonka ile g\u00fc\u00e7l\u00fc bir imza b\u0131rak\u0131r.<\/p>","protected":false},"featured_media":2260,"template":"","meta":{"_joinchat":[]},"product_brand":[58],"product_cat":[15,164,83,81],"product_tag":[],"class_list":{"0":"post-2262","1":"product","2":"type-product","3":"status-publish","4":"has-post-thumbnail","6":"product_brand-french-avenue","7":"product_cat-tum-urunler","8":"product_cat-french-avenue-tam-boy","9":"product_cat-tam-boy","10":"product_cat-uniseks","12":"first","13":"instock","14":"taxable","15":"shipping-taxable","16":"purchasable","17":"product-type-variable"},"_links":{"self":[{"href":"https:\/\/etriniche.com\/en\/wp-json\/wp\/v2\/product\/2262","targetHints":{"allow":["GET"]}}],"collection":[{"href":"https:\/\/etriniche.com\/en\/wp-json\/wp\/v2\/product"}],"about":[{"href":"https:\/\/etriniche.com\/en\/wp-json\/wp\/v2\/types\/product"}],"version-history":[{"count":1,"href":"https:\/\/etriniche.com\/en\/wp-json\/wp\/v2\/product\/2262\/revisions"}],"predecessor-version":[{"id":2272,"href":"https:\/\/etriniche.com\/en\/wp-json\/wp\/v2\/product\/2262\/revisions\/2272"}],"wp:featuredmedia":[{"embeddable":true,"href":"https:\/\/etriniche.com\/en\/wp-json\/wp\/v2\/media\/2260"}],"wp:attachment":[{"href":"https:\/\/etriniche.com\/en\/wp-json\/wp\/v2\/media?parent=2262"}],"wp:term":[{"taxonomy":"product_brand","embeddable":true,"href":"https:\/\/etriniche.com\/en\/wp-json\/wp\/v2\/product_brand?post=2262"},{"taxonomy":"product_cat","embeddable":true,"href":"https:\/\/etriniche.com\/en\/wp-json\/wp\/v2\/product_cat?post=2262"},{"taxonomy":"product_tag","embeddable":true,"href":"https:\/\/etriniche.com\/en\/wp-json\/wp\/v2\/product_tag?post=2262"}],"curies":[{"name":"wp","href":"https:\/\/api.w.org\/{rel}","templated":true}]}}