{"id":2169,"date":"2025-12-06T09:12:58","date_gmt":"2025-12-06T09:12:58","guid":{"rendered":"https:\/\/etriniche.com\/?post_type=product&#038;p=2169"},"modified":"2025-12-06T09:14:15","modified_gmt":"2025-12-06T09:14:15","slug":"mancera-amore-caffe-eau-de-parfum","status":"publish","type":"product","link":"https:\/\/etriniche.com\/en\/magaza\/mancera-amore-caffe-eau-de-parfum\/","title":{"rendered":"Mancera \u2013 Amore Caff\u00e8 Eau de Parfum"},"content":{"rendered":"<p data-start=\"572\" data-end=\"877\"><strong data-start=\"572\" data-end=\"621\">Bir fincan kahvenin b\u00fcy\u00fcs\u00fcnde a\u015fk\u0131n notalar\u0131\u2026<\/strong><br data-start=\"621\" data-end=\"624\" \/><strong data-start=\"624\" data-end=\"647\">Mancera Amore Caff\u00e8<\/strong>, kahve tutkusu ile romantik duygular\u0131 bir araya getiren, gourmand (tatl\u0131 odakl\u0131) karakteriyle hem kad\u0131n hem erkeklerin ilgisini \u00e7eken cezbedici bir parf\u00fcmd\u00fcr. \u0130sminden de anla\u015f\u0131laca\u011f\u0131 gibi kahve, bu kompozisyonun kalbinde at\u0131yor.<\/p>\n<p data-start=\"879\" data-end=\"1156\">A\u00e7\u0131l\u0131\u015fta <strong data-start=\"888\" data-end=\"897\">viski<\/strong> ve <strong data-start=\"901\" data-end=\"920\">kahve \u00e7ekirde\u011fi<\/strong> kokunun koyu, ba\u015ftan \u00e7\u0131kar\u0131c\u0131 y\u00fcz\u00fcn\u00fc g\u00f6sterirken; orta notalardaki <strong data-start=\"988\" data-end=\"998\">kakule<\/strong> ve <strong data-start=\"1002\" data-end=\"1021\">\u015fekerli notalar<\/strong>, s\u0131cak ve tatl\u0131 bir z\u0131tl\u0131k yarat\u0131r. Dipte yer alan <strong data-start=\"1073\" data-end=\"1084\">vanilya<\/strong>, <strong data-start=\"1086\" data-end=\"1095\">amber<\/strong> ve <strong data-start=\"1099\" data-end=\"1114\">sedir a\u011fac\u0131<\/strong>, tende kremsi ve kal\u0131c\u0131 bir etki b\u0131rak\u0131r.<\/p>\n<p data-start=\"1158\" data-end=\"1335\">Bu parf\u00fcm, k\u0131\u015f ve sonbahar aylar\u0131nda kullan\u0131lmak \u00fczere ideal bir se\u00e7imdir. \u00d6zellikle \u00f6zel bulu\u015fmalar, so\u011fuk geceler veya romantik ak\u015fam yemeklerinde b\u00fcy\u00fcleyici bir etki yarat\u0131r.<\/p>\n<p data-start=\"1337\" data-end=\"1558\">\u2714\ufe0f <strong data-start=\"1340\" data-end=\"1355\">Koku Grubu:<\/strong> Gourmand \u2013 Amber \u2013 Tatl\u0131<br data-start=\"1380\" data-end=\"1383\" \/>\u2714\ufe0f <strong data-start=\"1386\" data-end=\"1399\">Cinsiyet:<\/strong> Unisex<br data-start=\"1406\" data-end=\"1409\" \/>\u2714\ufe0f <strong data-start=\"1412\" data-end=\"1432\">Kullan\u0131m Zaman\u0131:<\/strong> Sonbahar \/ K\u0131\u015f \u2013 Ak\u015fam &amp; \u00d6zel Anlar<br data-start=\"1468\" data-end=\"1471\" \/>\u2714\ufe0f <strong data-start=\"1474\" data-end=\"1488\">Kal\u0131c\u0131l\u0131k:<\/strong> 8\u201310 Saat<br data-start=\"1498\" data-end=\"1501\" \/>\u2714\ufe0f <strong data-start=\"1504\" data-end=\"1529\">\u0130z B\u0131rakma (Sillage):<\/strong> Orta-Y\u00fcksek \u2013 Yo\u011fun ve tatl\u0131<\/p>","protected":false},"excerpt":{"rendered":"<p data-start=\"581\" data-end=\"869\">Mancera Amore Caff\u00e8, kahve, vanilya ve amberle harmanlanan gurme ve romantik bir parf\u00fcmd\u00fcr. Tatl\u0131, s\u0131cak ve ba\u011f\u0131ml\u0131l\u0131k yaratan unisex deneyim!<\/p>","protected":false},"featured_media":2174,"template":"","meta":{"_joinchat":[]},"product_brand":[129],"product_cat":[15,82,128,81],"product_tag":[],"class_list":{"0":"post-2169","1":"product","2":"type-product","3":"status-publish","4":"has-post-thumbnail","6":"product_brand-mancera","7":"product_cat-tum-urunler","8":"product_cat-dekant","9":"product_cat-mancera","10":"product_cat-uniseks","12":"first","13":"instock","14":"taxable","15":"shipping-taxable","16":"purchasable","17":"product-type-variable"},"_links":{"self":[{"href":"https:\/\/etriniche.com\/en\/wp-json\/wp\/v2\/product\/2169","targetHints":{"allow":["GET"]}}],"collection":[{"href":"https:\/\/etriniche.com\/en\/wp-json\/wp\/v2\/product"}],"about":[{"href":"https:\/\/etriniche.com\/en\/wp-json\/wp\/v2\/types\/product"}],"version-history":[{"count":1,"href":"https:\/\/etriniche.com\/en\/wp-json\/wp\/v2\/product\/2169\/revisions"}],"predecessor-version":[{"id":2175,"href":"https:\/\/etriniche.com\/en\/wp-json\/wp\/v2\/product\/2169\/revisions\/2175"}],"wp:featuredmedia":[{"embeddable":true,"href":"https:\/\/etriniche.com\/en\/wp-json\/wp\/v2\/media\/2174"}],"wp:attachment":[{"href":"https:\/\/etriniche.com\/en\/wp-json\/wp\/v2\/media?parent=2169"}],"wp:term":[{"taxonomy":"product_brand","embeddable":true,"href":"https:\/\/etriniche.com\/en\/wp-json\/wp\/v2\/product_brand?post=2169"},{"taxonomy":"product_cat","embeddable":true,"href":"https:\/\/etriniche.com\/en\/wp-json\/wp\/v2\/product_cat?post=2169"},{"taxonomy":"product_tag","embeddable":true,"href":"https:\/\/etriniche.com\/en\/wp-json\/wp\/v2\/product_tag?post=2169"}],"curies":[{"name":"wp","href":"https:\/\/api.w.org\/{rel}","templated":true}]}}