{"id":2148,"date":"2025-12-06T08:49:32","date_gmt":"2025-12-06T08:49:32","guid":{"rendered":"https:\/\/etriniche.com\/?post_type=product&#038;p=2148"},"modified":"2025-12-06T08:52:25","modified_gmt":"2025-12-06T08:52:25","slug":"yves-saint-laurent-tuxedo-eau-de-parfum","status":"publish","type":"product","link":"https:\/\/etriniche.com\/en\/magaza\/yves-saint-laurent-tuxedo-eau-de-parfum\/","title":{"rendered":"Yves Saint Laurent \u2013 Tuxedo Eau de Parfum"},"content":{"rendered":"<p data-start=\"559\" data-end=\"828\"><strong data-start=\"559\" data-end=\"592\">T\u00fcm zarafet tek bir \u015fi\u015fede&#8230;<\/strong><br data-start=\"592\" data-end=\"595\" \/><strong data-start=\"595\" data-end=\"609\">YSL Tuxedo<\/strong>, ad\u0131n\u0131 ald\u0131\u011f\u0131 smokin kadar \u015f\u0131k ve ba\u015f d\u00f6nd\u00fcr\u00fcc\u00fc bir unisex parf\u00fcmd\u00fcr. Zarafetin ve ba\u015ftan \u00e7\u0131kar\u0131c\u0131l\u0131\u011f\u0131n temsilcisi olan bu koku, <strong data-start=\"739\" data-end=\"758\">baharatl\u0131 amber<\/strong>, <strong data-start=\"760\" data-end=\"770\">pa\u00e7uli<\/strong> ve <strong data-start=\"774\" data-end=\"785\">vanilya<\/strong> notalar\u0131yla l\u00fcks ve modern bir aura sunar.<\/p>\n<p data-start=\"830\" data-end=\"1143\">\u00dcst notalarda yer alan <strong data-start=\"853\" data-end=\"866\">karabiber<\/strong>, <strong data-start=\"868\" data-end=\"883\">kore biberi<\/strong> ve <strong data-start=\"887\" data-end=\"899\">bergamot<\/strong>, enerjik ve sofistike bir giri\u015f yapar. Kalp notalar\u0131nda \u00f6ne \u00e7\u0131kan <strong data-start=\"966\" data-end=\"982\">siyah pa\u00e7uli<\/strong>, <strong data-start=\"984\" data-end=\"991\">g\u00fcl<\/strong> ve <strong data-start=\"995\" data-end=\"1009\">baharatlar<\/strong>, derinlik ve gizem yarat\u0131rken; dip notalardaki <strong data-start=\"1057\" data-end=\"1068\">vanilya<\/strong>, <strong data-start=\"1070\" data-end=\"1082\">kehribar<\/strong> ve <strong data-start=\"1086\" data-end=\"1097\">vetiver<\/strong>, kokuyu s\u0131cak ve \u00e7ekici bir \u015fekilde tamamlar.<\/p>\n<p data-start=\"1145\" data-end=\"1413\"><strong data-start=\"1145\" data-end=\"1155\">Tuxedo<\/strong>, \u00f6zellikle gece kullan\u0131m\u0131 ve \u00f6zel davetler i\u00e7in ideal bir se\u00e7imdir. Parf\u00fcm, hem erkeklerin g\u00fc\u00e7l\u00fc ve sofistike yan\u0131n\u0131 yans\u0131t\u0131rken, kad\u0131nlar i\u00e7in \u00e7ekici ve zarif bir aura olu\u015fturur. Minimalist, l\u00fcks ve fark edilir bir iz b\u0131rakmak isteyen herkes i\u00e7in m\u00fckemmel.<\/p>\n<p data-start=\"1415\" data-end=\"1647\">\u2714\ufe0f <strong data-start=\"1418\" data-end=\"1433\">Koku Grubu:<\/strong> Baharatl\u0131 \u2013 Oryantal \u2013 Pa\u00e7uli<br data-start=\"1463\" data-end=\"1466\" \/>\u2714\ufe0f <strong data-start=\"1469\" data-end=\"1482\">Cinsiyet:<\/strong> Unisex<br data-start=\"1489\" data-end=\"1492\" \/>\u2714\ufe0f <strong data-start=\"1495\" data-end=\"1515\">Kullan\u0131m Zaman\u0131:<\/strong> Sonbahar \/ K\u0131\u015f \u2013 Ak\u015fam &amp; \u00d6zel G\u00fcnler<br data-start=\"1552\" data-end=\"1555\" \/>\u2714\ufe0f <strong data-start=\"1558\" data-end=\"1572\">Kal\u0131c\u0131l\u0131k:<\/strong> 8\u201310 Saat<br data-start=\"1582\" data-end=\"1585\" \/>\u2714\ufe0f <strong data-start=\"1588\" data-end=\"1613\">\u0130z B\u0131rakma (Sillage):<\/strong> Orta-Y\u00fcksek \u2013 \u015e\u0131k ve etkileyici<\/p>","protected":false},"excerpt":{"rendered":"<p data-start=\"581\" data-end=\"869\">YSL Tuxedo; siyah pa\u00e7uli, baharat ve amber ile zamans\u0131z, \u015f\u0131k ve ba\u015ftan \u00e7\u0131kar\u0131c\u0131 bir unisex parf\u00fcm sunar. L\u00fcks bir gece kokusuna haz\u0131r olun!<\/p>","protected":false},"featured_media":2153,"template":"","meta":{"_joinchat":[]},"product_brand":[85],"product_cat":[15,82,81,153],"product_tag":[],"class_list":{"0":"post-2148","1":"product","2":"type-product","3":"status-publish","4":"has-post-thumbnail","6":"product_brand-yvessaintlaurent","7":"product_cat-tum-urunler","8":"product_cat-dekant","9":"product_cat-uniseks","10":"product_cat-yves-saint-laurent","12":"first","13":"instock","14":"taxable","15":"shipping-taxable","16":"purchasable","17":"product-type-variable"},"_links":{"self":[{"href":"https:\/\/etriniche.com\/en\/wp-json\/wp\/v2\/product\/2148","targetHints":{"allow":["GET"]}}],"collection":[{"href":"https:\/\/etriniche.com\/en\/wp-json\/wp\/v2\/product"}],"about":[{"href":"https:\/\/etriniche.com\/en\/wp-json\/wp\/v2\/types\/product"}],"version-history":[{"count":1,"href":"https:\/\/etriniche.com\/en\/wp-json\/wp\/v2\/product\/2148\/revisions"}],"predecessor-version":[{"id":2154,"href":"https:\/\/etriniche.com\/en\/wp-json\/wp\/v2\/product\/2148\/revisions\/2154"}],"wp:featuredmedia":[{"embeddable":true,"href":"https:\/\/etriniche.com\/en\/wp-json\/wp\/v2\/media\/2153"}],"wp:attachment":[{"href":"https:\/\/etriniche.com\/en\/wp-json\/wp\/v2\/media?parent=2148"}],"wp:term":[{"taxonomy":"product_brand","embeddable":true,"href":"https:\/\/etriniche.com\/en\/wp-json\/wp\/v2\/product_brand?post=2148"},{"taxonomy":"product_cat","embeddable":true,"href":"https:\/\/etriniche.com\/en\/wp-json\/wp\/v2\/product_cat?post=2148"},{"taxonomy":"product_tag","embeddable":true,"href":"https:\/\/etriniche.com\/en\/wp-json\/wp\/v2\/product_tag?post=2148"}],"curies":[{"name":"wp","href":"https:\/\/api.w.org\/{rel}","templated":true}]}}