{"id":2126,"date":"2025-12-06T08:28:50","date_gmt":"2025-12-06T08:28:50","guid":{"rendered":"https:\/\/etriniche.com\/?post_type=product&#038;p=2126"},"modified":"2025-12-06T08:30:39","modified_gmt":"2025-12-06T08:30:39","slug":"sospiro-il-padrino-eau-de-parfum","status":"publish","type":"product","link":"https:\/\/etriniche.com\/en\/magaza\/sospiro-il-padrino-eau-de-parfum\/","title":{"rendered":"Sospiro \u2013 Il Padrino Eau de Parfum"},"content":{"rendered":"<p data-start=\"547\" data-end=\"847\"><strong data-start=\"547\" data-end=\"598\">G\u00fcc\u00fcn, liderli\u011fin ve \u015f\u0131kl\u0131\u011f\u0131n simgesi bir koku\u2026<\/strong><br data-start=\"598\" data-end=\"601\" \/>Sospiro Il Padrino, ad\u0131n\u0131 ta\u015f\u0131d\u0131\u011f\u0131 \u201cBaba\u201d lakab\u0131na yak\u0131\u015f\u0131r \u015fekilde, karizmatik, etkileyici ve g\u00fc\u00e7l\u00fc bir parf\u00fcm arayanlar i\u00e7in tasarlanm\u0131\u015f \u00f6zel bir eserdir. Bu koku, klasik erkek \u015f\u0131kl\u0131\u011f\u0131n\u0131 modern detaylarla harmanlayarak zamans\u0131z bir imza b\u0131rak\u0131r.<\/p>\n<p data-start=\"849\" data-end=\"1175\">Tepe notalar\u0131nda <strong data-start=\"866\" data-end=\"876\">safran<\/strong>, <strong data-start=\"878\" data-end=\"887\">biber<\/strong> ve <strong data-start=\"891\" data-end=\"901\">tar\u00e7\u0131n<\/strong> gibi baharatl\u0131 akorlar, daha ilk s\u0131k\u0131\u015fta etkileyici bir giri\u015f yapar. Kalp notalar\u0131nda <strong data-start=\"988\" data-end=\"995\">g\u00fcl<\/strong>, <strong data-start=\"997\" data-end=\"1006\">t\u00fcts\u00fc<\/strong> ve <strong data-start=\"1010\" data-end=\"1018\">s\u00fcet<\/strong>, parf\u00fcme mask\u00fclen bir zarafet katar. Dipte yer alan <strong data-start=\"1071\" data-end=\"1081\">pa\u00e7uli<\/strong>, <strong data-start=\"1083\" data-end=\"1092\">amber<\/strong>, <strong data-start=\"1094\" data-end=\"1102\">misk<\/strong> ve zengin <strong data-start=\"1113\" data-end=\"1121\">deri<\/strong> notalar\u0131 ise kokuya derinlik ve kal\u0131c\u0131l\u0131k kazand\u0131r\u0131r.<\/p>\n<p data-start=\"1177\" data-end=\"1335\">Il Padrino, \u00f6zel davetlerden g\u00fcnl\u00fck stilinize kadar her ortamda dikkat \u00e7eken bir etki yarat\u0131r. Dominant ama zarif, yo\u011fun ama rafine\u2026 Ger\u00e7ek liderlerin kokusu.<\/p>\n<p data-start=\"1337\" data-end=\"1584\">\u2714\ufe0f <strong data-start=\"1340\" data-end=\"1355\">Koku Grubu:<\/strong> Baharatl\u0131 \u2013 Deri \u2013 Odunsu<br data-start=\"1381\" data-end=\"1384\" \/>\u2714\ufe0f <strong data-start=\"1387\" data-end=\"1400\">Cinsiyet:<\/strong> Erkek (Uniseks kullan\u0131m da uygundur)<br data-start=\"1437\" data-end=\"1440\" \/>\u2714\ufe0f <strong data-start=\"1443\" data-end=\"1463\">Kullan\u0131m Zaman\u0131:<\/strong> Sonbahar \/ K\u0131\u015f \u2013 Ak\u015fam<br data-start=\"1486\" data-end=\"1489\" \/>\u2714\ufe0f <strong data-start=\"1492\" data-end=\"1506\">Kal\u0131c\u0131l\u0131k:<\/strong> 10+ Saat<br data-start=\"1515\" data-end=\"1518\" \/>\u2714\ufe0f <strong data-start=\"1521\" data-end=\"1546\">\u0130z B\u0131rakma (Sillage):<\/strong> Y\u00fcksek \u2013 Kalabal\u0131kta bile fark edilir<\/p>","protected":false},"excerpt":{"rendered":"<p data-start=\"581\" data-end=\"869\">Sospiro Il Padrino, baharatl\u0131 ve deri notalar\u0131yla g\u00fc\u00e7l\u00fc bir karakter sunan, karizmatik ve etkileyici erkekler i\u00e7in tasarlanm\u0131\u015f sofistike bir parf\u00fcmd\u00fcr.<\/p>","protected":false},"featured_media":2131,"template":"","meta":{"_joinchat":[]},"product_brand":[65],"product_cat":[15,82,140,81],"product_tag":[],"class_list":{"0":"post-2126","1":"product","2":"type-product","3":"status-publish","4":"has-post-thumbnail","6":"product_brand-sospiro","7":"product_cat-tum-urunler","8":"product_cat-dekant","9":"product_cat-sospiro","10":"product_cat-uniseks","12":"first","13":"instock","14":"taxable","15":"shipping-taxable","16":"purchasable","17":"product-type-variable"},"_links":{"self":[{"href":"https:\/\/etriniche.com\/en\/wp-json\/wp\/v2\/product\/2126","targetHints":{"allow":["GET"]}}],"collection":[{"href":"https:\/\/etriniche.com\/en\/wp-json\/wp\/v2\/product"}],"about":[{"href":"https:\/\/etriniche.com\/en\/wp-json\/wp\/v2\/types\/product"}],"version-history":[{"count":1,"href":"https:\/\/etriniche.com\/en\/wp-json\/wp\/v2\/product\/2126\/revisions"}],"predecessor-version":[{"id":2132,"href":"https:\/\/etriniche.com\/en\/wp-json\/wp\/v2\/product\/2126\/revisions\/2132"}],"wp:featuredmedia":[{"embeddable":true,"href":"https:\/\/etriniche.com\/en\/wp-json\/wp\/v2\/media\/2131"}],"wp:attachment":[{"href":"https:\/\/etriniche.com\/en\/wp-json\/wp\/v2\/media?parent=2126"}],"wp:term":[{"taxonomy":"product_brand","embeddable":true,"href":"https:\/\/etriniche.com\/en\/wp-json\/wp\/v2\/product_brand?post=2126"},{"taxonomy":"product_cat","embeddable":true,"href":"https:\/\/etriniche.com\/en\/wp-json\/wp\/v2\/product_cat?post=2126"},{"taxonomy":"product_tag","embeddable":true,"href":"https:\/\/etriniche.com\/en\/wp-json\/wp\/v2\/product_tag?post=2126"}],"curies":[{"name":"wp","href":"https:\/\/api.w.org\/{rel}","templated":true}]}}