{"id":1968,"date":"2025-12-04T14:50:21","date_gmt":"2025-12-04T14:50:21","guid":{"rendered":"https:\/\/etriniche.com\/?post_type=product&#038;p=1968"},"modified":"2025-12-04T15:36:27","modified_gmt":"2025-12-04T15:36:27","slug":"initio-absolute-aphrodisiac-eau-de-parfum","status":"publish","type":"product","link":"https:\/\/etriniche.com\/en\/magaza\/initio-absolute-aphrodisiac-eau-de-parfum\/","title":{"rendered":"Initio \u2013 Absolute Aphrodisiac Eau de Parfum"},"content":{"rendered":"<p data-start=\"572\" data-end=\"872\"><strong data-start=\"572\" data-end=\"619\">\u00c7ekicili\u011fin form\u00fcl\u00fc: Tenle b\u00fct\u00fcnle\u015fen b\u00fcy\u00fc\u2026<\/strong><br data-start=\"619\" data-end=\"622\" \/><strong data-start=\"622\" data-end=\"646\">Absolute Aphrodisiac<\/strong>, ad\u0131ndan da anla\u015f\u0131laca\u011f\u0131 \u00fczere, cildi saran ve b\u00fcy\u00fcleyici bir \u00e7ekim g\u00fcc\u00fc yaratan afrodizyak etkili bir parf\u00fcmd\u00fcr. Hem kad\u0131n hem erkek kullan\u0131c\u0131lar i\u00e7in tasarlanan bu koku, saf cazibenin ve ba\u015ftan \u00e7\u0131kar\u0131c\u0131l\u0131\u011f\u0131n bir ifadesidir.<\/p>\n<p data-start=\"874\" data-end=\"1163\">A\u00e7\u0131l\u0131\u015fta sizi kar\u015f\u0131layan <strong data-start=\"899\" data-end=\"917\">beyaz \u00e7i\u00e7ekler<\/strong> ve <strong data-start=\"921\" data-end=\"932\">vanilya<\/strong>, yumu\u015fak ama derin bir s\u0131cakl\u0131k sunar. Kalp notalar\u0131nda <strong data-start=\"989\" data-end=\"998\">amber<\/strong> ve <strong data-start=\"1002\" data-end=\"1010\">misk<\/strong>, kokuya erotik bir yumu\u015fakl\u0131k ve ten uyumu kazand\u0131r\u0131r. Dipte ise <strong data-start=\"1076\" data-end=\"1084\">deri<\/strong> ve <strong data-start=\"1088\" data-end=\"1099\">kast\u00fcri<\/strong>, Absolute Aphrodisiac\u2019\u0131 karanl\u0131k ve gizemli bir hale getirir.<\/p>\n<p data-start=\"1165\" data-end=\"1344\">Koku, tenle adeta eriyen bir kompozisyon olu\u015fturur; sanki kokunun kendisi de\u011fil, sizin do\u011fal ten kokunuzdur. \u00d6zel geceler, gece davetleri ve yak\u0131n temasa a\u00e7\u0131k anlar i\u00e7in idealdir.<\/p>\n<p data-start=\"1346\" data-end=\"1585\">\u2714\ufe0f <strong data-start=\"1349\" data-end=\"1364\">Koku Grubu:<\/strong> Amber \u2013 Tatl\u0131 \u2013 Misk \u2013 Deri<br data-start=\"1392\" data-end=\"1395\" \/>\u2714\ufe0f <strong data-start=\"1398\" data-end=\"1411\">Cinsiyet:<\/strong> Unisex<br data-start=\"1418\" data-end=\"1421\" \/>\u2714\ufe0f <strong data-start=\"1424\" data-end=\"1444\">Kullan\u0131m Zaman\u0131:<\/strong> Sonbahar \/ K\u0131\u015f \u2013 Ak\u015fam &amp; \u00d6zel Anlar<br data-start=\"1480\" data-end=\"1483\" \/>\u2714\ufe0f <strong data-start=\"1486\" data-end=\"1500\">Kal\u0131c\u0131l\u0131k:<\/strong> 10\u201312+ Saat<br data-start=\"1512\" data-end=\"1515\" \/>\u2714\ufe0f <strong data-start=\"1518\" data-end=\"1543\">\u0130z B\u0131rakma (Sillage):<\/strong> Y\u00fcksek \u2013 Ba\u015ftan \u00e7\u0131kar\u0131c\u0131 ve kal\u0131c\u0131 bir iz<\/p>","protected":false},"excerpt":{"rendered":"<p>Initio Absolute Aphrodisiac, vanilya, misk ve amberle cildi sarar. \u00c7ekicilik ve cazibeyi tenine ta\u015f\u0131yan unisex parf\u00fcm\u00fc \u015fimdi ke\u015ffet!<\/p>","protected":false},"featured_media":1973,"template":"","meta":{"_joinchat":[]},"product_brand":[59],"product_cat":[15,82,94,81],"product_tag":[],"class_list":{"0":"post-1968","1":"product","2":"type-product","3":"status-publish","4":"has-post-thumbnail","6":"product_brand-inito","7":"product_cat-tum-urunler","8":"product_cat-dekant","9":"product_cat-initio","10":"product_cat-uniseks","12":"first","13":"instock","14":"taxable","15":"shipping-taxable","16":"purchasable","17":"product-type-variable"},"_links":{"self":[{"href":"https:\/\/etriniche.com\/en\/wp-json\/wp\/v2\/product\/1968","targetHints":{"allow":["GET"]}}],"collection":[{"href":"https:\/\/etriniche.com\/en\/wp-json\/wp\/v2\/product"}],"about":[{"href":"https:\/\/etriniche.com\/en\/wp-json\/wp\/v2\/types\/product"}],"version-history":[{"count":1,"href":"https:\/\/etriniche.com\/en\/wp-json\/wp\/v2\/product\/1968\/revisions"}],"predecessor-version":[{"id":1974,"href":"https:\/\/etriniche.com\/en\/wp-json\/wp\/v2\/product\/1968\/revisions\/1974"}],"wp:featuredmedia":[{"embeddable":true,"href":"https:\/\/etriniche.com\/en\/wp-json\/wp\/v2\/media\/1973"}],"wp:attachment":[{"href":"https:\/\/etriniche.com\/en\/wp-json\/wp\/v2\/media?parent=1968"}],"wp:term":[{"taxonomy":"product_brand","embeddable":true,"href":"https:\/\/etriniche.com\/en\/wp-json\/wp\/v2\/product_brand?post=1968"},{"taxonomy":"product_cat","embeddable":true,"href":"https:\/\/etriniche.com\/en\/wp-json\/wp\/v2\/product_cat?post=1968"},{"taxonomy":"product_tag","embeddable":true,"href":"https:\/\/etriniche.com\/en\/wp-json\/wp\/v2\/product_tag?post=1968"}],"curies":[{"name":"wp","href":"https:\/\/api.w.org\/{rel}","templated":true}]}}