{"id":1766,"date":"2025-12-03T09:23:33","date_gmt":"2025-12-03T09:23:33","guid":{"rendered":"https:\/\/etriniche.com\/?post_type=product&#038;p=1766"},"modified":"2025-12-03T09:25:48","modified_gmt":"2025-12-03T09:25:48","slug":"nishane-hacivat-oud-extrait-de-parfum","status":"publish","type":"product","link":"https:\/\/etriniche.com\/en\/magaza\/nishane-hacivat-oud-extrait-de-parfum\/","title":{"rendered":"Nishane Hacivat Oud Extrait de Parfum"},"content":{"rendered":"<p data-start=\"562\" data-end=\"887\"><strong data-start=\"562\" data-end=\"632\">Efsane geri d\u00f6nd\u00fc&#8230; Bu kez daha gizemli, daha derin, daha Do\u011fulu.<\/strong><br data-start=\"632\" data-end=\"635\" \/><strong data-start=\"635\" data-end=\"650\">Hacivat Oud<\/strong>, Nishane\u2019in k\u00fclt parf\u00fcm\u00fc <strong data-start=\"676\" data-end=\"687\">Hacivat<\/strong>&#8216;\u0131n oryantal ve daha karizmatik bir yorumudur. Do\u011funun zenginli\u011fi ile Bat\u0131\u2019n\u0131n modern \u00e7izgisini birle\u015ftiren bu <strong data-start=\"798\" data-end=\"826\">unisex extrait de parfum<\/strong>, l\u00fcks ve derinlik arayanlar i\u00e7in \u00f6zel olarak tasarlanm\u0131\u015ft\u0131r.<\/p>\n<p data-start=\"889\" data-end=\"1186\">Parf\u00fcm, \u00fcst notalarda <strong data-start=\"911\" data-end=\"921\">ananas<\/strong> ve <strong data-start=\"925\" data-end=\"940\">pembe biber<\/strong> ile Hacivat\u2019\u0131n tan\u0131d\u0131k ferahl\u0131\u011f\u0131n\u0131 sunarken, kalp notalar\u0131nda <strong data-start=\"1003\" data-end=\"1021\">oud (agarwood)<\/strong>, <strong data-start=\"1023\" data-end=\"1032\">t\u00fcts\u00fc<\/strong> ve <strong data-start=\"1036\" data-end=\"1047\">yasemin<\/strong> ile mistik bir karakter kazan\u0131r. Dip notalardaki <strong data-start=\"1097\" data-end=\"1108\">vetiver<\/strong>, <strong data-start=\"1110\" data-end=\"1119\">amber<\/strong> ve <strong data-start=\"1123\" data-end=\"1131\">deri<\/strong>, kokuyu karizmatik, g\u00fc\u00e7l\u00fc ve uzun \u00f6m\u00fcrl\u00fc hale getirir.<\/p>\n<p data-start=\"1188\" data-end=\"1394\"><strong data-start=\"1188\" data-end=\"1203\">Hacivat Oud<\/strong>, klasik Hacivat\u2019\u0131n imzas\u0131n\u0131 korurken; daha koyu, daha yo\u011fun ve daha gizemli bir atmosfer yarat\u0131r. \u00d6zellikle \u00f6zel gecelerde, g\u00fc\u00e7l\u00fc bir duru\u015f sergilemek isteyenler i\u00e7in vazge\u00e7ilmez bir tercih.<\/p>\n<p data-start=\"1396\" data-end=\"1621\">\u2714\ufe0f <strong data-start=\"1399\" data-end=\"1414\">Koku Grubu:<\/strong> Oryantal \u2013 Odunsu \u2013 Dumanl\u0131<br data-start=\"1442\" data-end=\"1445\" \/>\u2714\ufe0f <strong data-start=\"1448\" data-end=\"1461\">Cinsiyet:<\/strong> Unisex<br data-start=\"1468\" data-end=\"1471\" \/>\u2714\ufe0f <strong data-start=\"1474\" data-end=\"1494\">Kullan\u0131m Zaman\u0131:<\/strong> Sonbahar \/ K\u0131\u015f \u2013 Ak\u015fam &amp; \u00d6zel Anlar<br data-start=\"1530\" data-end=\"1533\" \/>\u2714\ufe0f <strong data-start=\"1536\" data-end=\"1550\">Kal\u0131c\u0131l\u0131k:<\/strong> 12+ Saat (Extrait form\u00fcl\u00fc)<br data-start=\"1577\" data-end=\"1580\" \/>\u2714\ufe0f <strong data-start=\"1583\" data-end=\"1608\">\u0130z B\u0131rakma (Sillage):<\/strong> \u00c7ok Y\u00fcksek<\/p>","protected":false},"excerpt":{"rendered":"<p data-start=\"581\" data-end=\"869\">Hacivat Oud, ananas, oud ve t\u00fcts\u00fc notalar\u0131yla karizmatik, derin ve ultra kal\u0131c\u0131 bir unisex parf\u00fcmd\u00fcr. L\u00fcks\u00fcn kokusunu ke\u015ffedin!<\/p>","protected":false},"featured_media":1772,"template":"","meta":{"_joinchat":[]},"product_brand":[63],"product_cat":[15,82,135,81],"product_tag":[],"class_list":{"0":"post-1766","1":"product","2":"type-product","3":"status-publish","4":"has-post-thumbnail","6":"product_brand-nishane","7":"product_cat-tum-urunler","8":"product_cat-dekant","9":"product_cat-nishane","10":"product_cat-uniseks","12":"first","13":"instock","14":"taxable","15":"shipping-taxable","16":"purchasable","17":"product-type-variable"},"_links":{"self":[{"href":"https:\/\/etriniche.com\/en\/wp-json\/wp\/v2\/product\/1766","targetHints":{"allow":["GET"]}}],"collection":[{"href":"https:\/\/etriniche.com\/en\/wp-json\/wp\/v2\/product"}],"about":[{"href":"https:\/\/etriniche.com\/en\/wp-json\/wp\/v2\/types\/product"}],"version-history":[{"count":1,"href":"https:\/\/etriniche.com\/en\/wp-json\/wp\/v2\/product\/1766\/revisions"}],"predecessor-version":[{"id":1771,"href":"https:\/\/etriniche.com\/en\/wp-json\/wp\/v2\/product\/1766\/revisions\/1771"}],"wp:featuredmedia":[{"embeddable":true,"href":"https:\/\/etriniche.com\/en\/wp-json\/wp\/v2\/media\/1772"}],"wp:attachment":[{"href":"https:\/\/etriniche.com\/en\/wp-json\/wp\/v2\/media?parent=1766"}],"wp:term":[{"taxonomy":"product_brand","embeddable":true,"href":"https:\/\/etriniche.com\/en\/wp-json\/wp\/v2\/product_brand?post=1766"},{"taxonomy":"product_cat","embeddable":true,"href":"https:\/\/etriniche.com\/en\/wp-json\/wp\/v2\/product_cat?post=1766"},{"taxonomy":"product_tag","embeddable":true,"href":"https:\/\/etriniche.com\/en\/wp-json\/wp\/v2\/product_tag?post=1766"}],"curies":[{"name":"wp","href":"https:\/\/api.w.org\/{rel}","templated":true}]}}