{"id":1752,"date":"2025-12-03T09:16:47","date_gmt":"2025-12-03T09:16:47","guid":{"rendered":"https:\/\/etriniche.com\/?post_type=product&#038;p=1752"},"modified":"2025-12-03T09:18:56","modified_gmt":"2025-12-03T09:18:56","slug":"nishane-hundred-silent-ways-extrait-de-parfum","status":"publish","type":"product","link":"https:\/\/etriniche.com\/en\/magaza\/nishane-hundred-silent-ways-extrait-de-parfum\/","title":{"rendered":"Nishane Hundred Silent Ways Extrait de Parfum"},"content":{"rendered":"<p data-start=\"603\" data-end=\"878\"><strong data-start=\"603\" data-end=\"638\">Baz\u0131 kokular konu\u015fmaz, b\u00fcy\u00fcler\u2026<\/strong><br data-start=\"638\" data-end=\"641\" \/><strong data-start=\"641\" data-end=\"672\">Nishane Hundred Silent Ways<\/strong>, ismi gibi sessiz ama derin etkiler b\u0131rakan bir <strong data-start=\"721\" data-end=\"749\">unisex extrait de parfum<\/strong>. Tatl\u0131, \u00e7i\u00e7eksi ve pudral\u0131 dokular\u0131n zarif birle\u015fimiyle kad\u0131ns\u0131 yumu\u015fakl\u0131k ve erkeksi karizma aras\u0131nda m\u00fckemmel bir denge sunar.<\/p>\n<p data-start=\"880\" data-end=\"1183\">Parf\u00fcm a\u00e7\u0131l\u0131\u015fta <strong data-start=\"896\" data-end=\"909\">mandalina<\/strong>, <strong data-start=\"911\" data-end=\"922\">\u015feftali<\/strong> ve <strong data-start=\"926\" data-end=\"938\">tuberose<\/strong> (zambak) ile meyvemsi-\u00e7i\u00e7eksi bir ferahl\u0131kla ba\u015flar. Kalp notalar\u0131nda <strong data-start=\"1009\" data-end=\"1021\">gardenya<\/strong> ve <strong data-start=\"1025\" data-end=\"1036\">yasemin<\/strong>, kokuya zarif bir feminenlik katarken, dip notalarda <strong data-start=\"1090\" data-end=\"1101\">vanilya<\/strong>, <strong data-start=\"1103\" data-end=\"1119\">sandal a\u011fac\u0131<\/strong> ve <strong data-start=\"1123\" data-end=\"1134\">vetiver<\/strong>, tende s\u0131cak, \u015fehvetli ve kal\u0131c\u0131 bir iz b\u0131rak\u0131r.<\/p>\n<p data-start=\"1185\" data-end=\"1388\"><strong data-start=\"1185\" data-end=\"1208\">Hundred Silent Ways<\/strong>, romantik ak\u015famlar, \u00f6zel anlar ve g\u00fcnl\u00fck zarafet i\u00e7in m\u00fckemmel bir tercih. \u00d6zellikle \u201ctatl\u0131 ama bo\u011fmayan\u201d koku arayanlar i\u00e7in ni\u015f parf\u00fcm d\u00fcnyas\u0131nda k\u00fclt haline gelmi\u015f bir eserdir.<\/p>\n<p data-start=\"1390\" data-end=\"1594\">\u2714\ufe0f <strong data-start=\"1393\" data-end=\"1408\">Koku Grubu:<\/strong> Oryantal \u2013 \u00c7i\u00e7eksi \u2013 Tatl\u0131<br data-start=\"1435\" data-end=\"1438\" \/>\u2714\ufe0f <strong data-start=\"1441\" data-end=\"1454\">Cinsiyet:<\/strong> Unisex<br data-start=\"1461\" data-end=\"1464\" \/>\u2714\ufe0f <strong data-start=\"1467\" data-end=\"1487\">Kullan\u0131m Zaman\u0131:<\/strong> Sonbahar \/ K\u0131\u015f \u2013 Ak\u015fam &amp; \u00d6zel Anlar<br data-start=\"1523\" data-end=\"1526\" \/>\u2714\ufe0f <strong data-start=\"1529\" data-end=\"1543\">Kal\u0131c\u0131l\u0131k:<\/strong> 10\u201312 Saat<br data-start=\"1554\" data-end=\"1557\" \/>\u2714\ufe0f <strong data-start=\"1560\" data-end=\"1585\">\u0130z B\u0131rakma (Sillage):<\/strong> Y\u00fcksek<\/p>","protected":false},"excerpt":{"rendered":"<p data-start=\"581\" data-end=\"869\">Hundred Silent Ways, \u00e7i\u00e7eksi notalar ve vanilyayla zarif, tatl\u0131 ve kal\u0131c\u0131 bir unisex parf\u00fcm sunar. Sessizce b\u00fcy\u00fcleyen bir imza i\u00e7in \u015fimdi ke\u015ffedin!<\/p>","protected":false},"featured_media":1757,"template":"","meta":{"_joinchat":[]},"product_brand":[63],"product_cat":[15,82,135,81],"product_tag":[],"class_list":{"0":"post-1752","1":"product","2":"type-product","3":"status-publish","4":"has-post-thumbnail","6":"product_brand-nishane","7":"product_cat-tum-urunler","8":"product_cat-dekant","9":"product_cat-nishane","10":"product_cat-uniseks","12":"first","13":"instock","14":"taxable","15":"shipping-taxable","16":"purchasable","17":"product-type-variable"},"_links":{"self":[{"href":"https:\/\/etriniche.com\/en\/wp-json\/wp\/v2\/product\/1752","targetHints":{"allow":["GET"]}}],"collection":[{"href":"https:\/\/etriniche.com\/en\/wp-json\/wp\/v2\/product"}],"about":[{"href":"https:\/\/etriniche.com\/en\/wp-json\/wp\/v2\/types\/product"}],"version-history":[{"count":1,"href":"https:\/\/etriniche.com\/en\/wp-json\/wp\/v2\/product\/1752\/revisions"}],"predecessor-version":[{"id":1758,"href":"https:\/\/etriniche.com\/en\/wp-json\/wp\/v2\/product\/1752\/revisions\/1758"}],"wp:featuredmedia":[{"embeddable":true,"href":"https:\/\/etriniche.com\/en\/wp-json\/wp\/v2\/media\/1757"}],"wp:attachment":[{"href":"https:\/\/etriniche.com\/en\/wp-json\/wp\/v2\/media?parent=1752"}],"wp:term":[{"taxonomy":"product_brand","embeddable":true,"href":"https:\/\/etriniche.com\/en\/wp-json\/wp\/v2\/product_brand?post=1752"},{"taxonomy":"product_cat","embeddable":true,"href":"https:\/\/etriniche.com\/en\/wp-json\/wp\/v2\/product_cat?post=1752"},{"taxonomy":"product_tag","embeddable":true,"href":"https:\/\/etriniche.com\/en\/wp-json\/wp\/v2\/product_tag?post=1752"}],"curies":[{"name":"wp","href":"https:\/\/api.w.org\/{rel}","templated":true}]}}