{"id":1745,"date":"2025-12-03T09:14:22","date_gmt":"2025-12-03T09:14:22","guid":{"rendered":"https:\/\/etriniche.com\/?post_type=product&#038;p=1745"},"modified":"2025-12-03T09:15:29","modified_gmt":"2025-12-03T09:15:29","slug":"nishane-ani-extrait-de-parfum","status":"publish","type":"product","link":"https:\/\/etriniche.com\/en\/magaza\/nishane-ani-extrait-de-parfum\/","title":{"rendered":"Nishane Ani Extrait de Parfum"},"content":{"rendered":"<p data-start=\"553\" data-end=\"857\"><strong data-start=\"592\" data-end=\"607\">Nishane Ani<\/strong>, T\u00fcrkiye&#8217;nin kadim \u015fehirlerinden Ani Harabeleri\u2019nden ilham alarak olu\u015fturulmu\u015f, duygusal yo\u011funlu\u011fu y\u00fcksek bir <strong data-start=\"718\" data-end=\"746\">unisex extrait de parfum<\/strong>. Tatl\u0131l\u0131kla baharat\u0131n, duyguyla g\u00fcc\u00fcn bulu\u015ftu\u011fu bu e\u015fsiz koku, modern klasikler aras\u0131nda yerini alm\u0131\u015f durumda.<\/p>\n<p data-start=\"859\" data-end=\"1204\">Parf\u00fcm a\u00e7\u0131l\u0131\u015fta ferah <strong data-start=\"881\" data-end=\"893\">bergamot<\/strong>, keskin <strong data-start=\"902\" data-end=\"914\">zencefil<\/strong> ve <strong data-start=\"918\" data-end=\"937\">ye\u015fil notalarla<\/strong> enerjik bir ba\u015flang\u0131\u00e7 yapar. Kalp notas\u0131nda yer alan <strong data-start=\"991\" data-end=\"998\">g\u00fcl<\/strong>, <strong data-start=\"1000\" data-end=\"1012\">kardamom<\/strong> ve <strong data-start=\"1016\" data-end=\"1037\">siyah frenk \u00fcz\u00fcm\u00fc<\/strong>, tatl\u0131-baharatl\u0131 bir denge olu\u015ftururken, dip notalardaki <strong data-start=\"1095\" data-end=\"1106\">vanilya<\/strong>, <strong data-start=\"1108\" data-end=\"1124\">sandal a\u011fac\u0131<\/strong>, <strong data-start=\"1126\" data-end=\"1135\">amber<\/strong> ve <strong data-start=\"1139\" data-end=\"1147\">misk<\/strong>, kokunun kalbinde yo\u011fun, s\u0131cak ve kal\u0131c\u0131 bir iz b\u0131rak\u0131r.<\/p>\n<p data-start=\"1206\" data-end=\"1375\"><strong data-start=\"1206\" data-end=\"1213\">Ani<\/strong>, \u00f6zellikle tatl\u0131 ama bo\u011fmayan, derin ama modern bir koku arayan kad\u0131n ve erkekler i\u00e7in m\u00fckemmel bir se\u00e7imdir. G\u00fcnd\u00fcz \u015f\u0131kl\u0131\u011f\u0131na da gece zarafetine de uyum sa\u011flar.<\/p>\n<p data-start=\"1377\" data-end=\"1579\">\u2714\ufe0f <strong data-start=\"1380\" data-end=\"1395\">Koku Grubu:<\/strong> Oryantal \u2013 Tatl\u0131 \u2013 Baharatl\u0131<br data-start=\"1424\" data-end=\"1427\" \/>\u2714\ufe0f <strong data-start=\"1430\" data-end=\"1443\">Cinsiyet:<\/strong> Unisex<br data-start=\"1450\" data-end=\"1453\" \/>\u2714\ufe0f <strong data-start=\"1456\" data-end=\"1476\">Kullan\u0131m Zaman\u0131:<\/strong> Sonbahar \/ K\u0131\u015f \u2013 G\u00fcnl\u00fck &amp; Ak\u015fam<br data-start=\"1508\" data-end=\"1511\" \/>\u2714\ufe0f <strong data-start=\"1514\" data-end=\"1528\">Kal\u0131c\u0131l\u0131k:<\/strong> 10\u201312 Saat<br data-start=\"1539\" data-end=\"1542\" \/>\u2714\ufe0f <strong data-start=\"1545\" data-end=\"1570\">\u0130z B\u0131rakma (Sillage):<\/strong> Y\u00fcksek<\/p>","protected":false},"excerpt":{"rendered":"<p data-start=\"581\" data-end=\"869\">Nishane Ani, vanilya, zencefil ve misk notalar\u0131yla tatl\u0131, baharatl\u0131 ve derin bir unisex parf\u00fcmd\u00fcr. Kal\u0131c\u0131 ve etkileyici bir imza i\u00e7in \u015fimdi ke\u015ffedin!<\/p>","protected":false},"featured_media":1750,"template":"","meta":{"_joinchat":[]},"product_brand":[63],"product_cat":[15,82,135,81],"product_tag":[],"class_list":{"0":"post-1745","1":"product","2":"type-product","3":"status-publish","4":"has-post-thumbnail","6":"product_brand-nishane","7":"product_cat-tum-urunler","8":"product_cat-dekant","9":"product_cat-nishane","10":"product_cat-uniseks","12":"first","13":"instock","14":"taxable","15":"shipping-taxable","16":"purchasable","17":"product-type-variable"},"_links":{"self":[{"href":"https:\/\/etriniche.com\/en\/wp-json\/wp\/v2\/product\/1745","targetHints":{"allow":["GET"]}}],"collection":[{"href":"https:\/\/etriniche.com\/en\/wp-json\/wp\/v2\/product"}],"about":[{"href":"https:\/\/etriniche.com\/en\/wp-json\/wp\/v2\/types\/product"}],"version-history":[{"count":1,"href":"https:\/\/etriniche.com\/en\/wp-json\/wp\/v2\/product\/1745\/revisions"}],"predecessor-version":[{"id":1751,"href":"https:\/\/etriniche.com\/en\/wp-json\/wp\/v2\/product\/1745\/revisions\/1751"}],"wp:featuredmedia":[{"embeddable":true,"href":"https:\/\/etriniche.com\/en\/wp-json\/wp\/v2\/media\/1750"}],"wp:attachment":[{"href":"https:\/\/etriniche.com\/en\/wp-json\/wp\/v2\/media?parent=1745"}],"wp:term":[{"taxonomy":"product_brand","embeddable":true,"href":"https:\/\/etriniche.com\/en\/wp-json\/wp\/v2\/product_brand?post=1745"},{"taxonomy":"product_cat","embeddable":true,"href":"https:\/\/etriniche.com\/en\/wp-json\/wp\/v2\/product_cat?post=1745"},{"taxonomy":"product_tag","embeddable":true,"href":"https:\/\/etriniche.com\/en\/wp-json\/wp\/v2\/product_tag?post=1745"}],"curies":[{"name":"wp","href":"https:\/\/api.w.org\/{rel}","templated":true}]}}