{"id":1689,"date":"2025-12-02T11:29:56","date_gmt":"2025-12-02T11:29:56","guid":{"rendered":"https:\/\/etriniche.com\/?post_type=product&#038;p=1689"},"modified":"2025-12-02T11:33:11","modified_gmt":"2025-12-02T11:33:11","slug":"matiere-premiere-falcon-leather-eau-de-parfum","status":"publish","type":"product","link":"https:\/\/etriniche.com\/en\/magaza\/matiere-premiere-falcon-leather-eau-de-parfum\/","title":{"rendered":"Mati\u00e8re Premi\u00e8re Falcon Leather Eau de Parfum"},"content":{"rendered":"<p data-start=\"600\" data-end=\"884\"><strong data-start=\"600\" data-end=\"653\">G\u00fc\u00e7l\u00fc bir karakterin, asil bir iz b\u0131rakan kokusu\u2026<\/strong><br data-start=\"653\" data-end=\"656\" \/><strong data-start=\"656\" data-end=\"674\">Falcon Leather<\/strong>, Mati\u00e8re Premi\u00e8re&#8217;nin ni\u015f parf\u00fcm d\u00fcnyas\u0131na kazand\u0131rd\u0131\u011f\u0131 \u00e7arp\u0131c\u0131 ve s\u0131ra d\u0131\u015f\u0131 bir unisex parf\u00fcmd\u00fcr. Deri temas\u0131n\u0131 \u00f6n plana \u00e7\u0131karan bu kompozisyon, asaleti, \u00f6zg\u00fcveni ve karizmay\u0131 kokusal bir deneyime d\u00f6n\u00fc\u015ft\u00fcr\u00fcr.<\/p>\n<p data-start=\"886\" data-end=\"1156\">A\u00e7\u0131l\u0131\u015fta sizi kar\u015f\u0131layan safran, kokuya s\u0131cak ve baharatl\u0131 bir ba\u015flang\u0131\u00e7 kazand\u0131r\u0131r. Hemen ard\u0131ndan y\u00fckselen t\u00fcts\u00fc ve ak\u00e7aa\u011fa\u00e7 dokular\u0131, parf\u00fcme dumanl\u0131, gizemli ve derin bir boyut katarken, as\u0131l karakteri belirleyen deri notas\u0131 ise son derece zarif, rafine ve g\u00fc\u00e7l\u00fcd\u00fcr.<\/p>\n<p data-start=\"1158\" data-end=\"1424\"><strong data-start=\"1158\" data-end=\"1176\">Falcon Leather<\/strong>, sade ama \u00e7arp\u0131c\u0131, g\u00f6steri\u015fsiz ama unutulmaz bir iz b\u0131rakmak isteyen kullan\u0131c\u0131lar i\u00e7in idealdir. Hem kad\u0131nlar\u0131n hem erkeklerin teninde karakterli bir duru\u015f sergileyen bu parf\u00fcm, \u00f6zellikle sonbahar ve k\u0131\u015f aylar\u0131nda etkisini maksimum d\u00fczeye \u00e7\u0131kar\u0131r.<\/p>\n<p data-start=\"1426\" data-end=\"1636\">\u2714\ufe0f <strong data-start=\"1429\" data-end=\"1444\">Koku Grubu:<\/strong> Deri \u2013 Dumanl\u0131 \u2013 Baharatl\u0131<br data-start=\"1471\" data-end=\"1474\" \/>\u2714\ufe0f <strong data-start=\"1477\" data-end=\"1490\">Cinsiyet:<\/strong> Unisex<br data-start=\"1497\" data-end=\"1500\" \/>\u2714\ufe0f <strong data-start=\"1503\" data-end=\"1523\">Kullan\u0131m Zaman\u0131:<\/strong> Sonbahar \/ K\u0131\u015f \u2013 Ak\u015fam &amp; \u00d6zel Anlar<br data-start=\"1559\" data-end=\"1562\" \/>\u2714\ufe0f <strong data-start=\"1565\" data-end=\"1579\">Kal\u0131c\u0131l\u0131k:<\/strong> 8\u201310 Saat<br data-start=\"1589\" data-end=\"1592\" \/>\u2714\ufe0f <strong data-start=\"1595\" data-end=\"1620\">\u0130z B\u0131rakma (Sillage):<\/strong> Orta \u2013 Y\u00fcksek<\/p>","protected":false},"excerpt":{"rendered":"<p data-start=\"581\" data-end=\"869\">Falcon Leather, deri, t\u00fcts\u00fc ve safran notalar\u0131yla karanl\u0131k, yo\u011fun ve etkileyici bir unisex parf\u00fcm sunar. G\u00fc\u00e7l\u00fc bir imza arayanlar i\u00e7in. \u015eimdi ke\u015ffedin!<\/p>","protected":false},"featured_media":1694,"template":"","meta":{"_joinchat":[]},"product_brand":[131],"product_cat":[15,82,130,81],"product_tag":[],"class_list":{"0":"post-1689","1":"product","2":"type-product","3":"status-publish","4":"has-post-thumbnail","6":"product_brand-matiere-premiere","7":"product_cat-tum-urunler","8":"product_cat-dekant","9":"product_cat-matiere-premiere","10":"product_cat-uniseks","12":"first","13":"instock","14":"taxable","15":"shipping-taxable","16":"purchasable","17":"product-type-variable"},"_links":{"self":[{"href":"https:\/\/etriniche.com\/en\/wp-json\/wp\/v2\/product\/1689","targetHints":{"allow":["GET"]}}],"collection":[{"href":"https:\/\/etriniche.com\/en\/wp-json\/wp\/v2\/product"}],"about":[{"href":"https:\/\/etriniche.com\/en\/wp-json\/wp\/v2\/types\/product"}],"version-history":[{"count":1,"href":"https:\/\/etriniche.com\/en\/wp-json\/wp\/v2\/product\/1689\/revisions"}],"predecessor-version":[{"id":1695,"href":"https:\/\/etriniche.com\/en\/wp-json\/wp\/v2\/product\/1689\/revisions\/1695"}],"wp:featuredmedia":[{"embeddable":true,"href":"https:\/\/etriniche.com\/en\/wp-json\/wp\/v2\/media\/1694"}],"wp:attachment":[{"href":"https:\/\/etriniche.com\/en\/wp-json\/wp\/v2\/media?parent=1689"}],"wp:term":[{"taxonomy":"product_brand","embeddable":true,"href":"https:\/\/etriniche.com\/en\/wp-json\/wp\/v2\/product_brand?post=1689"},{"taxonomy":"product_cat","embeddable":true,"href":"https:\/\/etriniche.com\/en\/wp-json\/wp\/v2\/product_cat?post=1689"},{"taxonomy":"product_tag","embeddable":true,"href":"https:\/\/etriniche.com\/en\/wp-json\/wp\/v2\/product_tag?post=1689"}],"curies":[{"name":"wp","href":"https:\/\/api.w.org\/{rel}","templated":true}]}}