{"id":1682,"date":"2025-12-02T11:24:37","date_gmt":"2025-12-02T11:24:37","guid":{"rendered":"https:\/\/etriniche.com\/?post_type=product&#038;p=1682"},"modified":"2025-12-02T11:28:09","modified_gmt":"2025-12-02T11:28:09","slug":"mancera-roses-vanille-eau-de-parfum","status":"publish","type":"product","link":"https:\/\/etriniche.com\/en\/magaza\/mancera-roses-vanille-eau-de-parfum\/","title":{"rendered":"Mancera Roses Vanille Eau de Parfum"},"content":{"rendered":"<p data-start=\"565\" data-end=\"909\"><strong data-start=\"565\" data-end=\"636\">Romantizmin tatl\u0131 hali: G\u00fcl ve vanilyan\u0131n ba\u015f d\u00f6nd\u00fcren bulu\u015fmas\u0131&#8230;<\/strong><br data-start=\"636\" data-end=\"639\" \/><strong data-start=\"639\" data-end=\"664\">Mancera Roses Vanille<\/strong>, zarif g\u00fcl notalar\u0131yla a\u00e7\u0131lan ve tatl\u0131 vanilya ile derinle\u015fen b\u00fcy\u00fcleyici bir unisex parf\u00fcmd\u00fcr. Tatl\u0131, pudral\u0131 ve oryantal dokulara sahip olan bu koku, hem kad\u0131nlar\u0131n hem de erkeklerin cildinde farkl\u0131 ama e\u015fit derecede etkileyici bir iz b\u0131rak\u0131r.<\/p>\n<p data-start=\"911\" data-end=\"1182\">\u00dcst notalarda taze limon ve sulu g\u00fcl dokunu\u015fu parf\u00fcme ferah bir ba\u015flang\u0131\u00e7 kazand\u0131r\u0131r. Kalp notas\u0131nda \u015fekerli vanilya ile birle\u015fen bu \u00e7i\u00e7eksi tonlar, s\u0131cak ve romantik bir his sunar. Dip notalardaki misk ve sedir a\u011fac\u0131 ise kokuya kal\u0131c\u0131l\u0131k ve rafine bir \u015fehvet kazand\u0131r\u0131r.<\/p>\n<p data-start=\"1184\" data-end=\"1363\"><strong data-start=\"1184\" data-end=\"1201\">Roses Vanille<\/strong>, \u00f6zellikle k\u0131\u015f ve sonbahar aylar\u0131nda b\u00fcy\u00fcleyici bir etki yaratmak isteyenler i\u00e7in ideal. Gourmand (yenilesi tatl\u0131) kokular\u0131 sevenler i\u00e7in vazge\u00e7ilmez bir parf\u00fcm.<\/p>\n<p data-start=\"1365\" data-end=\"1567\">\u2714\ufe0f <strong data-start=\"1368\" data-end=\"1383\">Koku Grubu:<\/strong> Oryantal \u2013 \u00c7i\u00e7eksi \u2013 Tatl\u0131<br data-start=\"1410\" data-end=\"1413\" \/>\u2714\ufe0f <strong data-start=\"1416\" data-end=\"1429\">Cinsiyet:<\/strong> Unisex<br data-start=\"1436\" data-end=\"1439\" \/>\u2714\ufe0f <strong data-start=\"1442\" data-end=\"1462\">Kullan\u0131m Zaman\u0131:<\/strong> Sonbahar \/ K\u0131\u015f \u2013 Ak\u015fam &amp; \u00d6zel Anlar<br data-start=\"1498\" data-end=\"1501\" \/>\u2714\ufe0f <strong data-start=\"1504\" data-end=\"1518\">Kal\u0131c\u0131l\u0131k:<\/strong> 10+ Saat<br data-start=\"1527\" data-end=\"1530\" \/>\u2714\ufe0f <strong data-start=\"1533\" data-end=\"1558\">\u0130z B\u0131rakma (Sillage):<\/strong> Y\u00fcksek<\/p>","protected":false},"excerpt":{"rendered":"<p data-start=\"581\" data-end=\"869\">Roses Vanille, yo\u011fun g\u00fcl ve tatl\u0131 vanilya notalar\u0131yla zarif, \u015fehvetli ve kal\u0131c\u0131 bir unisex parf\u00fcmd\u00fcr. Gourmand parf\u00fcm severler i\u00e7in. \u015eimdi ke\u015ffedin!<\/p>","protected":false},"featured_media":1687,"template":"","meta":{"_joinchat":[]},"product_brand":[129],"product_cat":[15,82,128,81],"product_tag":[],"class_list":{"0":"post-1682","1":"product","2":"type-product","3":"status-publish","4":"has-post-thumbnail","6":"product_brand-mancera","7":"product_cat-tum-urunler","8":"product_cat-dekant","9":"product_cat-mancera","10":"product_cat-uniseks","12":"first","13":"instock","14":"taxable","15":"shipping-taxable","16":"purchasable","17":"product-type-variable"},"_links":{"self":[{"href":"https:\/\/etriniche.com\/en\/wp-json\/wp\/v2\/product\/1682","targetHints":{"allow":["GET"]}}],"collection":[{"href":"https:\/\/etriniche.com\/en\/wp-json\/wp\/v2\/product"}],"about":[{"href":"https:\/\/etriniche.com\/en\/wp-json\/wp\/v2\/types\/product"}],"version-history":[{"count":1,"href":"https:\/\/etriniche.com\/en\/wp-json\/wp\/v2\/product\/1682\/revisions"}],"predecessor-version":[{"id":1688,"href":"https:\/\/etriniche.com\/en\/wp-json\/wp\/v2\/product\/1682\/revisions\/1688"}],"wp:featuredmedia":[{"embeddable":true,"href":"https:\/\/etriniche.com\/en\/wp-json\/wp\/v2\/media\/1687"}],"wp:attachment":[{"href":"https:\/\/etriniche.com\/en\/wp-json\/wp\/v2\/media?parent=1682"}],"wp:term":[{"taxonomy":"product_brand","embeddable":true,"href":"https:\/\/etriniche.com\/en\/wp-json\/wp\/v2\/product_brand?post=1682"},{"taxonomy":"product_cat","embeddable":true,"href":"https:\/\/etriniche.com\/en\/wp-json\/wp\/v2\/product_cat?post=1682"},{"taxonomy":"product_tag","embeddable":true,"href":"https:\/\/etriniche.com\/en\/wp-json\/wp\/v2\/product_tag?post=1682"}],"curies":[{"name":"wp","href":"https:\/\/api.w.org\/{rel}","templated":true}]}}