{"id":1675,"date":"2025-12-02T11:12:34","date_gmt":"2025-12-02T11:12:34","guid":{"rendered":"https:\/\/etriniche.com\/?post_type=product&#038;p=1675"},"modified":"2025-12-02T11:15:19","modified_gmt":"2025-12-02T11:15:19","slug":"maison-francis-kurkdjian-grand-soir-eau-de-parfum","status":"publish","type":"product","link":"https:\/\/etriniche.com\/en\/magaza\/maison-francis-kurkdjian-grand-soir-eau-de-parfum\/","title":{"rendered":"Maison Francis Kurkdjian Grand Soir Eau de Parfum"},"content":{"rendered":"<p data-start=\"610\" data-end=\"885\"><strong data-start=\"610\" data-end=\"657\">Sofistike bir gece, zarif bir ten kokusu&#8230;<\/strong><br data-start=\"657\" data-end=\"660\" \/><strong data-start=\"660\" data-end=\"674\">Grand Soir<\/strong>, parf\u00fcm d\u00fcnyas\u0131n\u0131n en sayg\u0131n isimlerinden Francis Kurkdjian\u2019\u0131n, geceye adanm\u0131\u015f b\u00fcy\u00fcleyici bir yorumudur. Sade ama etkili notalarla olu\u015fturulmu\u015f bu unisex parf\u00fcm, s\u0131cakl\u0131\u011f\u0131n, derinli\u011fin ve \u015f\u0131kl\u0131\u011f\u0131n birle\u015fimidir.<\/p>\n<p data-start=\"887\" data-end=\"1162\">A\u00e7\u0131l\u0131\u015fta tatl\u0131 ama asla yap\u0131\u015fkan olmayan amber notas\u0131 sizi sarar. Vanilya ve tonka fasulyesiyle birle\u015fen bu s\u0131cak dokunu\u015f, parf\u00fcme ba\u015ftan \u00e7\u0131kar\u0131c\u0131 ve kremams\u0131 bir karakter kazand\u0131r\u0131r. Hafif re\u00e7ineli ve balsamik altyap\u0131 ise teninizde saatlerce kal\u0131c\u0131 ve l\u00fcks bir etki yarat\u0131r.<\/p>\n<p data-start=\"1164\" data-end=\"1358\"><strong data-start=\"1164\" data-end=\"1178\">Grand Soir<\/strong>, adeta bir smokin ya da zarif bir gece elbisesi gibi&#8230; \u00d6zel davetlerde, romantik anlarda ya da sadece kendinize vakit ay\u0131rd\u0131\u011f\u0131n\u0131z \u015f\u0131k bir gecede e\u015flik edebilecek nadide bir koku.<\/p>\n<p data-start=\"1360\" data-end=\"1567\">\u2714\ufe0f <strong data-start=\"1363\" data-end=\"1378\">Koku Grubu:<\/strong> Oryantal \u2013 Amber \u2013 Balsamik<br data-start=\"1406\" data-end=\"1409\" \/>\u2714\ufe0f <strong data-start=\"1412\" data-end=\"1425\">Cinsiyet:<\/strong> Unisex<br data-start=\"1432\" data-end=\"1435\" \/>\u2714\ufe0f <strong data-start=\"1438\" data-end=\"1458\">Kullan\u0131m Zaman\u0131:<\/strong> Sonbahar \/ K\u0131\u015f \u2013 Ak\u015fam &amp; \u00d6zel Geceler<br data-start=\"1496\" data-end=\"1499\" \/>\u2714\ufe0f <strong data-start=\"1502\" data-end=\"1516\">Kal\u0131c\u0131l\u0131k:<\/strong> 10-12 Saat<br data-start=\"1527\" data-end=\"1530\" \/>\u2714\ufe0f <strong data-start=\"1533\" data-end=\"1558\">\u0130z B\u0131rakma (Sillage):<\/strong> Y\u00fcksek<\/p>","protected":false},"excerpt":{"rendered":"<p data-start=\"581\" data-end=\"869\">Grand Soir, amber, vanilya ve tonka fasulyesi ile s\u0131cak, zarif ve b\u00fcy\u00fcleyici bir unisex parf\u00fcm sunar. Geceye imzan\u0131z\u0131 b\u0131rak\u0131n. \u015eimdi ke\u015ffedin!<\/p>","protected":false},"featured_media":1680,"template":"","meta":{"_joinchat":[]},"product_brand":[127],"product_cat":[15,82,126,81],"product_tag":[],"class_list":{"0":"post-1675","1":"product","2":"type-product","3":"status-publish","4":"has-post-thumbnail","6":"product_brand-maison-francis-kurkdjian","7":"product_cat-tum-urunler","8":"product_cat-dekant","9":"product_cat-maison-francis-kurkdjian","10":"product_cat-uniseks","12":"first","13":"instock","14":"taxable","15":"shipping-taxable","16":"purchasable","17":"product-type-variable"},"_links":{"self":[{"href":"https:\/\/etriniche.com\/en\/wp-json\/wp\/v2\/product\/1675","targetHints":{"allow":["GET"]}}],"collection":[{"href":"https:\/\/etriniche.com\/en\/wp-json\/wp\/v2\/product"}],"about":[{"href":"https:\/\/etriniche.com\/en\/wp-json\/wp\/v2\/types\/product"}],"version-history":[{"count":1,"href":"https:\/\/etriniche.com\/en\/wp-json\/wp\/v2\/product\/1675\/revisions"}],"predecessor-version":[{"id":1681,"href":"https:\/\/etriniche.com\/en\/wp-json\/wp\/v2\/product\/1675\/revisions\/1681"}],"wp:featuredmedia":[{"embeddable":true,"href":"https:\/\/etriniche.com\/en\/wp-json\/wp\/v2\/media\/1680"}],"wp:attachment":[{"href":"https:\/\/etriniche.com\/en\/wp-json\/wp\/v2\/media?parent=1675"}],"wp:term":[{"taxonomy":"product_brand","embeddable":true,"href":"https:\/\/etriniche.com\/en\/wp-json\/wp\/v2\/product_brand?post=1675"},{"taxonomy":"product_cat","embeddable":true,"href":"https:\/\/etriniche.com\/en\/wp-json\/wp\/v2\/product_cat?post=1675"},{"taxonomy":"product_tag","embeddable":true,"href":"https:\/\/etriniche.com\/en\/wp-json\/wp\/v2\/product_tag?post=1675"}],"curies":[{"name":"wp","href":"https:\/\/api.w.org\/{rel}","templated":true}]}}