{"id":1668,"date":"2025-12-02T10:57:16","date_gmt":"2025-12-02T10:57:16","guid":{"rendered":"https:\/\/etriniche.com\/?post_type=product&#038;p=1668"},"modified":"2025-12-02T11:09:07","modified_gmt":"2025-12-02T11:09:07","slug":"maison-francis-kurkdjian-baccarat-rouge-540-eau-de-parfum","status":"publish","type":"product","link":"https:\/\/etriniche.com\/en\/magaza\/maison-francis-kurkdjian-baccarat-rouge-540-eau-de-parfum\/","title":{"rendered":"Maison Francis Kurkdjian Baccarat Rouge 540 Eau de Parfum"},"content":{"rendered":"<p data-start=\"604\" data-end=\"863\"><strong data-start=\"604\" data-end=\"660\">Bir koku de\u011fil, bir iz. Parlakl\u0131kla gelen zarafet&#8230;<\/strong><br data-start=\"660\" data-end=\"663\" \/>D\u00fcnyaca \u00fcnl\u00fc Frans\u0131z parf\u00fcm evi Maison Francis Kurkdjian\u2019\u0131n imzas\u0131n\u0131 ta\u015f\u0131yan <strong data-start=\"740\" data-end=\"762\">Baccarat Rouge 540<\/strong>, \u015feffaf zarafeti ve b\u00fcy\u00fcleyici kal\u0131c\u0131l\u0131\u011f\u0131yla ni\u015f parf\u00fcm d\u00fcnyas\u0131nda ger\u00e7ek bir ikon haline gelmi\u015ftir.<\/p>\n<p data-start=\"865\" data-end=\"1121\">Parf\u00fcm, \u00fcst notalarda safran ve yasemin ile zengin, ayd\u0131nl\u0131k bir a\u00e7\u0131l\u0131\u015f yapar. Kalp notas\u0131nda amberwood ve ambergris birle\u015ferek s\u0131cak, alt\u0131n rengi bir \u0131\u015f\u0131lt\u0131 hissi sunar. Dip notalardaki sedir a\u011fac\u0131 ve re\u00e7ineler ise kokunun l\u00fcks ve derin dokusunu vurgular.<\/p>\n<p data-start=\"1123\" data-end=\"1369\"><strong data-start=\"1123\" data-end=\"1145\">Baccarat Rouge 540<\/strong>, hem kad\u0131nlar hem de erkekler i\u00e7in tasarlanm\u0131\u015f unisex bir ba\u015fyap\u0131tt\u0131r. Az say\u0131da notayla maksimum etki yarat\u0131r. Girdi\u011finiz her ortamda sizi tan\u0131mlayan, teninizde imzaya d\u00f6n\u00fc\u015fen bir parf\u00fcm ar\u0131yorsan\u0131z, bu koku tam size g\u00f6re.<\/p>\n<p data-start=\"1371\" data-end=\"1576\">\u2714\ufe0f <strong data-start=\"1374\" data-end=\"1389\">Koku Grubu:<\/strong> Oryantal \u2013 Odunsu \u2013 Amber<br data-start=\"1415\" data-end=\"1418\" \/>\u2714\ufe0f <strong data-start=\"1421\" data-end=\"1434\">Cinsiyet:<\/strong> Unisex<br data-start=\"1441\" data-end=\"1444\" \/>\u2714\ufe0f <strong data-start=\"1447\" data-end=\"1467\">Kullan\u0131m Zaman\u0131:<\/strong> Sonbahar \/ K\u0131\u015f \u2013 Ak\u015fam &amp; \u00d6zel Anlar<br data-start=\"1503\" data-end=\"1506\" \/>\u2714\ufe0f <strong data-start=\"1509\" data-end=\"1523\">Kal\u0131c\u0131l\u0131k:<\/strong> 12+ Saat<br data-start=\"1532\" data-end=\"1535\" \/>\u2714\ufe0f <strong data-start=\"1538\" data-end=\"1563\">\u0130z B\u0131rakma (Sillage):<\/strong> \u00c7ok Y\u00fcksek<\/p>","protected":false},"excerpt":{"rendered":"<p data-start=\"581\" data-end=\"869\">Baccarat Rouge 540, amber, safran ve yaseminin e\u015fsiz birle\u015fimiyle b\u00fcy\u00fcleyici, kal\u0131c\u0131 ve unisex bir parf\u00fcmd\u00fcr. L\u00fcks kokunun tan\u0131m\u0131. \u015eimdi ke\u015ffedin!<\/p>","protected":false},"featured_media":1673,"template":"","meta":{"_joinchat":[]},"product_brand":[127],"product_cat":[15,82,126,81],"product_tag":[],"class_list":{"0":"post-1668","1":"product","2":"type-product","3":"status-publish","4":"has-post-thumbnail","6":"product_brand-maison-francis-kurkdjian","7":"product_cat-tum-urunler","8":"product_cat-dekant","9":"product_cat-maison-francis-kurkdjian","10":"product_cat-uniseks","12":"first","13":"instock","14":"taxable","15":"shipping-taxable","16":"purchasable","17":"product-type-variable"},"_links":{"self":[{"href":"https:\/\/etriniche.com\/en\/wp-json\/wp\/v2\/product\/1668","targetHints":{"allow":["GET"]}}],"collection":[{"href":"https:\/\/etriniche.com\/en\/wp-json\/wp\/v2\/product"}],"about":[{"href":"https:\/\/etriniche.com\/en\/wp-json\/wp\/v2\/types\/product"}],"version-history":[{"count":1,"href":"https:\/\/etriniche.com\/en\/wp-json\/wp\/v2\/product\/1668\/revisions"}],"predecessor-version":[{"id":1674,"href":"https:\/\/etriniche.com\/en\/wp-json\/wp\/v2\/product\/1668\/revisions\/1674"}],"wp:featuredmedia":[{"embeddable":true,"href":"https:\/\/etriniche.com\/en\/wp-json\/wp\/v2\/media\/1673"}],"wp:attachment":[{"href":"https:\/\/etriniche.com\/en\/wp-json\/wp\/v2\/media?parent=1668"}],"wp:term":[{"taxonomy":"product_brand","embeddable":true,"href":"https:\/\/etriniche.com\/en\/wp-json\/wp\/v2\/product_brand?post=1668"},{"taxonomy":"product_cat","embeddable":true,"href":"https:\/\/etriniche.com\/en\/wp-json\/wp\/v2\/product_cat?post=1668"},{"taxonomy":"product_tag","embeddable":true,"href":"https:\/\/etriniche.com\/en\/wp-json\/wp\/v2\/product_tag?post=1668"}],"curies":[{"name":"wp","href":"https:\/\/api.w.org\/{rel}","templated":true}]}}