{"id":1614,"date":"2025-11-30T13:17:43","date_gmt":"2025-11-30T13:17:43","guid":{"rendered":"https:\/\/etriniche.com\/?post_type=product&#038;p=1614"},"modified":"2025-11-30T13:20:27","modified_gmt":"2025-11-30T13:20:27","slug":"lorenzo-villoresi-teint-de-neige","status":"publish","type":"product","link":"https:\/\/etriniche.com\/en\/magaza\/lorenzo-villoresi-teint-de-neige\/","title":{"rendered":"Lorenzo Villoresi Teint de Neige"},"content":{"rendered":"<p data-start=\"617\" data-end=\"925\"><strong data-start=\"617\" data-end=\"690\">Kar tozunu and\u0131ran hafiflik, klasik bir pudra kokusuyla birle\u015fiyor&#8230;<\/strong><br data-start=\"690\" data-end=\"693\" \/><strong data-start=\"693\" data-end=\"711\">Teint de Neige<\/strong>, \u0130talyan ni\u015f parf\u00fcm evi Lorenzo Villoresi&#8217;nin en ikonik ve zamans\u0131z eserlerinden biridir. Frans\u0131zca\u2019da \u201ckar teni\u201d anlam\u0131na gelen bu zarif isim, kokunun yumu\u015fak, temiz ve pudral\u0131 do\u011fas\u0131n\u0131 m\u00fckemmel \u015fekilde yans\u0131t\u0131r.<\/p>\n<p data-start=\"927\" data-end=\"1219\">A\u00e7\u0131l\u0131\u015fta sizi yumu\u015fak g\u00fcl, yasemin ve ylang ylang \u00e7i\u00e7ekleri kar\u015f\u0131lar. Pudral\u0131 ve sabunsu bir his veren bu notalar, klasik parf\u00fcm severlerin kalbini fethedecek nostaljik bir etki yarat\u0131r. Kalp ve dip notalarda tonka fasulyesi, misk ve vanilya birle\u015ferek yo\u011fun ama bo\u011fmayan bir kal\u0131c\u0131l\u0131k sunar.<\/p>\n<p data-start=\"1221\" data-end=\"1403\"><strong data-start=\"1221\" data-end=\"1239\">Teint de Neige<\/strong>, narinli\u011fi ve zarafetiyle \u00f6zellikle pudral\u0131, sabunsu ve temiz kokular\u0131 tercih eden kad\u0131nlar (ve hatta unisex kullan\u0131m arayan erkekler) i\u00e7in ideal bir imza kokudur.<\/p>\n<p data-start=\"1405\" data-end=\"1655\">\u2714\ufe0f <strong data-start=\"1408\" data-end=\"1423\">Koku Grubu:<\/strong> Pudral\u0131 \u2013 \u00c7i\u00e7eksi \u2013 Tatl\u0131<br data-start=\"1449\" data-end=\"1452\" \/>\u2714\ufe0f <strong data-start=\"1455\" data-end=\"1468\">Cinsiyet:<\/strong> Kad\u0131n (Unisex olarak da tercih edilebilir)<br data-start=\"1511\" data-end=\"1514\" \/>\u2714\ufe0f <strong data-start=\"1517\" data-end=\"1537\">Kullan\u0131m Zaman\u0131:<\/strong> \u0130lkbahar \/ Sonbahar \u2013 G\u00fcnl\u00fck &amp; \u00d6zel Anlar<br data-start=\"1579\" data-end=\"1582\" \/>\u2714\ufe0f <strong data-start=\"1585\" data-end=\"1599\">Kal\u0131c\u0131l\u0131k:<\/strong> 10+ Saat<br data-start=\"1608\" data-end=\"1611\" \/>\u2714\ufe0f <strong data-start=\"1614\" data-end=\"1639\">\u0130z B\u0131rakma (Sillage):<\/strong> Orta \u2013 Y\u00fcksek<\/p>","protected":false},"excerpt":{"rendered":"<p data-start=\"581\" data-end=\"869\">Teint de Neige, pudral\u0131 \u00e7i\u00e7ekler ve vanilya ile yumu\u015fak, zarif ve nostaljik bir koku sunar. Kal\u0131c\u0131l\u0131\u011f\u0131yla b\u00fcy\u00fcleyen ikonik bir parf\u00fcm. \u015eimdi ke\u015ffedin!<\/p>","protected":false},"featured_media":1619,"template":"","meta":{"_joinchat":[]},"product_brand":[122],"product_cat":[15,82,119,121,81],"product_tag":[],"class_list":{"0":"post-1614","1":"product","2":"type-product","3":"status-publish","4":"has-post-thumbnail","6":"product_brand-lorenzo-villoresi","7":"product_cat-tum-urunler","8":"product_cat-dekant","9":"product_cat-les-indemodables","10":"product_cat-lorenzo-villoresi","11":"product_cat-uniseks","13":"first","14":"instock","15":"taxable","16":"shipping-taxable","17":"purchasable","18":"product-type-variable"},"_links":{"self":[{"href":"https:\/\/etriniche.com\/en\/wp-json\/wp\/v2\/product\/1614","targetHints":{"allow":["GET"]}}],"collection":[{"href":"https:\/\/etriniche.com\/en\/wp-json\/wp\/v2\/product"}],"about":[{"href":"https:\/\/etriniche.com\/en\/wp-json\/wp\/v2\/types\/product"}],"version-history":[{"count":1,"href":"https:\/\/etriniche.com\/en\/wp-json\/wp\/v2\/product\/1614\/revisions"}],"predecessor-version":[{"id":1620,"href":"https:\/\/etriniche.com\/en\/wp-json\/wp\/v2\/product\/1614\/revisions\/1620"}],"wp:featuredmedia":[{"embeddable":true,"href":"https:\/\/etriniche.com\/en\/wp-json\/wp\/v2\/media\/1619"}],"wp:attachment":[{"href":"https:\/\/etriniche.com\/en\/wp-json\/wp\/v2\/media?parent=1614"}],"wp:term":[{"taxonomy":"product_brand","embeddable":true,"href":"https:\/\/etriniche.com\/en\/wp-json\/wp\/v2\/product_brand?post=1614"},{"taxonomy":"product_cat","embeddable":true,"href":"https:\/\/etriniche.com\/en\/wp-json\/wp\/v2\/product_cat?post=1614"},{"taxonomy":"product_tag","embeddable":true,"href":"https:\/\/etriniche.com\/en\/wp-json\/wp\/v2\/product_tag?post=1614"}],"curies":[{"name":"wp","href":"https:\/\/api.w.org\/{rel}","templated":true}]}}