{"id":1607,"date":"2025-11-30T12:37:13","date_gmt":"2025-11-30T12:37:13","guid":{"rendered":"https:\/\/etriniche.com\/?post_type=product&#038;p=1607"},"modified":"2025-11-30T13:21:04","modified_gmt":"2025-11-30T13:21:04","slug":"les-indemodables-vanille-havane","status":"publish","type":"product","link":"https:\/\/etriniche.com\/en\/magaza\/les-indemodables-vanille-havane\/","title":{"rendered":"Les Indemodables Vanille Havane"},"content":{"rendered":"<p data-start=\"589\" data-end=\"900\"><strong data-start=\"589\" data-end=\"649\">Vanilyan\u0131n s\u0131cakl\u0131\u011f\u0131, t\u00fct\u00fcn\u00fcn rafineli\u011fiyle bulu\u015fuyor&#8230;<\/strong><br data-start=\"649\" data-end=\"652\" \/><strong data-start=\"652\" data-end=\"687\">Les Indemodables Vanille Havane<\/strong>, y\u00fcksek kaliteli hammaddelerle haz\u0131rlanm\u0131\u015f, sofistike ve \u015fehvetli bir <strong data-start=\"758\" data-end=\"779\">ni\u015f unisex parf\u00fcm<\/strong>d\u00fcr. Zarif ama iddial\u0131 duru\u015fuyla tatl\u0131 kokulardan ho\u015flanan ancak derinlik arayan koku severlerin favorisi olmaya adayd\u0131r.<\/p>\n<p data-start=\"902\" data-end=\"1206\">Parf\u00fcm a\u00e7\u0131l\u0131\u015fta taze ama gizemli bir baharat dokunu\u015fuyla sizi kar\u015f\u0131lar. Kalp notalar\u0131nda yer alan kaliteli vanilya \u00f6z\u00fc ve t\u00fct\u00fcn yapraklar\u0131, kokunun ruhunu belirler: s\u0131cak, sar\u0131c\u0131 ve \u00e7ekici. Dip notalarda sandal a\u011fac\u0131, amber ve misk birle\u015ferek tende uzun s\u00fcre kal\u0131c\u0131l\u0131k sa\u011flayan rafine bir son iz b\u0131rak\u0131r.<\/p>\n<p data-start=\"1208\" data-end=\"1369\"><strong data-start=\"1208\" data-end=\"1226\">Vanille Havane<\/strong>, klasik gourmand kokular\u0131n bir ad\u0131m \u00f6tesinde; ni\u015f kalite arayanlar i\u00e7in hem g\u00fcnd\u00fcz hem de ak\u015fam kullan\u0131labilecek \u00e7ok y\u00f6nl\u00fc bir imza kokusudur.<\/p>\n<p data-start=\"1371\" data-end=\"1572\">\u2714\ufe0f <strong data-start=\"1374\" data-end=\"1389\">Koku Grubu:<\/strong> Oryantal \u2013 Tatl\u0131 \u2013 T\u00fct\u00fcn<br data-start=\"1414\" data-end=\"1417\" \/>\u2714\ufe0f <strong data-start=\"1420\" data-end=\"1433\">Cinsiyet:<\/strong> Unisex<br data-start=\"1440\" data-end=\"1443\" \/>\u2714\ufe0f <strong data-start=\"1446\" data-end=\"1466\">Kullan\u0131m Zaman\u0131:<\/strong> Sonbahar \/ K\u0131\u015f \u2013 Ak\u015fam ve \u00d6zel Anlar<br data-start=\"1503\" data-end=\"1506\" \/>\u2714\ufe0f <strong data-start=\"1509\" data-end=\"1523\">Kal\u0131c\u0131l\u0131k:<\/strong> 10+ Saat<br data-start=\"1532\" data-end=\"1535\" \/>\u2714\ufe0f <strong data-start=\"1538\" data-end=\"1563\">\u0130z B\u0131rakma (Sillage):<\/strong> Y\u00fcksek<\/p>","protected":false},"excerpt":{"rendered":"<p data-start=\"581\" data-end=\"869\">Vanille Havane, vanilya ve t\u00fct\u00fcn notalar\u0131n\u0131n zarif uyumuyla \u015fehvetli, kal\u0131c\u0131 ve ni\u015f bir unisex parf\u00fcm sunar. L\u00fcks\u00fc teninizde hissedin. \u015eimdi ke\u015ffedin!<\/p>","protected":false},"featured_media":1611,"template":"","meta":{"_joinchat":[]},"product_brand":[120],"product_cat":[15,82,119,81],"product_tag":[],"class_list":{"0":"post-1607","1":"product","2":"type-product","3":"status-publish","4":"has-post-thumbnail","6":"product_brand-les-indemodables","7":"product_cat-tum-urunler","8":"product_cat-dekant","9":"product_cat-les-indemodables","10":"product_cat-uniseks","12":"first","13":"instock","14":"taxable","15":"shipping-taxable","16":"purchasable","17":"product-type-variable"},"_links":{"self":[{"href":"https:\/\/etriniche.com\/en\/wp-json\/wp\/v2\/product\/1607","targetHints":{"allow":["GET"]}}],"collection":[{"href":"https:\/\/etriniche.com\/en\/wp-json\/wp\/v2\/product"}],"about":[{"href":"https:\/\/etriniche.com\/en\/wp-json\/wp\/v2\/types\/product"}],"version-history":[{"count":1,"href":"https:\/\/etriniche.com\/en\/wp-json\/wp\/v2\/product\/1607\/revisions"}],"predecessor-version":[{"id":1613,"href":"https:\/\/etriniche.com\/en\/wp-json\/wp\/v2\/product\/1607\/revisions\/1613"}],"wp:featuredmedia":[{"embeddable":true,"href":"https:\/\/etriniche.com\/en\/wp-json\/wp\/v2\/media\/1611"}],"wp:attachment":[{"href":"https:\/\/etriniche.com\/en\/wp-json\/wp\/v2\/media?parent=1607"}],"wp:term":[{"taxonomy":"product_brand","embeddable":true,"href":"https:\/\/etriniche.com\/en\/wp-json\/wp\/v2\/product_brand?post=1607"},{"taxonomy":"product_cat","embeddable":true,"href":"https:\/\/etriniche.com\/en\/wp-json\/wp\/v2\/product_cat?post=1607"},{"taxonomy":"product_tag","embeddable":true,"href":"https:\/\/etriniche.com\/en\/wp-json\/wp\/v2\/product_tag?post=1607"}],"curies":[{"name":"wp","href":"https:\/\/api.w.org\/{rel}","templated":true}]}}