{"id":1582,"date":"2025-11-30T09:33:20","date_gmt":"2025-11-30T09:33:20","guid":{"rendered":"https:\/\/etriniche.com\/?post_type=product&#038;p=1582"},"modified":"2025-11-30T09:39:10","modified_gmt":"2025-11-30T09:39:10","slug":"lattafa-khamrah-parfum","status":"publish","type":"product","link":"https:\/\/etriniche.com\/en\/magaza\/lattafa-khamrah-parfum\/","title":{"rendered":"Lattafa Khamrah Parf\u00fcm"},"content":{"rendered":"<p data-start=\"571\" data-end=\"883\"><strong data-start=\"571\" data-end=\"654\">Tatl\u0131 baharatlar\u0131n, do\u011fu mistisizminin ve modern l\u00fcks\u00fcn bulu\u015ftu\u011fu bir parf\u00fcm&#8230;<\/strong><br data-start=\"654\" data-end=\"657\" \/><strong data-start=\"657\" data-end=\"676\">Lattafa Khamrah<\/strong>, tar\u00e7\u0131n ve vanilyan\u0131n s\u0131cakl\u0131\u011f\u0131 ile ba\u015ftan \u00e7\u0131kar\u0131c\u0131 bir oryantal deneyim sunuyor. Khamrah, \u00f6zellikle tatl\u0131 ve yo\u011fun parf\u00fcmleri seven kad\u0131n ve erkekler i\u00e7in tasarlanm\u0131\u015f unisex bir koku olarak dikkat \u00e7ekiyor.<\/p>\n<p data-start=\"885\" data-end=\"1181\">Parf\u00fcm\u00fcn a\u00e7\u0131l\u0131\u015f\u0131nda tar\u00e7\u0131n, bergamot ve hurma ile s\u0131cak ve zengin bir kar\u015f\u0131lamayla ba\u015flars\u0131n\u0131z. Kalp notalar\u0131nda pralin, s\u00fcmb\u00fclteber ve tonka fasulyesi, kokuya kremsi bir tatl\u0131l\u0131k ve derinlik katarken; alt notalarda vanilya, amber, m\u00fcr ve odunsu notalar tende ba\u015f d\u00f6nd\u00fcr\u00fcc\u00fc bir kal\u0131c\u0131l\u0131k b\u0131rak\u0131r.<\/p>\n<p data-start=\"1183\" data-end=\"1370\"><strong data-start=\"1183\" data-end=\"1202\">Lattafa Khamrah<\/strong>, \u00f6zellikle sonbahar ve k\u0131\u015f aylar\u0131nda \u00f6ne \u00e7\u0131kan, etkileyici ve uygun fiyatl\u0131 bir ni\u015f alternatifidir. Hem g\u00fcnl\u00fck kullan\u0131m hem de \u00f6zel ak\u015famlar i\u00e7in harika bir tercihtir.<\/p>\n<p data-start=\"1372\" data-end=\"1573\">\u2714\ufe0f <strong data-start=\"1375\" data-end=\"1390\">Koku Grubu:<\/strong> Oryantal \u2013 Tatl\u0131 \u2013 Baharatl\u0131<br data-start=\"1419\" data-end=\"1422\" \/>\u2714\ufe0f <strong data-start=\"1425\" data-end=\"1438\">Cinsiyet:<\/strong> Unisex<br data-start=\"1445\" data-end=\"1448\" \/>\u2714\ufe0f <strong data-start=\"1451\" data-end=\"1471\">Kullan\u0131m Zaman\u0131:<\/strong> Sonbahar \/ K\u0131\u015f \u2013 G\u00fcnl\u00fck &amp; Ak\u015fam<br data-start=\"1503\" data-end=\"1506\" \/>\u2714\ufe0f <strong data-start=\"1509\" data-end=\"1523\">Kal\u0131c\u0131l\u0131k:<\/strong> 8-10 Saat<br data-start=\"1533\" data-end=\"1536\" \/>\u2714\ufe0f <strong data-start=\"1539\" data-end=\"1564\">\u0130z B\u0131rakma (Sillage):<\/strong> Y\u00fcksek<\/p>","protected":false},"excerpt":{"rendered":"<p data-start=\"581\" data-end=\"869\">Lattafa Khamrah, tar\u00e7\u0131n, hurma ve vanilya notalar\u0131yla tatl\u0131, s\u0131cak ve ba\u015f d\u00f6nd\u00fcr\u00fcc\u00fc bir oryantal parf\u00fcm sunar. Kal\u0131c\u0131 ve etkileyici. \u015eimdi ke\u015ffedin!<\/p>","protected":false},"featured_media":1587,"template":"","meta":{"_joinchat":[]},"product_brand":[117,60],"product_cat":[15,82,118,81],"product_tag":[],"class_list":{"0":"post-1582","1":"product","2":"type-product","3":"status-publish","4":"has-post-thumbnail","6":"product_brand-lancome","7":"product_brand-lattafa","8":"product_cat-tum-urunler","9":"product_cat-dekant","10":"product_cat-lattafa","11":"product_cat-uniseks","13":"first","14":"instock","15":"taxable","16":"shipping-taxable","17":"purchasable","18":"product-type-variable"},"_links":{"self":[{"href":"https:\/\/etriniche.com\/en\/wp-json\/wp\/v2\/product\/1582","targetHints":{"allow":["GET"]}}],"collection":[{"href":"https:\/\/etriniche.com\/en\/wp-json\/wp\/v2\/product"}],"about":[{"href":"https:\/\/etriniche.com\/en\/wp-json\/wp\/v2\/types\/product"}],"version-history":[{"count":1,"href":"https:\/\/etriniche.com\/en\/wp-json\/wp\/v2\/product\/1582\/revisions"}],"predecessor-version":[{"id":1588,"href":"https:\/\/etriniche.com\/en\/wp-json\/wp\/v2\/product\/1582\/revisions\/1588"}],"wp:featuredmedia":[{"embeddable":true,"href":"https:\/\/etriniche.com\/en\/wp-json\/wp\/v2\/media\/1587"}],"wp:attachment":[{"href":"https:\/\/etriniche.com\/en\/wp-json\/wp\/v2\/media?parent=1582"}],"wp:term":[{"taxonomy":"product_brand","embeddable":true,"href":"https:\/\/etriniche.com\/en\/wp-json\/wp\/v2\/product_brand?post=1582"},{"taxonomy":"product_cat","embeddable":true,"href":"https:\/\/etriniche.com\/en\/wp-json\/wp\/v2\/product_cat?post=1582"},{"taxonomy":"product_tag","embeddable":true,"href":"https:\/\/etriniche.com\/en\/wp-json\/wp\/v2\/product_tag?post=1582"}],"curies":[{"name":"wp","href":"https:\/\/api.w.org\/{rel}","templated":true}]}}