{"id":1482,"date":"2025-11-28T13:25:43","date_gmt":"2025-11-28T13:25:43","guid":{"rendered":"https:\/\/etriniche.com\/?post_type=product&#038;p=1482"},"modified":"2025-11-29T13:29:03","modified_gmt":"2025-11-29T13:29:03","slug":"by-kilian-straight-to-heaven-erkek-parfum","status":"publish","type":"product","link":"https:\/\/etriniche.com\/en\/magaza\/by-kilian-straight-to-heaven-erkek-parfum\/","title":{"rendered":"By Kilian Straight to Heaven Erkek Parfum"},"content":{"rendered":"<p data-start=\"564\" data-end=\"856\"><strong data-start=\"564\" data-end=\"612\">Ad\u0131 gibi: Cennete giden dolamba\u00e7s\u0131z bir yol\u2026<\/strong><br data-start=\"612\" data-end=\"615\" \/><strong data-start=\"615\" data-end=\"647\">By Kilian Straight to Heaven<\/strong>, yo\u011fun, derin ve ba\u015ftan \u00e7\u0131kar\u0131c\u0131 bir deneyim sunan l\u00fcks bir erkek parf\u00fcm\u00fcd\u00fcr. Rom ve baharatl\u0131 notalar\u0131n \u00f6n planda oldu\u011fu bu sofistike koku; tutkulu, \u00f6zg\u00fcvenli ve fark edilmeyi seven erkekler i\u00e7in tasarland\u0131.<\/p>\n<p data-start=\"858\" data-end=\"1146\">A\u00e7\u0131l\u0131\u015fta sizi kar\u015f\u0131layan rom ve kuru meyveler, zengin ve s\u0131cak bir ilk izlenim yarat\u0131r. Kalp notas\u0131nda yer alan muskat ve pa\u00e7uli, kokunun karanl\u0131k ve ba\u015ftan \u00e7\u0131kar\u0131c\u0131 y\u00f6n\u00fcn\u00fc \u00f6ne \u00e7\u0131kar\u0131rken; vetiver, sedir a\u011fac\u0131 ve misk gibi dip notalar parf\u00fcme erkeksi bir derinlik ve uzun \u00f6m\u00fcr kazand\u0131r\u0131r.<\/p>\n<p data-start=\"1148\" data-end=\"1274\">Straight to Heaven; gece \u015f\u0131kl\u0131\u011f\u0131n\u0131 tamamlayan, \u00f6zg\u00fcn tarz\u0131n\u0131 kokusuyla yans\u0131tmak isteyen erkekler i\u00e7in adeta bir imza gibidir.<\/p>\n<p data-start=\"1276\" data-end=\"1481\">\u2714\ufe0f <strong data-start=\"1279\" data-end=\"1294\">Koku Grubu:<\/strong> Oryantal \u2013 Odunsu \u2013 Baharatl\u0131<br data-start=\"1324\" data-end=\"1327\" \/>\u2714\ufe0f <strong data-start=\"1330\" data-end=\"1343\">Cinsiyet:<\/strong> Erkek<br data-start=\"1349\" data-end=\"1352\" \/>\u2714\ufe0f <strong data-start=\"1355\" data-end=\"1375\">Kullan\u0131m Zaman\u0131:<\/strong> Sonbahar \/ K\u0131\u015f \u2013 Ak\u015fam ve \u00d6zel Anlar<br data-start=\"1412\" data-end=\"1415\" \/>\u2714\ufe0f <strong data-start=\"1418\" data-end=\"1432\">Kal\u0131c\u0131l\u0131k:<\/strong> 10+ Saat<br data-start=\"1441\" data-end=\"1444\" \/>\u2714\ufe0f <strong data-start=\"1447\" data-end=\"1472\">\u0130z B\u0131rakma (Sillage):<\/strong> Y\u00fcksek<\/p>","protected":false},"excerpt":{"rendered":"<p data-start=\"581\" data-end=\"869\">Straight to Heaven, rom, pa\u00e7uli ve miskin ba\u015f d\u00f6nd\u00fcr\u00fcc\u00fc birle\u015fimiyle yo\u011fun, mask\u00fclen ve \u00e7arp\u0131c\u0131 bir parf\u00fcm deneyimi sunar. \u015eimdi ke\u015ffedin!<\/p>","protected":false},"featured_media":1487,"template":"","meta":{"_joinchat":[]},"product_brand":[104],"product_cat":[15,103,82,80],"product_tag":[],"class_list":{"0":"post-1482","1":"product","2":"type-product","3":"status-publish","4":"has-post-thumbnail","6":"product_brand-by-kilian","7":"product_cat-tum-urunler","8":"product_cat-by-kilian","9":"product_cat-dekant","10":"product_cat-erkek","12":"first","13":"instock","14":"taxable","15":"shipping-taxable","16":"purchasable","17":"product-type-variable"},"_links":{"self":[{"href":"https:\/\/etriniche.com\/en\/wp-json\/wp\/v2\/product\/1482","targetHints":{"allow":["GET"]}}],"collection":[{"href":"https:\/\/etriniche.com\/en\/wp-json\/wp\/v2\/product"}],"about":[{"href":"https:\/\/etriniche.com\/en\/wp-json\/wp\/v2\/types\/product"}],"version-history":[{"count":1,"href":"https:\/\/etriniche.com\/en\/wp-json\/wp\/v2\/product\/1482\/revisions"}],"predecessor-version":[{"id":1488,"href":"https:\/\/etriniche.com\/en\/wp-json\/wp\/v2\/product\/1482\/revisions\/1488"}],"wp:featuredmedia":[{"embeddable":true,"href":"https:\/\/etriniche.com\/en\/wp-json\/wp\/v2\/media\/1487"}],"wp:attachment":[{"href":"https:\/\/etriniche.com\/en\/wp-json\/wp\/v2\/media?parent=1482"}],"wp:term":[{"taxonomy":"product_brand","embeddable":true,"href":"https:\/\/etriniche.com\/en\/wp-json\/wp\/v2\/product_brand?post=1482"},{"taxonomy":"product_cat","embeddable":true,"href":"https:\/\/etriniche.com\/en\/wp-json\/wp\/v2\/product_cat?post=1482"},{"taxonomy":"product_tag","embeddable":true,"href":"https:\/\/etriniche.com\/en\/wp-json\/wp\/v2\/product_tag?post=1482"}],"curies":[{"name":"wp","href":"https:\/\/api.w.org\/{rel}","templated":true}]}}