{"id":1389,"date":"2025-11-27T15:46:32","date_gmt":"2025-11-27T15:46:32","guid":{"rendered":"https:\/\/etriniche.com\/?post_type=product&#038;p=1389"},"modified":"2025-12-06T13:02:45","modified_gmt":"2025-12-06T13:02:45","slug":"initio-high-frequency-parfum","status":"publish","type":"product","link":"https:\/\/etriniche.com\/en\/magaza\/initio-high-frequency-parfum\/","title":{"rendered":"Initio High Frequency Parf\u00fcm"},"content":{"rendered":"<p data-start=\"549\" data-end=\"876\">Cazibenin titre\u015fimi art\u0131k teninizde&#8230; <strong data-start=\"588\" data-end=\"613\">Initio High Frequency<\/strong>, adeta duyular\u0131 frekansla uyaran, \u00e7i\u00e7eksi ve tatl\u0131 notalar\u0131n ba\u015f d\u00f6nd\u00fcr\u00fcc\u00fc uyumunu sunan unisex bir ba\u015fyap\u0131tt\u0131r. A\u015fk\u0131n enerjisini ve \u00e7ekim g\u00fcc\u00fcn\u00fc sembolize eden bu koku, hem kad\u0131nlar\u0131n hem erkeklerin \u00fczerinde farkl\u0131 ama ayn\u0131 derecede etkileyici bir etki yarat\u0131r.<\/p>\n<p data-start=\"878\" data-end=\"1132\">A\u00e7\u0131l\u0131\u015fta duyulan badem notas\u0131, parf\u00fcme s\u0131cak ve tatl\u0131 bir ba\u015flang\u0131\u00e7 yaparken; kalp notalar\u0131ndaki yasemin ve hedione, safl\u0131kla ba\u015ftan \u00e7\u0131kar\u0131c\u0131l\u0131\u011f\u0131 ustaca birle\u015ftirir. Dip notalarda ise vanilya ve sandal a\u011fac\u0131, kokuya derinlik ve yumu\u015fak bir zarafet katar.<\/p>\n<p data-start=\"1134\" data-end=\"1262\">High Frequency, s\u0131radan parf\u00fcmlerden uzak; y\u00fcksek enerjili, karakterli ve unutulmaz bir koku deneyimi arayanlar i\u00e7in tasarland\u0131.<\/p>\n<p data-start=\"1264\" data-end=\"1469\">\u2714\ufe0f <strong data-start=\"1267\" data-end=\"1282\">Koku Grubu:<\/strong> \u00c7i\u00e7eksi \u2013 Tatl\u0131 \u2013 Odunsu<br data-start=\"1307\" data-end=\"1310\" \/>\u2714\ufe0f <strong data-start=\"1313\" data-end=\"1326\">Cinsiyet:<\/strong> Unisex<br data-start=\"1333\" data-end=\"1336\" \/>\u2714\ufe0f <strong data-start=\"1339\" data-end=\"1359\">Kullan\u0131m Zaman\u0131:<\/strong> \u0130lkbahar \/ Yaz \u2013 G\u00fcnd\u00fcz ve Ak\u015fam<br data-start=\"1392\" data-end=\"1395\" \/>\u2714\ufe0f <strong data-start=\"1398\" data-end=\"1412\">Kal\u0131c\u0131l\u0131k:<\/strong> 8-10 Saat<br data-start=\"1422\" data-end=\"1425\" \/>\u2714\ufe0f <strong data-start=\"1428\" data-end=\"1453\">\u0130z B\u0131rakma (Sillage):<\/strong> Orta \u2013 Y\u00fcksek<\/p>","protected":false},"excerpt":{"rendered":"<p>Initio High Frequency, badem ve yaseminin b\u00fcy\u00fcleyici birle\u015fimiyle hem kad\u0131nlara hem erkeklere hitap eden \u00e7arp\u0131c\u0131 bir parf\u00fcm. \u015eimdi deneyimleyin!<\/p>","protected":false},"featured_media":2232,"template":"","meta":{"_joinchat":[]},"product_brand":[59],"product_cat":[15,82,94,81],"product_tag":[],"class_list":{"0":"post-1389","1":"product","2":"type-product","3":"status-publish","4":"has-post-thumbnail","6":"product_brand-inito","7":"product_cat-tum-urunler","8":"product_cat-dekant","9":"product_cat-initio","10":"product_cat-uniseks","12":"first","13":"instock","14":"taxable","15":"shipping-taxable","16":"purchasable","17":"product-type-variable"},"_links":{"self":[{"href":"https:\/\/etriniche.com\/en\/wp-json\/wp\/v2\/product\/1389","targetHints":{"allow":["GET"]}}],"collection":[{"href":"https:\/\/etriniche.com\/en\/wp-json\/wp\/v2\/product"}],"about":[{"href":"https:\/\/etriniche.com\/en\/wp-json\/wp\/v2\/types\/product"}],"version-history":[{"count":1,"href":"https:\/\/etriniche.com\/en\/wp-json\/wp\/v2\/product\/1389\/revisions"}],"predecessor-version":[{"id":1395,"href":"https:\/\/etriniche.com\/en\/wp-json\/wp\/v2\/product\/1389\/revisions\/1395"}],"wp:featuredmedia":[{"embeddable":true,"href":"https:\/\/etriniche.com\/en\/wp-json\/wp\/v2\/media\/2232"}],"wp:attachment":[{"href":"https:\/\/etriniche.com\/en\/wp-json\/wp\/v2\/media?parent=1389"}],"wp:term":[{"taxonomy":"product_brand","embeddable":true,"href":"https:\/\/etriniche.com\/en\/wp-json\/wp\/v2\/product_brand?post=1389"},{"taxonomy":"product_cat","embeddable":true,"href":"https:\/\/etriniche.com\/en\/wp-json\/wp\/v2\/product_cat?post=1389"},{"taxonomy":"product_tag","embeddable":true,"href":"https:\/\/etriniche.com\/en\/wp-json\/wp\/v2\/product_tag?post=1389"}],"curies":[{"name":"wp","href":"https:\/\/api.w.org\/{rel}","templated":true}]}}