{"id":1382,"date":"2025-11-27T15:44:34","date_gmt":"2025-11-27T15:44:34","guid":{"rendered":"https:\/\/etriniche.com\/?post_type=product&#038;p=1382"},"modified":"2025-12-06T13:01:08","modified_gmt":"2025-12-06T13:01:08","slug":"initio-addictive-vibration-parfum","status":"publish","type":"product","link":"https:\/\/etriniche.com\/en\/magaza\/initio-addictive-vibration-parfum\/","title":{"rendered":"Initio Addictive Vibration Parf\u00fcm"},"content":{"rendered":"<p data-start=\"560\" data-end=\"833\">Cildinize de\u011fdi\u011fi anda farkl\u0131 bir enerji, kar\u015f\u0131 konulmaz bir \u00e7ekim&#8230; <strong data-start=\"630\" data-end=\"660\">Initio Addictive Vibration<\/strong>, adeta isminin hakk\u0131n\u0131 verircesine ba\u011f\u0131ml\u0131l\u0131k yaratan bir parf\u00fcm. Feminenli\u011fin saf g\u00fcc\u00fcn\u00fc temsil eden bu e\u015fsiz koku, \u00e7i\u00e7eksi ve tatl\u0131 dokunu\u015flar\u0131n b\u00fcy\u00fcleyici uyumunu sunar.<\/p>\n<p data-start=\"835\" data-end=\"1092\">\u00dcst notalarda elma \u00e7i\u00e7e\u011fi ve portakal \u00e7i\u00e7e\u011fiyle zarif bir a\u00e7\u0131l\u0131\u015f yapan Addictive Vibration, kalp notalar\u0131nda bal ve vanilya ile s\u0131cak, duyusal bir deneyim sunar. Dip notalardaki misk ve amber ise parf\u00fcme derinlik ve ba\u015ftan \u00e7\u0131kar\u0131c\u0131 bir kal\u0131c\u0131l\u0131k kazand\u0131r\u0131r.<\/p>\n<p data-start=\"1094\" data-end=\"1209\">Bu parf\u00fcm, tutkunun tenle bulu\u015fmu\u015f hali. \u00d6zellikle \u00f6zel anlarda iz b\u0131rakmak isteyen kad\u0131nlar i\u00e7in imza niteli\u011finde.<\/p>\n<p data-start=\"1211\" data-end=\"1399\">\u2714\ufe0f <strong data-start=\"1214\" data-end=\"1229\">Koku Grubu:<\/strong> \u00c7i\u00e7eksi \u2013 Tatl\u0131 \u2013 Oryantal<br data-start=\"1256\" data-end=\"1259\" \/>\u2714\ufe0f <strong data-start=\"1262\" data-end=\"1275\">Cinsiyet:<\/strong> Kad\u0131n<br data-start=\"1281\" data-end=\"1284\" \/>\u2714\ufe0f <strong data-start=\"1287\" data-end=\"1307\">Kullan\u0131m Zaman\u0131:<\/strong> Ak\u015fam \/ \u00d6zel Davetler<br data-start=\"1329\" data-end=\"1332\" \/>\u2714\ufe0f <strong data-start=\"1335\" data-end=\"1349\">Kal\u0131c\u0131l\u0131k:<\/strong> 8-10 Saat<br data-start=\"1359\" data-end=\"1362\" \/>\u2714\ufe0f <strong data-start=\"1365\" data-end=\"1390\">\u0130z B\u0131rakma (Sillage):<\/strong> Y\u00fcksek<\/p>","protected":false},"excerpt":{"rendered":"<p>Initio Addictive Vibration, \u00e7i\u00e7eksi ve bal notalar\u0131yla feminenli\u011fin en \u00e7ekici hali. Tenle b\u00fct\u00fcnle\u015fen kal\u0131c\u0131 ve ba\u015ftan \u00e7\u0131kar\u0131c\u0131 bir deneyim. \u015eimdi ke\u015ffedin!<\/p>","protected":false},"featured_media":2231,"template":"","meta":{"_joinchat":[]},"product_brand":[59],"product_cat":[15,82,94,81],"product_tag":[],"class_list":{"0":"post-1382","1":"product","2":"type-product","3":"status-publish","4":"has-post-thumbnail","6":"product_brand-inito","7":"product_cat-tum-urunler","8":"product_cat-dekant","9":"product_cat-initio","10":"product_cat-uniseks","12":"first","13":"instock","14":"taxable","15":"shipping-taxable","16":"purchasable","17":"product-type-variable"},"_links":{"self":[{"href":"https:\/\/etriniche.com\/en\/wp-json\/wp\/v2\/product\/1382","targetHints":{"allow":["GET"]}}],"collection":[{"href":"https:\/\/etriniche.com\/en\/wp-json\/wp\/v2\/product"}],"about":[{"href":"https:\/\/etriniche.com\/en\/wp-json\/wp\/v2\/types\/product"}],"version-history":[{"count":1,"href":"https:\/\/etriniche.com\/en\/wp-json\/wp\/v2\/product\/1382\/revisions"}],"predecessor-version":[{"id":1388,"href":"https:\/\/etriniche.com\/en\/wp-json\/wp\/v2\/product\/1382\/revisions\/1388"}],"wp:featuredmedia":[{"embeddable":true,"href":"https:\/\/etriniche.com\/en\/wp-json\/wp\/v2\/media\/2231"}],"wp:attachment":[{"href":"https:\/\/etriniche.com\/en\/wp-json\/wp\/v2\/media?parent=1382"}],"wp:term":[{"taxonomy":"product_brand","embeddable":true,"href":"https:\/\/etriniche.com\/en\/wp-json\/wp\/v2\/product_brand?post=1382"},{"taxonomy":"product_cat","embeddable":true,"href":"https:\/\/etriniche.com\/en\/wp-json\/wp\/v2\/product_cat?post=1382"},{"taxonomy":"product_tag","embeddable":true,"href":"https:\/\/etriniche.com\/en\/wp-json\/wp\/v2\/product_tag?post=1382"}],"curies":[{"name":"wp","href":"https:\/\/api.w.org\/{rel}","templated":true}]}}