{"id":1375,"date":"2025-11-27T15:38:08","date_gmt":"2025-11-27T15:38:08","guid":{"rendered":"https:\/\/etriniche.com\/?post_type=product&#038;p=1375"},"modified":"2025-12-06T12:58:57","modified_gmt":"2025-12-06T12:58:57","slug":"initio-atomic-rose-parfum","status":"publish","type":"product","link":"https:\/\/etriniche.com\/en\/magaza\/initio-atomic-rose-parfum\/","title":{"rendered":"Initio Atomic Rose Parf\u00fcm"},"content":{"rendered":"<p data-start=\"489\" data-end=\"716\">G\u00fcl hi\u00e7bir zaman bu kadar \u00e7arp\u0131c\u0131 olmam\u0131\u015ft\u0131\u2026 <strong data-start=\"534\" data-end=\"556\">Initio Atomic Rose<\/strong>, adeta duygular\u0131 ate\u015fleyen patlay\u0131c\u0131 bir koku deneyimi sunar. Unisex yap\u0131s\u0131yla hem kad\u0131n hem erkek cildinde farkl\u0131 ama e\u015fit derecede etkileyici bir iz b\u0131rak\u0131r.<\/p>\n<p data-start=\"718\" data-end=\"995\">Parf\u00fcm\u00fcn a\u00e7\u0131l\u0131\u015f\u0131nda \u0130talyan bergamotu ve pembe biber sizi kar\u015f\u0131lar; hemen ard\u0131ndan gelen T\u00fcrk g\u00fcl\u00fc ve Bulgar g\u00fcl\u00fc notalar\u0131, kokunun kalbini olu\u015fturur. Bu \u00e7i\u00e7eksi zarafet, alt notalardaki vanilya ve amberle birle\u015ferek s\u0131cak, ba\u015ftan \u00e7\u0131kar\u0131c\u0131 ve ba\u011f\u0131ml\u0131l\u0131k yaratan bir iz b\u0131rak\u0131r.<\/p>\n<p data-start=\"997\" data-end=\"1128\"><strong data-start=\"997\" data-end=\"1012\">Atomic Rose<\/strong>, kendine g\u00fcvenen, dikkat \u00e7ekmeyi seven ve duygular\u0131n\u0131 kokusuyla ifade etmek isteyen herkesin imza parf\u00fcm\u00fc olabilir.<\/p>\n<p data-start=\"1130\" data-end=\"1320\">\u2714\ufe0f <strong data-start=\"1133\" data-end=\"1148\">Koku Grubu:<\/strong> \u00c7i\u00e7eksi \u2013 Baharatl\u0131 \u2013 Amber<br data-start=\"1176\" data-end=\"1179\" \/>\u2714\ufe0f <strong data-start=\"1182\" data-end=\"1195\">Cinsiyet:<\/strong> Unisex<br data-start=\"1202\" data-end=\"1205\" \/>\u2714\ufe0f <strong data-start=\"1208\" data-end=\"1228\">Kullan\u0131m Zaman\u0131:<\/strong> Ak\u015fam \u2013 \u00d6zel Anlar<br data-start=\"1247\" data-end=\"1250\" \/>\u2714\ufe0f <strong data-start=\"1253\" data-end=\"1267\">Kal\u0131c\u0131l\u0131k:<\/strong> 10+ Saat<br data-start=\"1276\" data-end=\"1279\" \/>\u2714\ufe0f <strong data-start=\"1282\" data-end=\"1307\">\u0130z B\u0131rakma (Sillage):<\/strong> \u00c7ok Y\u00fcksek<\/p>","protected":false},"excerpt":{"rendered":"<p>Atomic Rose, g\u00fcl\u00fcn en cesur hali. Baharatl\u0131 ve ba\u015f d\u00f6nd\u00fcr\u00fcc\u00fc bir deneyim arayan kad\u0131nlar ve erkekler i\u00e7in unisex bir ba\u015fyap\u0131t. \u015eimdi ke\u015ffedin!<\/p>","protected":false},"featured_media":2230,"template":"","meta":{"_joinchat":[]},"product_brand":[59],"product_cat":[15,82,94,81],"product_tag":[],"class_list":{"0":"post-1375","1":"product","2":"type-product","3":"status-publish","4":"has-post-thumbnail","6":"product_brand-inito","7":"product_cat-tum-urunler","8":"product_cat-dekant","9":"product_cat-initio","10":"product_cat-uniseks","12":"first","13":"instock","14":"taxable","15":"shipping-taxable","16":"purchasable","17":"product-type-variable"},"_links":{"self":[{"href":"https:\/\/etriniche.com\/en\/wp-json\/wp\/v2\/product\/1375","targetHints":{"allow":["GET"]}}],"collection":[{"href":"https:\/\/etriniche.com\/en\/wp-json\/wp\/v2\/product"}],"about":[{"href":"https:\/\/etriniche.com\/en\/wp-json\/wp\/v2\/types\/product"}],"version-history":[{"count":1,"href":"https:\/\/etriniche.com\/en\/wp-json\/wp\/v2\/product\/1375\/revisions"}],"predecessor-version":[{"id":1381,"href":"https:\/\/etriniche.com\/en\/wp-json\/wp\/v2\/product\/1375\/revisions\/1381"}],"wp:featuredmedia":[{"embeddable":true,"href":"https:\/\/etriniche.com\/en\/wp-json\/wp\/v2\/media\/2230"}],"wp:attachment":[{"href":"https:\/\/etriniche.com\/en\/wp-json\/wp\/v2\/media?parent=1375"}],"wp:term":[{"taxonomy":"product_brand","embeddable":true,"href":"https:\/\/etriniche.com\/en\/wp-json\/wp\/v2\/product_brand?post=1375"},{"taxonomy":"product_cat","embeddable":true,"href":"https:\/\/etriniche.com\/en\/wp-json\/wp\/v2\/product_cat?post=1375"},{"taxonomy":"product_tag","embeddable":true,"href":"https:\/\/etriniche.com\/en\/wp-json\/wp\/v2\/product_tag?post=1375"}],"curies":[{"name":"wp","href":"https:\/\/api.w.org\/{rel}","templated":true}]}}